{"id":19,"date":"2013-11-01T10:12:29","date_gmt":"2013-11-01T10:12:29","guid":{"rendered":"http:\/\/sktthemesdemo.net\/yoga\/?page_id=19"},"modified":"2022-12-17T18:54:52","modified_gmt":"2022-12-17T17:54:52","slug":"contact","status":"publish","type":"page","link":"https:\/\/www.psytra.fr\/index.php\/contact\/","title":{"rendered":"Contact"},"content":{"rendered":"\n<div class=\"wpcf7 no-js\" id=\"wpcf7-f7-o1\" lang=\"fr-FR\" dir=\"ltr\" data-wpcf7-id=\"7\">\n<div class=\"screen-reader-response\"><p role=\"status\" aria-live=\"polite\" aria-atomic=\"true\"><\/p> <ul><\/ul><\/div>\n<form action=\"\/index.php\/wp-json\/wp\/v2\/pages\/19#wpcf7-f7-o1\" method=\"post\" class=\"wpcf7-form init\" aria-label=\"Formulaire de contact\" novalidate=\"novalidate\" data-status=\"init\">\n<fieldset class=\"hidden-fields-container\"><input type=\"hidden\" name=\"_wpcf7\" value=\"7\" \/><input type=\"hidden\" name=\"_wpcf7_version\" value=\"6.1.5\" \/><input type=\"hidden\" name=\"_wpcf7_locale\" value=\"fr_FR\" \/><input type=\"hidden\" name=\"_wpcf7_unit_tag\" value=\"wpcf7-f7-o1\" \/><input type=\"hidden\" name=\"_wpcf7_container_post\" value=\"0\" \/><input type=\"hidden\" name=\"_wpcf7_posted_data_hash\" value=\"\" \/><input type=\"hidden\" name=\"_wpcf7_recaptcha_response\" value=\"\" \/>\n<\/fieldset>\n<p><label> Votre nom (obligatoire)<br \/>\n<span class=\"wpcf7-form-control-wrap\" data-name=\"your-name\"><input size=\"40\" maxlength=\"400\" class=\"wpcf7-form-control wpcf7-text wpcf7-validates-as-required\" aria-required=\"true\" aria-invalid=\"false\" value=\"\" type=\"text\" name=\"your-name\" \/><\/span> <\/label>\n<\/p>\n<p><label> Votre adresse de messagerie (obligatoire)<br \/>\n<span class=\"wpcf7-form-control-wrap\" data-name=\"your-email\"><input size=\"40\" maxlength=\"400\" class=\"wpcf7-form-control wpcf7-email wpcf7-validates-as-required wpcf7-text wpcf7-validates-as-email\" aria-required=\"true\" aria-invalid=\"false\" value=\"\" type=\"email\" name=\"your-email\" \/><\/span> <\/label>\n<\/p>\n<p><label> Objet<br \/>\n<span class=\"wpcf7-form-control-wrap\" data-name=\"your-subject\"><input size=\"40\" maxlength=\"400\" class=\"wpcf7-form-control wpcf7-text\" aria-invalid=\"false\" value=\"\" type=\"text\" name=\"your-subject\" \/><\/span> <\/label>\n<\/p>\n<p><label> Votre message<br \/>\n<span class=\"wpcf7-form-control-wrap\" data-name=\"your-message\"><textarea cols=\"40\" rows=\"10\" maxlength=\"2000\" class=\"wpcf7-form-control wpcf7-textarea\" aria-invalid=\"false\" name=\"your-message\"><\/textarea><\/span> <\/label>\n<\/p>\n<p><input class=\"wpcf7-form-control wpcf7-submit has-spinner\" type=\"submit\" value=\"Envoyer\" \/>\n<\/p><p style=\"display: none !important;\" class=\"akismet-fields-container\" data-prefix=\"_wpcf7_ak_\"><label>&#916;<textarea name=\"_wpcf7_ak_hp_textarea\" cols=\"45\" rows=\"8\" maxlength=\"100\"><\/textarea><\/label><input type=\"hidden\" id=\"ak_js_1\" name=\"_wpcf7_ak_js\" value=\"35\"\/><script type=\"text\/javascript\">\n\/* <![CDATA[ *\/\ndocument.getElementById( \"ak_js_1\" ).setAttribute( \"value\", ( new Date() ).getTime() );\n\/* ]]> *\/\n<\/script>\n<\/p><div class=\"wpcf7-response-output\" aria-hidden=\"true\"><\/div>\n<\/form>\n<\/div>\n\n\n\n\n<p>&#8211;<\/p>\n\n\n\n<h3 class=\"wp-block-heading\">Rendez-vous par Doctolib en <a aria-label=\"cliquant ici (s\u2019ouvre dans un nouvel onglet)\" rel=\"noreferrer noopener\" href=\"https:\/\/www.doctolib.fr\/psychologue\/batzendorf\/mickael-petrazoller\" target=\"_blank\">cliquant ici<\/a>.<\/h3>\n\n\n\n<p>&#8211;<\/p>\n\n\n\n<figure><iframe loading=\"lazy\" src=\"https:\/\/www.google.com\/maps\/embed?pb=!1m18!1m12!1m3!1d2627.5072534761916!2d7.7937901158360186!3d48.81038231203959!2m3!1f0!2f0!3f0!3m2!1i1024!2i768!4f13.1!3m3!1m2!1s0x4796ebdf5d6cc4a1%3A0xf1ef0caeb78ade97!2sMicka%C3%ABl%20PETRAZOLLER!5e0!3m2!1sfr!2sfr!4v1671289632729!5m2!1sfr!2sfr\" allowfullscreen=\"\" width=\"100%\" height=\"450\"><\/iframe><\/figure>\n\n\n\n<p><\/p>\n","protected":false},"excerpt":{"rendered":"<p>&#8211; Rendez-vous par Doctolib en cliquant ici. &#8211;<\/p>\n","protected":false},"author":2,"featured_media":565,"parent":0,"menu_order":0,"comment_status":"closed","ping_status":"closed","template":"left-sidebar.php","meta":{"footnotes":""},"class_list":["post-19","page","type-page","status-publish","has-post-thumbnail","hentry"],"featured_image_urls_v2":{"full":["https:\/\/www.psytra.fr\/wp-content\/uploads\/2019\/11\/cabine-petrazoller-haguenau-psychologue-niederbronn-les-bains-copie.jpg",1420,669,false],"thumbnail":["https:\/\/www.psytra.fr\/wp-content\/uploads\/2019\/11\/cabine-petrazoller-haguenau-psychologue-niederbronn-les-bains-copie-150x150.jpg",150,150,true],"medium":["https:\/\/www.psytra.fr\/wp-content\/uploads\/2019\/11\/cabine-petrazoller-haguenau-psychologue-niederbronn-les-bains-copie-300x141.jpg",300,141,true],"medium_large":["https:\/\/www.psytra.fr\/wp-content\/uploads\/2019\/11\/cabine-petrazoller-haguenau-psychologue-niederbronn-les-bains-copie-768x362.jpg",768,362,true],"large":["https:\/\/www.psytra.fr\/wp-content\/uploads\/2019\/11\/cabine-petrazoller-haguenau-psychologue-niederbronn-les-bains-copie-1024x482.jpg",1024,482,true],"1536x1536":["https:\/\/www.psytra.fr\/wp-content\/uploads\/2019\/11\/cabine-petrazoller-haguenau-psychologue-niederbronn-les-bains-copie.jpg",1420,669,false],"2048x2048":["https:\/\/www.psytra.fr\/wp-content\/uploads\/2019\/11\/cabine-petrazoller-haguenau-psychologue-niederbronn-les-bains-copie.jpg",1420,669,false],"homepage-thumb":["https:\/\/www.psytra.fr\/wp-content\/uploads\/2019\/11\/cabine-petrazoller-haguenau-psychologue-niederbronn-les-bains-copie-240x145.jpg",240,145,true]},"post_excerpt_stackable_v2":"<p>Votre nom (obligatoire) Votre adresse de messagerie (obligatoire) Objet Votre message &#916; &#8211; Rendez-vous par Doctolib en cliquant ici. &#8211;<\/p>\n","category_list_v2":"","author_info_v2":{"name":"webmaster","url":"https:\/\/www.psytra.fr\/index.php\/author\/webmaster\/"},"comments_num_v2":"0 commentaire","yoast_head":"<!-- This site is optimized with the Yoast SEO plugin v26.6 - https:\/\/yoast.com\/wordpress\/plugins\/seo\/ -->\n<title>Micka\u00ebl Petrazoller Psychologue Haguenau<\/title>\n<meta name=\"robots\" content=\"index, follow, max-snippet:-1, max-image-preview:large, max-video-preview:-1\" \/>\n<link rel=\"canonical\" href=\"https:\/\/www.psytra.fr\/index.php\/contact\/\" \/>\n<meta property=\"og:locale\" content=\"fr_FR\" \/>\n<meta property=\"og:type\" content=\"article\" \/>\n<meta property=\"og:title\" content=\"Micka\u00ebl Petrazoller Psychologue Haguenau\" \/>\n<meta property=\"og:description\" content=\"&#8211; Rendez-vous par Doctolib en cliquant ici. &#8211;\" \/>\n<meta property=\"og:url\" content=\"https:\/\/www.psytra.fr\/index.php\/contact\/\" \/>\n<meta property=\"og:site_name\" content=\"Micka\u00ebl Petrazoller\" \/>\n<meta property=\"article:modified_time\" content=\"2022-12-17T17:54:52+00:00\" \/>\n<meta property=\"og:image\" content=\"https:\/\/www.psytra.fr\/wp-content\/uploads\/2019\/11\/cabine-petrazoller-haguenau-psychologue-niederbronn-les-bains-copie.jpg\" \/>\n\t<meta property=\"og:image:width\" content=\"1420\" \/>\n\t<meta property=\"og:image:height\" content=\"669\" \/>\n\t<meta property=\"og:image:type\" content=\"image\/jpeg\" \/>\n<meta name=\"twitter:card\" content=\"summary_large_image\" \/>\n<meta name=\"twitter:label1\" content=\"Dur\u00e9e de lecture estim\u00e9e\" \/>\n\t<meta name=\"twitter:data1\" content=\"1 minute\" \/>\n<script type=\"application\/ld+json\" class=\"yoast-schema-graph\">{\"@context\":\"https:\/\/schema.org\",\"@graph\":[{\"@type\":\"WebPage\",\"@id\":\"https:\/\/www.psytra.fr\/index.php\/contact\/\",\"url\":\"https:\/\/www.psytra.fr\/index.php\/contact\/\",\"name\":\"Micka\u00ebl Petrazoller Psychologue Haguenau\",\"isPartOf\":{\"@id\":\"https:\/\/www.psytra.fr\/#website\"},\"primaryImageOfPage\":{\"@id\":\"https:\/\/www.psytra.fr\/index.php\/contact\/#primaryimage\"},\"image\":{\"@id\":\"https:\/\/www.psytra.fr\/index.php\/contact\/#primaryimage\"},\"thumbnailUrl\":\"https:\/\/www.psytra.fr\/wp-content\/uploads\/2019\/11\/cabine-petrazoller-haguenau-psychologue-niederbronn-les-bains-copie.jpg\",\"datePublished\":\"2013-11-01T10:12:29+00:00\",\"dateModified\":\"2022-12-17T17:54:52+00:00\",\"breadcrumb\":{\"@id\":\"https:\/\/www.psytra.fr\/index.php\/contact\/#breadcrumb\"},\"inLanguage\":\"fr-FR\",\"potentialAction\":[{\"@type\":\"ReadAction\",\"target\":[\"https:\/\/www.psytra.fr\/index.php\/contact\/\"]}]},{\"@type\":\"ImageObject\",\"inLanguage\":\"fr-FR\",\"@id\":\"https:\/\/www.psytra.fr\/index.php\/contact\/#primaryimage\",\"url\":\"https:\/\/www.psytra.fr\/wp-content\/uploads\/2019\/11\/cabine-petrazoller-haguenau-psychologue-niederbronn-les-bains-copie.jpg\",\"contentUrl\":\"https:\/\/www.psytra.fr\/wp-content\/uploads\/2019\/11\/cabine-petrazoller-haguenau-psychologue-niederbronn-les-bains-copie.jpg\",\"width\":1420,\"height\":669},{\"@type\":\"BreadcrumbList\",\"@id\":\"https:\/\/www.psytra.fr\/index.php\/contact\/#breadcrumb\",\"itemListElement\":[{\"@type\":\"ListItem\",\"position\":1,\"name\":\"Accueil\",\"item\":\"https:\/\/www.psytra.fr\/\"},{\"@type\":\"ListItem\",\"position\":2,\"name\":\"Contact\"}]},{\"@type\":\"WebSite\",\"@id\":\"https:\/\/www.psytra.fr\/#website\",\"url\":\"https:\/\/www.psytra.fr\/\",\"name\":\"Micka\u00ebl Petrazoller\",\"description\":\"Psychologue, Psychoth\u00e9rapeute TCC \u00e0 Haguenau\",\"potentialAction\":[{\"@type\":\"SearchAction\",\"target\":{\"@type\":\"EntryPoint\",\"urlTemplate\":\"https:\/\/www.psytra.fr\/?s={search_term_string}\"},\"query-input\":{\"@type\":\"PropertyValueSpecification\",\"valueRequired\":true,\"valueName\":\"search_term_string\"}}],\"inLanguage\":\"fr-FR\"}]}<\/script>\n<!-- \/ Yoast SEO plugin. -->","yoast_head_json":{"title":"Micka\u00ebl Petrazoller Psychologue Haguenau","robots":{"index":"index","follow":"follow","max-snippet":"max-snippet:-1","max-image-preview":"max-image-preview:large","max-video-preview":"max-video-preview:-1"},"canonical":"https:\/\/www.psytra.fr\/index.php\/contact\/","og_locale":"fr_FR","og_type":"article","og_title":"Micka\u00ebl Petrazoller Psychologue Haguenau","og_description":"&#8211; Rendez-vous par Doctolib en cliquant ici. &#8211;","og_url":"https:\/\/www.psytra.fr\/index.php\/contact\/","og_site_name":"Micka\u00ebl Petrazoller","article_modified_time":"2022-12-17T17:54:52+00:00","og_image":[{"width":1420,"height":669,"url":"https:\/\/www.psytra.fr\/wp-content\/uploads\/2019\/11\/cabine-petrazoller-haguenau-psychologue-niederbronn-les-bains-copie.jpg","type":"image\/jpeg"}],"twitter_card":"summary_large_image","twitter_misc":{"Dur\u00e9e de lecture estim\u00e9e":"1 minute"},"schema":{"@context":"https:\/\/schema.org","@graph":[{"@type":"WebPage","@id":"https:\/\/www.psytra.fr\/index.php\/contact\/","url":"https:\/\/www.psytra.fr\/index.php\/contact\/","name":"Micka\u00ebl Petrazoller Psychologue Haguenau","isPartOf":{"@id":"https:\/\/www.psytra.fr\/#website"},"primaryImageOfPage":{"@id":"https:\/\/www.psytra.fr\/index.php\/contact\/#primaryimage"},"image":{"@id":"https:\/\/www.psytra.fr\/index.php\/contact\/#primaryimage"},"thumbnailUrl":"https:\/\/www.psytra.fr\/wp-content\/uploads\/2019\/11\/cabine-petrazoller-haguenau-psychologue-niederbronn-les-bains-copie.jpg","datePublished":"2013-11-01T10:12:29+00:00","dateModified":"2022-12-17T17:54:52+00:00","breadcrumb":{"@id":"https:\/\/www.psytra.fr\/index.php\/contact\/#breadcrumb"},"inLanguage":"fr-FR","potentialAction":[{"@type":"ReadAction","target":["https:\/\/www.psytra.fr\/index.php\/contact\/"]}]},{"@type":"ImageObject","inLanguage":"fr-FR","@id":"https:\/\/www.psytra.fr\/index.php\/contact\/#primaryimage","url":"https:\/\/www.psytra.fr\/wp-content\/uploads\/2019\/11\/cabine-petrazoller-haguenau-psychologue-niederbronn-les-bains-copie.jpg","contentUrl":"https:\/\/www.psytra.fr\/wp-content\/uploads\/2019\/11\/cabine-petrazoller-haguenau-psychologue-niederbronn-les-bains-copie.jpg","width":1420,"height":669},{"@type":"BreadcrumbList","@id":"https:\/\/www.psytra.fr\/index.php\/contact\/#breadcrumb","itemListElement":[{"@type":"ListItem","position":1,"name":"Accueil","item":"https:\/\/www.psytra.fr\/"},{"@type":"ListItem","position":2,"name":"Contact"}]},{"@type":"WebSite","@id":"https:\/\/www.psytra.fr\/#website","url":"https:\/\/www.psytra.fr\/","name":"Micka\u00ebl Petrazoller","description":"Psychologue, Psychoth\u00e9rapeute TCC \u00e0 Haguenau","potentialAction":[{"@type":"SearchAction","target":{"@type":"EntryPoint","urlTemplate":"https:\/\/www.psytra.fr\/?s={search_term_string}"},"query-input":{"@type":"PropertyValueSpecification","valueRequired":true,"valueName":"search_term_string"}}],"inLanguage":"fr-FR"}]}},"jetpack_sharing_enabled":true,"_links":{"self":[{"href":"https:\/\/www.psytra.fr\/index.php\/wp-json\/wp\/v2\/pages\/19","targetHints":{"allow":["GET"]}}],"collection":[{"href":"https:\/\/www.psytra.fr\/index.php\/wp-json\/wp\/v2\/pages"}],"about":[{"href":"https:\/\/www.psytra.fr\/index.php\/wp-json\/wp\/v2\/types\/page"}],"author":[{"embeddable":true,"href":"https:\/\/www.psytra.fr\/index.php\/wp-json\/wp\/v2\/users\/2"}],"replies":[{"embeddable":true,"href":"https:\/\/www.psytra.fr\/index.php\/wp-json\/wp\/v2\/comments?post=19"}],"version-history":[{"count":29,"href":"https:\/\/www.psytra.fr\/index.php\/wp-json\/wp\/v2\/pages\/19\/revisions"}],"predecessor-version":[{"id":940,"href":"https:\/\/www.psytra.fr\/index.php\/wp-json\/wp\/v2\/pages\/19\/revisions\/940"}],"wp:featuredmedia":[{"embeddable":true,"href":"https:\/\/www.psytra.fr\/index.php\/wp-json\/wp\/v2\/media\/565"}],"wp:attachment":[{"href":"https:\/\/www.psytra.fr\/index.php\/wp-json\/wp\/v2\/media?parent=19"}],"curies":[{"name":"wp","href":"https:\/\/api.w.org\/{rel}","templated":true}]}}