{"id":2,"date":"2019-09-18T12:01:54","date_gmt":"2019-09-18T10:01:54","guid":{"rendered":"http:\/\/www.psytra.fr\/?page_id=2"},"modified":"2020-01-26T17:37:02","modified_gmt":"2020-01-26T16:37:02","slug":"psychologie-clinique-et-tcc","status":"publish","type":"page","link":"https:\/\/www.psytra.fr\/index.php\/psychologie-clinique-et-tcc\/","title":{"rendered":"Psychologie clinique et TCC"},"content":{"rendered":"\n<p> <\/p>\n\n\n\n<p>En TCC, on ne se focalise pas sur l&rsquo;origine des difficult\u00e9s, th\u00e9rapeute et patient cherchent ensemble la r\u00e9solution des probl\u00e8mes.<\/p>\n\n\n\n<p>La TCC est une branche de la Psychologie Clinique, ax\u00e9e sur la recherche de solutions plus que sur les causes du probl\u00e8me. Le th\u00e9rapeute se focalise sur l&rsquo;histoire du trouble (origine, installation et d\u00e9veloppement) pendant seulement quelques s\u00e9ances afin de mieux le cerner. Ensuite, l&rsquo;essentiel de la th\u00e9rapie s&rsquo;axe sur la r\u00e9solution du probl\u00e8me.<\/p>\n\n\n\n<p>L&rsquo;efficacit\u00e9 de cette forme de th\u00e9rapie a \u00e9t\u00e9 prouv\u00e9e scientifiquement de nombreuses fois, pour la majorit\u00e9 des troubles psychologiques. C&rsquo;est donc une forme de th\u00e9rapie qui a fait ses preuves et qui a de grandes chances de vous satisfaire.<\/p>\n\n\n\n<p>On dit de la TCC que c&rsquo;est une th\u00e9rapie br\u00e8ve. Elle ne n\u00e9cessite donc jamais (ou presque) plusieurs ann\u00e9es pour arriver \u00e0 son terme. En moyenne, une th\u00e9rapie dure entre 6 mois et 1 an, \u00e0 raison de 2 \u00e0 4 s\u00e9ances par mois.<\/p>\n\n\n\n<p>Tr\u00e8s appr\u00e9ci\u00e9e dans les pays anglophones (Etats-Unis, Canada&#8230;), la TCC ne s&rsquo;est fait conna\u00eetre en France que tr\u00e8s r\u00e9cemment. Aujourd&rsquo;hui, elle est de plus en plus utilis\u00e9e par mes confr\u00e8res fran\u00e7ais et les patients t\u00e9moignent, pour la plupart, une satisfaction importante.<\/p>\n\n\n\n<p>Pour en savoir plus sur la TCC, visitez les pages suivantes : <\/p>\n\n\n\n<p><a href=\"https:\/\/www.psytra.fr\/index.php\/comportements-et-cognitions\/\">https:\/\/www.psytra.fr\/index.php\/comportements-et-cognitions\/<\/a><\/p>\n\n\n\n<p><a href=\"https:\/\/www.psytra.fr\/index.php\/des-centaines-d-outils\/\">https:\/\/www.psytra.fr\/index.php\/des-centaines-d-outils\/<\/a><\/p>\n\n\n\n<pre class=\"wp-block-preformatted\">R\u00e9dig\u00e9 par Micka\u00ebl PETRAZOLLER, Psychologue Clinicien, Psychoth\u00e9rapeute, \u00e0 Haguenau.<\/pre>\n","protected":false},"excerpt":{"rendered":"<p>En TCC, on ne se focalise pas sur l&rsquo;origine des difficult\u00e9s, th\u00e9rapeute et patient cherchent ensemble la r\u00e9solution des probl\u00e8mes. La TCC est une branche de la Psychologie Clinique, ax\u00e9e sur la recherche de solutions plus que sur les causes du probl\u00e8me. Le th\u00e9rapeute se focalise sur l&rsquo;histoire du trouble (origine, installation et d\u00e9veloppement) pendant&#8230; <\/p>\n","protected":false},"author":2,"featured_media":0,"parent":0,"menu_order":0,"comment_status":"closed","ping_status":"open","template":"","meta":{"footnotes":""},"class_list":["post-2","page","type-page","status-publish","hentry"],"featured_image_urls_v2":{"full":"","thumbnail":"","medium":"","medium_large":"","large":"","1536x1536":"","2048x2048":"","homepage-thumb":""},"post_excerpt_stackable_v2":"<p>En TCC, on ne se focalise pas sur l&rsquo;origine des difficult\u00e9s, th\u00e9rapeute et patient cherchent ensemble la r\u00e9solution des probl\u00e8mes. La TCC est une branche de la Psychologie Clinique, ax\u00e9e sur la recherche de solutions plus que sur les causes du probl\u00e8me. Le th\u00e9rapeute se focalise sur l&rsquo;histoire du trouble (origine, installation et d\u00e9veloppement) pendant seulement quelques s\u00e9ances afin de mieux le cerner. Ensuite, l&rsquo;essentiel de la th\u00e9rapie s&rsquo;axe sur la r\u00e9solution du probl\u00e8me. L&rsquo;efficacit\u00e9 de cette forme de th\u00e9rapie a \u00e9t\u00e9 prouv\u00e9e scientifiquement de nombreuses fois, pour la majorit\u00e9 des troubles psychologiques. C&rsquo;est donc une forme de th\u00e9rapie qui\u2026<\/p>\n","category_list_v2":"","author_info_v2":{"name":"webmaster","url":"https:\/\/www.psytra.fr\/index.php\/author\/webmaster\/"},"comments_num_v2":"0 commentaire","yoast_head":"<!-- This site is optimized with the Yoast SEO plugin v26.6 - https:\/\/yoast.com\/wordpress\/plugins\/seo\/ -->\n<title>Psychologie clinique et TCC - Micka\u00ebl Petrazoller<\/title>\n<meta name=\"robots\" content=\"index, follow, max-snippet:-1, max-image-preview:large, max-video-preview:-1\" \/>\n<link rel=\"canonical\" href=\"https:\/\/www.psytra.fr\/index.php\/psychologie-clinique-et-tcc\/\" \/>\n<meta property=\"og:locale\" content=\"fr_FR\" \/>\n<meta property=\"og:type\" content=\"article\" \/>\n<meta property=\"og:title\" content=\"Psychologie clinique et TCC - Micka\u00ebl Petrazoller\" \/>\n<meta property=\"og:description\" content=\"En TCC, on ne se focalise pas sur l&rsquo;origine des difficult\u00e9s, th\u00e9rapeute et patient cherchent ensemble la r\u00e9solution des probl\u00e8mes. La TCC est une branche de la Psychologie Clinique, ax\u00e9e sur la recherche de solutions plus que sur les causes du probl\u00e8me. Le th\u00e9rapeute se focalise sur l&rsquo;histoire du trouble (origine, installation et d\u00e9veloppement) pendant...\" \/>\n<meta property=\"og:url\" content=\"https:\/\/www.psytra.fr\/index.php\/psychologie-clinique-et-tcc\/\" \/>\n<meta property=\"og:site_name\" content=\"Micka\u00ebl Petrazoller\" \/>\n<meta property=\"article:modified_time\" content=\"2020-01-26T16:37:02+00:00\" \/>\n<meta name=\"twitter:card\" content=\"summary_large_image\" \/>\n<meta name=\"twitter:label1\" content=\"Dur\u00e9e de lecture estim\u00e9e\" \/>\n\t<meta name=\"twitter:data1\" content=\"1 minute\" \/>\n<script type=\"application\/ld+json\" class=\"yoast-schema-graph\">{\"@context\":\"https:\/\/schema.org\",\"@graph\":[{\"@type\":\"WebPage\",\"@id\":\"https:\/\/www.psytra.fr\/index.php\/psychologie-clinique-et-tcc\/\",\"url\":\"https:\/\/www.psytra.fr\/index.php\/psychologie-clinique-et-tcc\/\",\"name\":\"Psychologie clinique et TCC - Micka\u00ebl Petrazoller\",\"isPartOf\":{\"@id\":\"https:\/\/www.psytra.fr\/#website\"},\"datePublished\":\"2019-09-18T10:01:54+00:00\",\"dateModified\":\"2020-01-26T16:37:02+00:00\",\"breadcrumb\":{\"@id\":\"https:\/\/www.psytra.fr\/index.php\/psychologie-clinique-et-tcc\/#breadcrumb\"},\"inLanguage\":\"fr-FR\",\"potentialAction\":[{\"@type\":\"ReadAction\",\"target\":[\"https:\/\/www.psytra.fr\/index.php\/psychologie-clinique-et-tcc\/\"]}]},{\"@type\":\"BreadcrumbList\",\"@id\":\"https:\/\/www.psytra.fr\/index.php\/psychologie-clinique-et-tcc\/#breadcrumb\",\"itemListElement\":[{\"@type\":\"ListItem\",\"position\":1,\"name\":\"Accueil\",\"item\":\"https:\/\/www.psytra.fr\/\"},{\"@type\":\"ListItem\",\"position\":2,\"name\":\"Psychologie clinique et TCC\"}]},{\"@type\":\"WebSite\",\"@id\":\"https:\/\/www.psytra.fr\/#website\",\"url\":\"https:\/\/www.psytra.fr\/\",\"name\":\"Micka\u00ebl Petrazoller\",\"description\":\"Psychologue, Psychoth\u00e9rapeute TCC \u00e0 Haguenau\",\"potentialAction\":[{\"@type\":\"SearchAction\",\"target\":{\"@type\":\"EntryPoint\",\"urlTemplate\":\"https:\/\/www.psytra.fr\/?s={search_term_string}\"},\"query-input\":{\"@type\":\"PropertyValueSpecification\",\"valueRequired\":true,\"valueName\":\"search_term_string\"}}],\"inLanguage\":\"fr-FR\"}]}<\/script>\n<!-- \/ Yoast SEO plugin. -->","yoast_head_json":{"title":"Psychologie clinique et TCC - Micka\u00ebl Petrazoller","robots":{"index":"index","follow":"follow","max-snippet":"max-snippet:-1","max-image-preview":"max-image-preview:large","max-video-preview":"max-video-preview:-1"},"canonical":"https:\/\/www.psytra.fr\/index.php\/psychologie-clinique-et-tcc\/","og_locale":"fr_FR","og_type":"article","og_title":"Psychologie clinique et TCC - Micka\u00ebl Petrazoller","og_description":"En TCC, on ne se focalise pas sur l&rsquo;origine des difficult\u00e9s, th\u00e9rapeute et patient cherchent ensemble la r\u00e9solution des probl\u00e8mes. La TCC est une branche de la Psychologie Clinique, ax\u00e9e sur la recherche de solutions plus que sur les causes du probl\u00e8me. Le th\u00e9rapeute se focalise sur l&rsquo;histoire du trouble (origine, installation et d\u00e9veloppement) pendant...","og_url":"https:\/\/www.psytra.fr\/index.php\/psychologie-clinique-et-tcc\/","og_site_name":"Micka\u00ebl Petrazoller","article_modified_time":"2020-01-26T16:37:02+00:00","twitter_card":"summary_large_image","twitter_misc":{"Dur\u00e9e de lecture estim\u00e9e":"1 minute"},"schema":{"@context":"https:\/\/schema.org","@graph":[{"@type":"WebPage","@id":"https:\/\/www.psytra.fr\/index.php\/psychologie-clinique-et-tcc\/","url":"https:\/\/www.psytra.fr\/index.php\/psychologie-clinique-et-tcc\/","name":"Psychologie clinique et TCC - Micka\u00ebl Petrazoller","isPartOf":{"@id":"https:\/\/www.psytra.fr\/#website"},"datePublished":"2019-09-18T10:01:54+00:00","dateModified":"2020-01-26T16:37:02+00:00","breadcrumb":{"@id":"https:\/\/www.psytra.fr\/index.php\/psychologie-clinique-et-tcc\/#breadcrumb"},"inLanguage":"fr-FR","potentialAction":[{"@type":"ReadAction","target":["https:\/\/www.psytra.fr\/index.php\/psychologie-clinique-et-tcc\/"]}]},{"@type":"BreadcrumbList","@id":"https:\/\/www.psytra.fr\/index.php\/psychologie-clinique-et-tcc\/#breadcrumb","itemListElement":[{"@type":"ListItem","position":1,"name":"Accueil","item":"https:\/\/www.psytra.fr\/"},{"@type":"ListItem","position":2,"name":"Psychologie clinique et TCC"}]},{"@type":"WebSite","@id":"https:\/\/www.psytra.fr\/#website","url":"https:\/\/www.psytra.fr\/","name":"Micka\u00ebl Petrazoller","description":"Psychologue, Psychoth\u00e9rapeute TCC \u00e0 Haguenau","potentialAction":[{"@type":"SearchAction","target":{"@type":"EntryPoint","urlTemplate":"https:\/\/www.psytra.fr\/?s={search_term_string}"},"query-input":{"@type":"PropertyValueSpecification","valueRequired":true,"valueName":"search_term_string"}}],"inLanguage":"fr-FR"}]}},"jetpack_sharing_enabled":true,"_links":{"self":[{"href":"https:\/\/www.psytra.fr\/index.php\/wp-json\/wp\/v2\/pages\/2","targetHints":{"allow":["GET"]}}],"collection":[{"href":"https:\/\/www.psytra.fr\/index.php\/wp-json\/wp\/v2\/pages"}],"about":[{"href":"https:\/\/www.psytra.fr\/index.php\/wp-json\/wp\/v2\/types\/page"}],"author":[{"embeddable":true,"href":"https:\/\/www.psytra.fr\/index.php\/wp-json\/wp\/v2\/users\/2"}],"replies":[{"embeddable":true,"href":"https:\/\/www.psytra.fr\/index.php\/wp-json\/wp\/v2\/comments?post=2"}],"version-history":[{"count":17,"href":"https:\/\/www.psytra.fr\/index.php\/wp-json\/wp\/v2\/pages\/2\/revisions"}],"predecessor-version":[{"id":703,"href":"https:\/\/www.psytra.fr\/index.php\/wp-json\/wp\/v2\/pages\/2\/revisions\/703"}],"wp:attachment":[{"href":"https:\/\/www.psytra.fr\/index.php\/wp-json\/wp\/v2\/media?parent=2"}],"curies":[{"name":"wp","href":"https:\/\/api.w.org\/{rel}","templated":true}]}}