{"id":297,"date":"2019-09-19T19:47:28","date_gmt":"2019-09-19T17:47:28","guid":{"rendered":"http:\/\/www.psytra.fr\/?page_id=297"},"modified":"2019-11-03T22:19:30","modified_gmt":"2019-11-03T21:19:30","slug":"comportements-et-cognitions","status":"publish","type":"page","link":"https:\/\/www.psytra.fr\/index.php\/comportements-et-cognitions\/","title":{"rendered":"Comportements et cognitions"},"content":{"rendered":"\n<p>La th\u00e9orie majeure d\u00e9fendue en TCC est la suivante&nbsp;: les probl\u00e8mes peuvent \u00eatre r\u00e9solus en modifiant comportements, pens\u00e9es et\/ou \u00e9motions.<\/p>\n\n\n\n<p>Ces trois axes de th\u00e9rapie sont reli\u00e9s et travaillent ensemble. Ainsi, agir sur les comportements va souvent avoir un premier effet b\u00e9n\u00e9fique sur les cognitions et \u00e9motions. Et vice versa. Il n&rsquo;est pas toujours n\u00e9cessaire de s&rsquo;attarder sur chacun des trois axes pour ressentir un mieux-\u00eatre.<\/p>\n\n\n\n<h2 class=\"wp-block-heading\">Les comportements<\/h2>\n\n\n\n<p>on recherche les actions dites physiques que vous faites au quotidien et qui alimentent le probl\u00e8me. Certains comportements peuvent \u00eatre \u00e0 la base de nombreux troubles sans m\u00eame que vous vous en rendiez compte. Le travail du th\u00e9rapeute est de relever ces comportements probl\u00e8mes et de chercher avec vous \u00e0 les modifier. <\/p>\n\n\n\n<p>Par exemple, dans la phobie des araign\u00e9es, le probl\u00e8me principal est l&rsquo;\u00e9vitement. En face d&rsquo;une araign\u00e9e, vous allez mettre en place un comportement de fuite afin de ne plus \u00eatre confront\u00e9 \u00e0 l&rsquo;insecte. Or, si vous fuyez, il vous est impossible de combattre votre phobie puisque votre cerveau n&rsquo;a pas le temps de comprendre qu&rsquo;il n&rsquo;y a pas de danger.<\/p>\n\n\n\n<h2 class=\"wp-block-heading\">Les cognitions (les pens\u00e9es)<\/h2>\n\n\n\n<p>On recherche les pens\u00e9es qui vous traversent l&rsquo;esprit lorsque vous \u00eates dans la situation qui vous pose probl\u00e8me. Vos pens\u00e9es alimentent le trouble. La prise de recul par rapport \u00e0 vos pens\u00e9es et l&rsquo;une des solutions pour combattre le probl\u00e8me et favoriser votre bien-\u00eatre. Pour aborder la question des cognitions, plusieurs outils s&rsquo;offrent au th\u00e9rapeute et il tentera de vous les pr\u00e9senter afin que vous puissiez les utiliser par vous-m\u00eame.<\/p>\n\n\n\n<p>Par exemple, dans la phobie sociale, l&rsquo;un des probl\u00e8mes est que la personne anticipe ce que l&rsquo;inconnu en face va penser de lui. Cette anticipation, souvent n\u00e9gative, va paralyser le phobique social et l&#8217;emp\u00eacher d&rsquo;avoir un \u00e9change verbal constructif. La prise de recul par rapport aux pens\u00e9es va lui permettre d&rsquo;\u00e9chapper \u00e0 cette anticipation n\u00e9gative et \u00eatre en pleine possession de ses moyens face \u00e0 autrui.<\/p>\n\n\n\n<h2 class=\"wp-block-heading\">Les \u00e9motions (troisi\u00e8me vague)<\/h2>\n\n\n\n<p>Les \u00e9motions n&rsquo;ont \u00e9t\u00e9 abord\u00e9es ind\u00e9pendamment des comportements et cognitions que r\u00e9cemment. Les auteurs d\u00e9fenseurs de ce qu&rsquo;on appelle \u00ab\u00a0la troisi\u00e8me vague\u00a0\u00bb s&rsquo;accordent \u00e0 dire qu&rsquo;aborder les probl\u00e8mes sous l&rsquo;angle des \u00e9motions provoqu\u00e9es est b\u00e9n\u00e9fique et tout aussi efficace qu&rsquo;une autre approche. Pour aborder l&rsquo;intensit\u00e9 des \u00e9motions, on utilise des techniques comme la m\u00e9ditation ou la relaxation. Ce sont des outils que le psychologue fournit au patient (avec le mode d&#8217;emploi) afin qu&rsquo;il puisse prendre du recul et diminuer l&rsquo;intensit\u00e9 des \u00e9motions ressenties lorsqu&rsquo;il est confront\u00e9 \u00e0 des moments difficiles.<\/p>\n\n\n\n<p>Pour en savoir plus : <\/p>\n\n\n\n<p><a href=\"https:\/\/www.psytra.fr\/index.php\/des-centaines-d-outils\/\">https:\/\/www.psytra.fr\/index.php\/des-centaines-d-outils\/<\/a> <\/p>\n\n\n\n<p><a href=\"https:\/\/www.psytra.fr\/index.php\/psychologie-clinique-et-tcc\/\">https:\/\/www.psytra.fr\/index.php\/psychologie-clinique-et-tcc\/<\/a><\/p>\n\n\n\n<pre class=\"wp-block-preformatted\">R\u00e9dig\u00e9 par Micka\u00ebl PETRAZOLLER, Psychologue Clinicien, Psychoth\u00e9rapeute, \u00e0 Haguenau.<\/pre>\n","protected":false},"excerpt":{"rendered":"<p>La th\u00e9orie majeure d\u00e9fendue en TCC est la suivante&nbsp;: les probl\u00e8mes peuvent \u00eatre r\u00e9solus en modifiant comportements, pens\u00e9es et\/ou \u00e9motions. Ces trois axes de th\u00e9rapie sont reli\u00e9s et travaillent ensemble. Ainsi, agir sur les comportements va souvent avoir un premier effet b\u00e9n\u00e9fique sur les cognitions et \u00e9motions. Et vice versa. Il n&rsquo;est pas toujours n\u00e9cessaire&#8230; <\/p>\n","protected":false},"author":2,"featured_media":0,"parent":0,"menu_order":0,"comment_status":"closed","ping_status":"closed","template":"left-sidebar.php","meta":{"footnotes":""},"class_list":["post-297","page","type-page","status-publish","hentry"],"featured_image_urls_v2":{"full":"","thumbnail":"","medium":"","medium_large":"","large":"","1536x1536":"","2048x2048":"","homepage-thumb":""},"post_excerpt_stackable_v2":"<p>La th\u00e9orie majeure d\u00e9fendue en TCC est la suivante&nbsp;: les probl\u00e8mes peuvent \u00eatre r\u00e9solus en modifiant comportements, pens\u00e9es et\/ou \u00e9motions. Ces trois axes de th\u00e9rapie sont reli\u00e9s et travaillent ensemble. Ainsi, agir sur les comportements va souvent avoir un premier effet b\u00e9n\u00e9fique sur les cognitions et \u00e9motions. Et vice versa. Il n&rsquo;est pas toujours n\u00e9cessaire de s&rsquo;attarder sur chacun des trois axes pour ressentir un mieux-\u00eatre. Les comportements on recherche les actions dites physiques que vous faites au quotidien et qui alimentent le probl\u00e8me. Certains comportements peuvent \u00eatre \u00e0 la base de nombreux troubles sans m\u00eame que vous vous en\u2026<\/p>\n","category_list_v2":"","author_info_v2":{"name":"webmaster","url":"https:\/\/www.psytra.fr\/index.php\/author\/webmaster\/"},"comments_num_v2":"0 commentaire","yoast_head":"<!-- This site is optimized with the Yoast SEO plugin v26.6 - https:\/\/yoast.com\/wordpress\/plugins\/seo\/ -->\n<title>Comportements et cognitions - Micka\u00ebl Petrazoller<\/title>\n<meta name=\"robots\" content=\"index, follow, max-snippet:-1, max-image-preview:large, max-video-preview:-1\" \/>\n<link rel=\"canonical\" href=\"https:\/\/www.psytra.fr\/index.php\/comportements-et-cognitions\/\" \/>\n<meta property=\"og:locale\" content=\"fr_FR\" \/>\n<meta property=\"og:type\" content=\"article\" \/>\n<meta property=\"og:title\" content=\"Comportements et cognitions - Micka\u00ebl Petrazoller\" \/>\n<meta property=\"og:description\" content=\"La th\u00e9orie majeure d\u00e9fendue en TCC est la suivante&nbsp;: les probl\u00e8mes peuvent \u00eatre r\u00e9solus en modifiant comportements, pens\u00e9es et\/ou \u00e9motions. Ces trois axes de th\u00e9rapie sont reli\u00e9s et travaillent ensemble. Ainsi, agir sur les comportements va souvent avoir un premier effet b\u00e9n\u00e9fique sur les cognitions et \u00e9motions. Et vice versa. Il n&rsquo;est pas toujours n\u00e9cessaire...\" \/>\n<meta property=\"og:url\" content=\"https:\/\/www.psytra.fr\/index.php\/comportements-et-cognitions\/\" \/>\n<meta property=\"og:site_name\" content=\"Micka\u00ebl Petrazoller\" \/>\n<meta property=\"article:modified_time\" content=\"2019-11-03T21:19:30+00:00\" \/>\n<meta name=\"twitter:card\" content=\"summary_large_image\" \/>\n<meta name=\"twitter:label1\" content=\"Dur\u00e9e de lecture estim\u00e9e\" \/>\n\t<meta name=\"twitter:data1\" content=\"2 minutes\" \/>\n<script type=\"application\/ld+json\" class=\"yoast-schema-graph\">{\"@context\":\"https:\/\/schema.org\",\"@graph\":[{\"@type\":\"WebPage\",\"@id\":\"https:\/\/www.psytra.fr\/index.php\/comportements-et-cognitions\/\",\"url\":\"https:\/\/www.psytra.fr\/index.php\/comportements-et-cognitions\/\",\"name\":\"Comportements et cognitions - Micka\u00ebl Petrazoller\",\"isPartOf\":{\"@id\":\"https:\/\/www.psytra.fr\/#website\"},\"datePublished\":\"2019-09-19T17:47:28+00:00\",\"dateModified\":\"2019-11-03T21:19:30+00:00\",\"breadcrumb\":{\"@id\":\"https:\/\/www.psytra.fr\/index.php\/comportements-et-cognitions\/#breadcrumb\"},\"inLanguage\":\"fr-FR\",\"potentialAction\":[{\"@type\":\"ReadAction\",\"target\":[\"https:\/\/www.psytra.fr\/index.php\/comportements-et-cognitions\/\"]}]},{\"@type\":\"BreadcrumbList\",\"@id\":\"https:\/\/www.psytra.fr\/index.php\/comportements-et-cognitions\/#breadcrumb\",\"itemListElement\":[{\"@type\":\"ListItem\",\"position\":1,\"name\":\"Accueil\",\"item\":\"https:\/\/www.psytra.fr\/\"},{\"@type\":\"ListItem\",\"position\":2,\"name\":\"Comportements et cognitions\"}]},{\"@type\":\"WebSite\",\"@id\":\"https:\/\/www.psytra.fr\/#website\",\"url\":\"https:\/\/www.psytra.fr\/\",\"name\":\"Micka\u00ebl Petrazoller\",\"description\":\"Psychologue, Psychoth\u00e9rapeute TCC \u00e0 Haguenau\",\"potentialAction\":[{\"@type\":\"SearchAction\",\"target\":{\"@type\":\"EntryPoint\",\"urlTemplate\":\"https:\/\/www.psytra.fr\/?s={search_term_string}\"},\"query-input\":{\"@type\":\"PropertyValueSpecification\",\"valueRequired\":true,\"valueName\":\"search_term_string\"}}],\"inLanguage\":\"fr-FR\"}]}<\/script>\n<!-- \/ Yoast SEO plugin. -->","yoast_head_json":{"title":"Comportements et cognitions - Micka\u00ebl Petrazoller","robots":{"index":"index","follow":"follow","max-snippet":"max-snippet:-1","max-image-preview":"max-image-preview:large","max-video-preview":"max-video-preview:-1"},"canonical":"https:\/\/www.psytra.fr\/index.php\/comportements-et-cognitions\/","og_locale":"fr_FR","og_type":"article","og_title":"Comportements et cognitions - Micka\u00ebl Petrazoller","og_description":"La th\u00e9orie majeure d\u00e9fendue en TCC est la suivante&nbsp;: les probl\u00e8mes peuvent \u00eatre r\u00e9solus en modifiant comportements, pens\u00e9es et\/ou \u00e9motions. Ces trois axes de th\u00e9rapie sont reli\u00e9s et travaillent ensemble. Ainsi, agir sur les comportements va souvent avoir un premier effet b\u00e9n\u00e9fique sur les cognitions et \u00e9motions. Et vice versa. Il n&rsquo;est pas toujours n\u00e9cessaire...","og_url":"https:\/\/www.psytra.fr\/index.php\/comportements-et-cognitions\/","og_site_name":"Micka\u00ebl Petrazoller","article_modified_time":"2019-11-03T21:19:30+00:00","twitter_card":"summary_large_image","twitter_misc":{"Dur\u00e9e de lecture estim\u00e9e":"2 minutes"},"schema":{"@context":"https:\/\/schema.org","@graph":[{"@type":"WebPage","@id":"https:\/\/www.psytra.fr\/index.php\/comportements-et-cognitions\/","url":"https:\/\/www.psytra.fr\/index.php\/comportements-et-cognitions\/","name":"Comportements et cognitions - Micka\u00ebl Petrazoller","isPartOf":{"@id":"https:\/\/www.psytra.fr\/#website"},"datePublished":"2019-09-19T17:47:28+00:00","dateModified":"2019-11-03T21:19:30+00:00","breadcrumb":{"@id":"https:\/\/www.psytra.fr\/index.php\/comportements-et-cognitions\/#breadcrumb"},"inLanguage":"fr-FR","potentialAction":[{"@type":"ReadAction","target":["https:\/\/www.psytra.fr\/index.php\/comportements-et-cognitions\/"]}]},{"@type":"BreadcrumbList","@id":"https:\/\/www.psytra.fr\/index.php\/comportements-et-cognitions\/#breadcrumb","itemListElement":[{"@type":"ListItem","position":1,"name":"Accueil","item":"https:\/\/www.psytra.fr\/"},{"@type":"ListItem","position":2,"name":"Comportements et cognitions"}]},{"@type":"WebSite","@id":"https:\/\/www.psytra.fr\/#website","url":"https:\/\/www.psytra.fr\/","name":"Micka\u00ebl Petrazoller","description":"Psychologue, Psychoth\u00e9rapeute TCC \u00e0 Haguenau","potentialAction":[{"@type":"SearchAction","target":{"@type":"EntryPoint","urlTemplate":"https:\/\/www.psytra.fr\/?s={search_term_string}"},"query-input":{"@type":"PropertyValueSpecification","valueRequired":true,"valueName":"search_term_string"}}],"inLanguage":"fr-FR"}]}},"jetpack_sharing_enabled":true,"_links":{"self":[{"href":"https:\/\/www.psytra.fr\/index.php\/wp-json\/wp\/v2\/pages\/297","targetHints":{"allow":["GET"]}}],"collection":[{"href":"https:\/\/www.psytra.fr\/index.php\/wp-json\/wp\/v2\/pages"}],"about":[{"href":"https:\/\/www.psytra.fr\/index.php\/wp-json\/wp\/v2\/types\/page"}],"author":[{"embeddable":true,"href":"https:\/\/www.psytra.fr\/index.php\/wp-json\/wp\/v2\/users\/2"}],"replies":[{"embeddable":true,"href":"https:\/\/www.psytra.fr\/index.php\/wp-json\/wp\/v2\/comments?post=297"}],"version-history":[{"count":8,"href":"https:\/\/www.psytra.fr\/index.php\/wp-json\/wp\/v2\/pages\/297\/revisions"}],"predecessor-version":[{"id":539,"href":"https:\/\/www.psytra.fr\/index.php\/wp-json\/wp\/v2\/pages\/297\/revisions\/539"}],"wp:attachment":[{"href":"https:\/\/www.psytra.fr\/index.php\/wp-json\/wp\/v2\/media?parent=297"}],"curies":[{"name":"wp","href":"https:\/\/api.w.org\/{rel}","templated":true}]}}