{"id":3,"date":"2019-09-18T12:01:54","date_gmt":"2019-09-18T10:01:54","guid":{"rendered":"http:\/\/www.psytra.fr\/?page_id=3"},"modified":"2019-09-24T21:28:39","modified_gmt":"2019-09-24T19:28:39","slug":"politique-de-confidentialite","status":"publish","type":"page","link":"https:\/\/www.psytra.fr\/index.php\/politique-de-confidentialite\/","title":{"rendered":"Politique de confidentialit\u00e9"},"content":{"rendered":"\n<h2 class=\"wp-block-heading\">Qui sommes-nous&nbsp;?<\/h2>\n\n\n\n<p>L\u2019adresse de notre site Web est&nbsp;: http:\/\/www.psytra.fr.<\/p>\n\n\n\n<p>Ce site est la propri\u00e9t\u00e9 de la soci\u00e9t\u00e9 Micka\u00ebl PETRAZOLLER, SIREN  854022605, dont les coordonn\u00e9es sont&nbsp;:<\/p>\n\n\n\n<p>Adresse du si\u00e8ge social&nbsp;: 7 Rue des Grives, 67590 Ohlungen<\/p>\n\n\n\n<p>T\u00e9l\u00e9phone&nbsp;: 07 61 10 65 85<\/p>\n\n\n\n<p>Courrier \u00e9lectronique&nbsp;:&nbsp;<a href=\"mailto:contact@valeriemorweiser.fr\">m.petrazoller@psytra.fr<\/a><\/p>\n\n\n\n<p>Le Directeur de la publication du site est Monsieur Micka\u00ebl PETRAZOLLER, en sa qualit\u00e9 de g\u00e9rant.<\/p>\n\n\n\n<p>Le prestataire assurant l&rsquo;h\u00e9bergement du site ainsi que le stockage des informations est la soci\u00e9t\u00e9 OVH, SAS au capital de 10 069 020 Euros, Si\u00e8ge social au 2 rue Kellermann &#8211; 59100 Roubaix (<a href=\"https:\/\/www.ovh.com\/fr\/\">https:\/\/www.ovh.com\/fr<\/a>). La cr\u00e9ation graphique du site a \u00e9t\u00e9 r\u00e9alis\u00e9e par le g\u00e9rant du site.<\/p>\n\n\n\n<h3 class=\"wp-block-heading\">R\u00e8gles professionnelles applicables et indication du titre professionnel<\/h3>\n\n\n\n<p>Monsieur Micka\u00ebl PETRAZOLLER est titulaire d&rsquo;une Licence et d&rsquo;un Master 2 de Psychologie, \u00e9tablies \u00e0 l&rsquo;Universit\u00e9 de Strasbourg, par la Facult\u00e9 de Psychologie. Il peut donc faire usage du titre professionnel prot\u00e9g\u00e9 de Psychologue.<\/p>\n\n\n\n<p>De plus, Monsieur Micka\u00ebl PETRAZOLLER est enregistr\u00e9 au r\u00e9pertoire de l&rsquo;ARS (Agence R\u00e9gionale de Sant\u00e9) Grand-Est. Il peut faire usage du titre professionnel prot\u00e9g\u00e9 de Psychoth\u00e9rapeute. Num\u00e9ro ADELI : 67 93 1438 5<\/p>\n\n\n\n<p>Ces titres professionnels prot\u00e9g\u00e9s ont \u00e9t\u00e9 octroy\u00e9s en France, \u00e9tat membre de l&rsquo;Union Europ\u00e9enne.<\/p>\n\n\n\n<h2 class=\"wp-block-heading\">Contenu du site<\/h2>\n\n\n\n<p>La soci\u00e9t\u00e9 Micka\u00ebl PETRAZOLLER ne peut \u00eatre tenue responsable de l\u2019utilisation et de l\u2019interpr\u00e9tation de l\u2019information contenue dans ce site.&nbsp;<\/p>\n\n\n\n<p>La soci\u00e9t\u00e9 Micka\u00ebl PETRAZOLLER ne peut \u00eatre tenue pour responsable d&rsquo;\u00e9ventuels virus qui pourraient infecter l&rsquo;ordinateur ou tout mat\u00e9riel informatique de l&rsquo;Internaute, suite \u00e0 une utilisation, \u00e0 l&rsquo;acc\u00e8s, ou au t\u00e9l\u00e9chargement provenant de ce site.<\/p>\n\n\n\n<h3 class=\"wp-block-heading\"><strong>DROITS D&rsquo;AUTEURS ET PROPRI\u00c9T\u00c9 INTELLECTUELLE<\/strong><\/h3>\n\n\n\n<p>Ce site est la propri\u00e9t\u00e9 de Monsieur Micka\u00ebl PETRAZOLLER qui est titulaire de tous les droits de propri\u00e9t\u00e9 intellectuelle. Ce site constitue une \u0153uvre prot\u00e9g\u00e9e au titre de la propri\u00e9t\u00e9 intellectuelle, au m\u00eame titre que la structure g\u00e9n\u00e9rale du site, le graphisme ainsi que les \u00e9l\u00e9ments accessibles sur le site (formulaires, textes, photographies, images&#8230;).<\/p>\n\n\n\n<p>Sauf autorisation \u00e9crite pr\u00e9alable de Monsieur Micka\u00ebl PETRAZOLLER, le site et les informations qui y figurent ne peuvent \u00eatre copi\u00e9s, reproduits, modifi\u00e9s, transmis, publi\u00e9s sur quelques supports que ce soit, ni exploit\u00e9s en tout ou partie \u00e0 des fins commerciales ou non commerciales, ni servir \u00e0 la r\u00e9alisation d&rsquo;\u0153uvres d\u00e9riv\u00e9es.<\/p>\n\n\n\n<p>Le non-respect de ces r\u00e8gles peut engager la responsabilit\u00e9 de l&rsquo;Internaute au sens des articles L. 713-2 et L.713-3 du Code de la Propri\u00e9t\u00e9 Intellectuelle.<\/p>\n\n\n\n<h2 class=\"wp-block-heading\">Utilisation des donn\u00e9es personnelles collect\u00e9es<\/h2>\n\n\n\n<h3 class=\"wp-block-heading\">Commentaires<\/h3>\n\n\n\n<p>Quand vous laissez un commentaire sur notre site web, les donn\u00e9es inscrites dans le formulaire de commentaire, mais aussi votre adresse IP et l\u2019agent utilisateur de votre navigateur sont collect\u00e9s pour nous aider \u00e0 la d\u00e9tection des commentaires ind\u00e9sirables.<\/p>\n\n\n\n<p>Une cha\u00eene anonymis\u00e9e cr\u00e9\u00e9e \u00e0 partir de votre adresse de messagerie (\u00e9galement appel\u00e9e hash) peut \u00eatre envoy\u00e9e au service Gravatar pour v\u00e9rifier si vous utilisez ce dernier. Les clauses de confidentialit\u00e9 du service Gravatar sont disponibles ici&nbsp;: https:\/\/automattic.com\/privacy\/. Apr\u00e8s validation de votre commentaire, votre photo de profil sera visible publiquement \u00e0 cot\u00e9 de votre commentaire.<\/p>\n\n\n\n<h3 class=\"wp-block-heading\">M\u00e9dias<\/h3>\n\n\n\n<p>Si vous \u00eates un utilisateur ou une utilisatrice enregistr\u00e9\u00b7e et que vous t\u00e9l\u00e9versez des images sur le site web, nous vous conseillons d\u2019\u00e9viter de t\u00e9l\u00e9verser des images contenant des donn\u00e9es EXIF de coordonn\u00e9es GPS. Les visiteurs de votre site web peuvent t\u00e9l\u00e9charger et extraire des donn\u00e9es de localisation depuis ces images.<\/p>\n\n\n\n<h3 class=\"wp-block-heading\">Cookies<\/h3>\n\n\n\n<p>Si vous d\u00e9posez un commentaire sur notre site, il vous sera propos\u00e9 d\u2019enregistrer votre nom, adresse de messagerie et site web dans des cookies. C\u2019est uniquement pour votre confort afin de ne pas avoir \u00e0 saisir ces informations si vous d\u00e9posez un autre commentaire plus tard. Ces cookies expirent au bout d\u2019un an.<\/p>\n\n\n\n<p>Si vous avez un compte et que vous vous connectez sur ce site, un cookie temporaire sera cr\u00e9\u00e9 afin de d\u00e9terminer si votre navigateur accepte les cookies. Il ne contient pas de donn\u00e9es personnelles et sera supprim\u00e9 automatiquement \u00e0 la fermeture de votre navigateur.<\/p>\n\n\n\n<p>Lorsque vous vous connecterez, nous mettrons en place un certain nombre de cookies pour enregistrer vos informations de connexion et vos pr\u00e9f\u00e9rences d\u2019\u00e9cran. La dur\u00e9e de vie d\u2019un cookie de connexion est de deux jours, celle d\u2019un cookie d\u2019option d\u2019\u00e9cran est d\u2019un an. Si vous cochez \u00ab&nbsp;Se souvenir de moi&nbsp;\u00bb, votre cookie de connexion sera conserv\u00e9 pendant deux semaines. Si vous vous d\u00e9connectez de votre compte, le cookie de connexion sera effac\u00e9.<\/p>\n\n\n\n<p>En modifiant ou en publiant une publication, un cookie suppl\u00e9mentaire sera enregistr\u00e9 dans votre navigateur. Ce cookie ne comprend aucune donn\u00e9e personnelle. Il indique simplement l\u2019ID de la publication que vous venez de modifier. Il expire au bout d\u2019un jour.<\/p>\n\n\n\n<h3 class=\"wp-block-heading\">Contenu embarqu\u00e9 depuis d\u2019autres sites<\/h3>\n\n\n\n<p>Les articles de ce site peuvent inclure des contenus int\u00e9gr\u00e9s (par exemple des vid\u00e9os, images, articles\u2026). Le contenu int\u00e9gr\u00e9 depuis d\u2019autres sites se comporte de la m\u00eame mani\u00e8re que si le visiteur se rendait sur cet autre site.<\/p>\n\n\n\n<p>Ces sites web pourraient collecter des donn\u00e9es sur vous, utiliser des cookies, embarquer des outils de suivis tiers, suivre vos interactions avec ces contenus embarqu\u00e9s si vous disposez d\u2019un compte connect\u00e9 sur leur site web.<\/p>\n\n\n\n<h3 class=\"wp-block-heading\"><strong>LIENS HYPERTEXTES VERS DES SITES TIERS<\/strong><\/h3>\n\n\n\n<p>Ce site propose des liens hypertextes pointant vers des sites Internet \u00e9dit\u00e9s par des tiers. Ces liens sont \u00e9tablis de bonne foi et la soci\u00e9t\u00e9 Micka\u00ebl PETRAZOLLER ne peut \u00eatre tenue pour responsable de modifications intervenues sur ces sites. Par cons\u00e9quent, ces liens hypertextes ne sauraient, en aucun cas, engager la responsabilit\u00e9 de la soci\u00e9t\u00e9 Micka\u00ebl PETRAZOLLER : seule la responsabilit\u00e9 des \u00e9diteurs des sites r\u00e9f\u00e9renc\u00e9s sur le site de la soci\u00e9t\u00e9 Micka\u00ebl PETRAZOLLER pourra \u00eatre engag\u00e9e.<\/p>\n\n\n\n<h2 class=\"wp-block-heading\">Utilisation et transmission de vos donn\u00e9es personnelles<\/h2>\n\n\n\n<h2 class=\"wp-block-heading\">Dur\u00e9es de stockage de vos donn\u00e9es<\/h2>\n\n\n\n<p>Si vous laissez un commentaire, le commentaire et ses m\u00e9tadonn\u00e9es sont conserv\u00e9s ind\u00e9finiment. Cela permet de reconna\u00eetre et approuver automatiquement les commentaires suivants au lieu de les laisser dans la file de mod\u00e9ration.<\/p>\n\n\n\n<p>Pour les utilisateurs et utilisatrices qui s\u2019enregistrent sur notre site (si cela est possible), nous stockons \u00e9galement les donn\u00e9es personnelles indiqu\u00e9es dans leur profil. Tous les utilisateurs et utilisatrices peuvent voir, modifier ou supprimer leurs informations personnelles \u00e0 tout moment (\u00e0 l\u2019exception de leur nom d\u2019utilisateur\u00b7ice). Les gestionnaires du site peuvent aussi voir et modifier ces informations.<\/p>\n\n\n\n<h2 class=\"wp-block-heading\">Les droits que vous avez sur vos donn\u00e9es<\/h2>\n\n\n\n<p>Si vous avez un compte ou si vous avez laiss\u00e9 des commentaires sur le site, vous pouvez demander \u00e0 recevoir un fichier contenant toutes les donn\u00e9es personnelles que nous poss\u00e9dons \u00e0 votre sujet, incluant celles que vous nous avez fournies. Vous pouvez \u00e9galement demander la suppression des donn\u00e9es personnelles vous concernant. Cela ne prend pas en compte les donn\u00e9es stock\u00e9es \u00e0 des fins administratives, l\u00e9gales ou pour des raisons de s\u00e9curit\u00e9.<\/p>\n\n\n\n<h2 class=\"wp-block-heading\">Transmission de vos donn\u00e9es personnelles<\/h2>\n\n\n\n<p>Les commentaires des visiteurs peuvent \u00eatre v\u00e9rifi\u00e9s \u00e0 l\u2019aide d\u2019un service automatis\u00e9 de d\u00e9tection des commentaires ind\u00e9sirables.<\/p>\n\n\n\n<p>La dur\u00e9e de conservation des donn\u00e9es personnelles d\u00e9pend du service souscrit. Nous nous engageons \u00e0 ne pas conserver vos donn\u00e9es personnelles au-del\u00e0 de la dur\u00e9e n\u00e9cessaire \u00e0 la fourniture du service, augment\u00e9e de la dur\u00e9e de conservation impos\u00e9e par les r\u00e8gles applicables en mati\u00e8re de prescription l\u00e9gale.<\/p>\n\n\n\n<p>Nous sommes les seuls utilisateurs des informations recueillies sur ce site. Vos informations personnelles ne seront pas vendues, \u00e9chang\u00e9es, transf\u00e9r\u00e9es, ou donn\u00e9es \u00e0 une autre soci\u00e9t\u00e9 sans votre consentement, en dehors de ce qui est n\u00e9cessaire pour r\u00e9pondre \u00e0 une demande.<\/p>\n\n\n\n<p>Sachez que vous disposez d\u2019un droit d\u2019acc\u00e8s, de rectification, d\u2019effacement, d\u2019opposition, de limitation du traitement de vos donn\u00e9es \u00e0 caract\u00e8re personnel.<\/p>\n\n\n\n<p>Vous pouvez exercer ces droits par toute demande \u00e9crite et sign\u00e9e pr\u00e9cisant l\u2019adresse \u00e0 laquelle doit parvenir la r\u00e9ponse et accompagn\u00e9e d\u2019une copie de votre pi\u00e8ce d\u2019identit\u00e9, le tout adress\u00e9 \u00e0 : Micka\u00ebl PETRAZOLLER, 7 Rue des Grives 67590 Ohlungen.<\/p>\n\n\n\n<h2 class=\"wp-block-heading\"><strong>DROIT APPLICABLE<\/strong><\/h2>\n\n\n\n<p>Ce site ainsi que les pr\u00e9sentes mentions l\u00e9gales sont soumis au droit fran\u00e7ais.<\/p>\n","protected":false},"excerpt":{"rendered":"<p>Qui sommes-nous&nbsp;? L\u2019adresse de notre site Web est&nbsp;: http:\/\/www.psytra.fr. Ce site est la propri\u00e9t\u00e9 de la soci\u00e9t\u00e9 Micka\u00ebl PETRAZOLLER, SIREN 854022605, dont les coordonn\u00e9es sont&nbsp;: Adresse du si\u00e8ge social&nbsp;: 7 Rue des Grives, 67590 Ohlungen T\u00e9l\u00e9phone&nbsp;: 07 61 10 65 85 Courrier \u00e9lectronique&nbsp;:&nbsp;m.petrazoller@psytra.fr Le Directeur de la publication du site est Monsieur Micka\u00ebl PETRAZOLLER, en&#8230; <\/p>\n","protected":false},"author":2,"featured_media":0,"parent":0,"menu_order":0,"comment_status":"closed","ping_status":"closed","template":"","meta":{"footnotes":""},"class_list":["post-3","page","type-page","status-publish","hentry"],"featured_image_urls_v2":{"full":"","thumbnail":"","medium":"","medium_large":"","large":"","1536x1536":"","2048x2048":"","homepage-thumb":""},"post_excerpt_stackable_v2":"<p>Qui sommes-nous&nbsp;? L\u2019adresse de notre site Web est&nbsp;: http:\/\/www.psytra.fr. Ce site est la propri\u00e9t\u00e9 de la soci\u00e9t\u00e9 Micka\u00ebl PETRAZOLLER, SIREN 854022605, dont les coordonn\u00e9es sont&nbsp;: Adresse du si\u00e8ge social&nbsp;: 7 Rue des Grives, 67590 Ohlungen T\u00e9l\u00e9phone&nbsp;: 07 61 10 65 85 Courrier \u00e9lectronique&nbsp;:&nbsp;m.petrazoller@psytra.fr Le Directeur de la publication du site est Monsieur Micka\u00ebl PETRAZOLLER, en sa qualit\u00e9 de g\u00e9rant. Le prestataire assurant l&rsquo;h\u00e9bergement du site ainsi que le stockage des informations est la soci\u00e9t\u00e9 OVH, SAS au capital de 10 069 020 Euros, Si\u00e8ge social au 2 rue Kellermann &#8211; 59100 Roubaix (https:\/\/www.ovh.com\/fr). La cr\u00e9ation graphique du site a \u00e9t\u00e9\u2026<\/p>\n","category_list_v2":"","author_info_v2":{"name":"webmaster","url":"https:\/\/www.psytra.fr\/index.php\/author\/webmaster\/"},"comments_num_v2":"0 commentaire","yoast_head":"<!-- This site is optimized with the Yoast SEO plugin v26.6 - https:\/\/yoast.com\/wordpress\/plugins\/seo\/ -->\n<title>Politique de confidentialit\u00e9 - Micka\u00ebl Petrazoller<\/title>\n<meta name=\"robots\" content=\"index, follow, max-snippet:-1, max-image-preview:large, max-video-preview:-1\" \/>\n<link rel=\"canonical\" href=\"https:\/\/www.psytra.fr\/index.php\/politique-de-confidentialite\/\" \/>\n<meta property=\"og:locale\" content=\"fr_FR\" \/>\n<meta property=\"og:type\" content=\"article\" \/>\n<meta property=\"og:title\" content=\"Politique de confidentialit\u00e9 - Micka\u00ebl Petrazoller\" \/>\n<meta property=\"og:description\" content=\"Qui sommes-nous&nbsp;? L\u2019adresse de notre site Web est&nbsp;: http:\/\/www.psytra.fr. Ce site est la propri\u00e9t\u00e9 de la soci\u00e9t\u00e9 Micka\u00ebl PETRAZOLLER, SIREN 854022605, dont les coordonn\u00e9es sont&nbsp;: Adresse du si\u00e8ge social&nbsp;: 7 Rue des Grives, 67590 Ohlungen T\u00e9l\u00e9phone&nbsp;: 07 61 10 65 85 Courrier \u00e9lectronique&nbsp;:&nbsp;m.petrazoller@psytra.fr Le Directeur de la publication du site est Monsieur Micka\u00ebl PETRAZOLLER, en...\" \/>\n<meta property=\"og:url\" content=\"https:\/\/www.psytra.fr\/index.php\/politique-de-confidentialite\/\" \/>\n<meta property=\"og:site_name\" content=\"Micka\u00ebl Petrazoller\" \/>\n<meta property=\"article:modified_time\" content=\"2019-09-24T19:28:39+00:00\" \/>\n<meta name=\"twitter:card\" content=\"summary_large_image\" \/>\n<meta name=\"twitter:label1\" content=\"Dur\u00e9e de lecture estim\u00e9e\" \/>\n\t<meta name=\"twitter:data1\" content=\"7 minutes\" \/>\n<script type=\"application\/ld+json\" class=\"yoast-schema-graph\">{\"@context\":\"https:\/\/schema.org\",\"@graph\":[{\"@type\":\"WebPage\",\"@id\":\"https:\/\/www.psytra.fr\/index.php\/politique-de-confidentialite\/\",\"url\":\"https:\/\/www.psytra.fr\/index.php\/politique-de-confidentialite\/\",\"name\":\"Politique de confidentialit\u00e9 - Micka\u00ebl Petrazoller\",\"isPartOf\":{\"@id\":\"https:\/\/www.psytra.fr\/#website\"},\"datePublished\":\"2019-09-18T10:01:54+00:00\",\"dateModified\":\"2019-09-24T19:28:39+00:00\",\"breadcrumb\":{\"@id\":\"https:\/\/www.psytra.fr\/index.php\/politique-de-confidentialite\/#breadcrumb\"},\"inLanguage\":\"fr-FR\",\"potentialAction\":[{\"@type\":\"ReadAction\",\"target\":[\"https:\/\/www.psytra.fr\/index.php\/politique-de-confidentialite\/\"]}]},{\"@type\":\"BreadcrumbList\",\"@id\":\"https:\/\/www.psytra.fr\/index.php\/politique-de-confidentialite\/#breadcrumb\",\"itemListElement\":[{\"@type\":\"ListItem\",\"position\":1,\"name\":\"Accueil\",\"item\":\"https:\/\/www.psytra.fr\/\"},{\"@type\":\"ListItem\",\"position\":2,\"name\":\"Politique de confidentialit\u00e9\"}]},{\"@type\":\"WebSite\",\"@id\":\"https:\/\/www.psytra.fr\/#website\",\"url\":\"https:\/\/www.psytra.fr\/\",\"name\":\"Micka\u00ebl Petrazoller\",\"description\":\"Psychologue, Psychoth\u00e9rapeute TCC \u00e0 Haguenau\",\"potentialAction\":[{\"@type\":\"SearchAction\",\"target\":{\"@type\":\"EntryPoint\",\"urlTemplate\":\"https:\/\/www.psytra.fr\/?s={search_term_string}\"},\"query-input\":{\"@type\":\"PropertyValueSpecification\",\"valueRequired\":true,\"valueName\":\"search_term_string\"}}],\"inLanguage\":\"fr-FR\"}]}<\/script>\n<!-- \/ Yoast SEO plugin. -->","yoast_head_json":{"title":"Politique de confidentialit\u00e9 - Micka\u00ebl Petrazoller","robots":{"index":"index","follow":"follow","max-snippet":"max-snippet:-1","max-image-preview":"max-image-preview:large","max-video-preview":"max-video-preview:-1"},"canonical":"https:\/\/www.psytra.fr\/index.php\/politique-de-confidentialite\/","og_locale":"fr_FR","og_type":"article","og_title":"Politique de confidentialit\u00e9 - Micka\u00ebl Petrazoller","og_description":"Qui sommes-nous&nbsp;? L\u2019adresse de notre site Web est&nbsp;: http:\/\/www.psytra.fr. Ce site est la propri\u00e9t\u00e9 de la soci\u00e9t\u00e9 Micka\u00ebl PETRAZOLLER, SIREN 854022605, dont les coordonn\u00e9es sont&nbsp;: Adresse du si\u00e8ge social&nbsp;: 7 Rue des Grives, 67590 Ohlungen T\u00e9l\u00e9phone&nbsp;: 07 61 10 65 85 Courrier \u00e9lectronique&nbsp;:&nbsp;m.petrazoller@psytra.fr Le Directeur de la publication du site est Monsieur Micka\u00ebl PETRAZOLLER, en...","og_url":"https:\/\/www.psytra.fr\/index.php\/politique-de-confidentialite\/","og_site_name":"Micka\u00ebl Petrazoller","article_modified_time":"2019-09-24T19:28:39+00:00","twitter_card":"summary_large_image","twitter_misc":{"Dur\u00e9e de lecture estim\u00e9e":"7 minutes"},"schema":{"@context":"https:\/\/schema.org","@graph":[{"@type":"WebPage","@id":"https:\/\/www.psytra.fr\/index.php\/politique-de-confidentialite\/","url":"https:\/\/www.psytra.fr\/index.php\/politique-de-confidentialite\/","name":"Politique de confidentialit\u00e9 - Micka\u00ebl Petrazoller","isPartOf":{"@id":"https:\/\/www.psytra.fr\/#website"},"datePublished":"2019-09-18T10:01:54+00:00","dateModified":"2019-09-24T19:28:39+00:00","breadcrumb":{"@id":"https:\/\/www.psytra.fr\/index.php\/politique-de-confidentialite\/#breadcrumb"},"inLanguage":"fr-FR","potentialAction":[{"@type":"ReadAction","target":["https:\/\/www.psytra.fr\/index.php\/politique-de-confidentialite\/"]}]},{"@type":"BreadcrumbList","@id":"https:\/\/www.psytra.fr\/index.php\/politique-de-confidentialite\/#breadcrumb","itemListElement":[{"@type":"ListItem","position":1,"name":"Accueil","item":"https:\/\/www.psytra.fr\/"},{"@type":"ListItem","position":2,"name":"Politique de confidentialit\u00e9"}]},{"@type":"WebSite","@id":"https:\/\/www.psytra.fr\/#website","url":"https:\/\/www.psytra.fr\/","name":"Micka\u00ebl Petrazoller","description":"Psychologue, Psychoth\u00e9rapeute TCC \u00e0 Haguenau","potentialAction":[{"@type":"SearchAction","target":{"@type":"EntryPoint","urlTemplate":"https:\/\/www.psytra.fr\/?s={search_term_string}"},"query-input":{"@type":"PropertyValueSpecification","valueRequired":true,"valueName":"search_term_string"}}],"inLanguage":"fr-FR"}]}},"jetpack_sharing_enabled":true,"_links":{"self":[{"href":"https:\/\/www.psytra.fr\/index.php\/wp-json\/wp\/v2\/pages\/3","targetHints":{"allow":["GET"]}}],"collection":[{"href":"https:\/\/www.psytra.fr\/index.php\/wp-json\/wp\/v2\/pages"}],"about":[{"href":"https:\/\/www.psytra.fr\/index.php\/wp-json\/wp\/v2\/types\/page"}],"author":[{"embeddable":true,"href":"https:\/\/www.psytra.fr\/index.php\/wp-json\/wp\/v2\/users\/2"}],"replies":[{"embeddable":true,"href":"https:\/\/www.psytra.fr\/index.php\/wp-json\/wp\/v2\/comments?post=3"}],"version-history":[{"count":5,"href":"https:\/\/www.psytra.fr\/index.php\/wp-json\/wp\/v2\/pages\/3\/revisions"}],"predecessor-version":[{"id":431,"href":"https:\/\/www.psytra.fr\/index.php\/wp-json\/wp\/v2\/pages\/3\/revisions\/431"}],"wp:attachment":[{"href":"https:\/\/www.psytra.fr\/index.php\/wp-json\/wp\/v2\/media?parent=3"}],"curies":[{"name":"wp","href":"https:\/\/api.w.org\/{rel}","templated":true}]}}