{"id":355,"date":"2019-09-23T20:57:25","date_gmt":"2019-09-23T18:57:25","guid":{"rendered":"https:\/\/www.psytra.fr\/?page_id=355"},"modified":"2019-11-03T22:28:47","modified_gmt":"2019-11-03T21:28:47","slug":"des-centaines-d-outils-disponibles","status":"publish","type":"page","link":"https:\/\/www.psytra.fr\/index.php\/des-centaines-d-outils-disponibles\/","title":{"rendered":"Des centaines d&rsquo;outils disponibles"},"content":{"rendered":"\n<p>En TCC, on utilise des tests, questionnaires, exercices\u2026 Vous  pouvez donc observer votre \u00e9volution tout au long de la th\u00e9rapie.<\/p>\n\n\n\n<p>Pour tous les troubles, des centaines d&rsquo;auteurs ont cr\u00e9e de nombreux questionnaires et exercices permettant d&rsquo;aborder le probl\u00e8me et de le quantifier. Ainsi, le patient peut se situer par rapport \u00e0 une norme qui a \u00e9t\u00e9 \u00e9tablie par les \u00e9tudes scientifiques.<\/p>\n\n\n\n<p>Le th\u00e9rapeute TCC prend soin de proposer les questionnaires aussi souvent que possible, afin d&rsquo;\u00e9valuer l&rsquo;\u00e9volution du patient. Les exercices sont, eux, propos\u00e9s quand le th\u00e9rapeute estime qu&rsquo;ils peuvent apporter quelque chose au patient.<\/p>\n\n\n\n<p>Des t\u00e2ches \u00e0 domicile sont \u00e9galement souvent demand\u00e9es afin que le patient travaille sur la r\u00e9solution de son probl\u00e8me entre deux s\u00e9ances et qu&rsquo;il gagne du temps en th\u00e9rapie (et donc de l&rsquo;argent).<\/p>\n\n\n\n<p>Exemple de questionnaire fr\u00e9quemment utilis\u00e9 dans l&rsquo;insomnie : <\/p>\n\n\n\n<figure class=\"wp-block-image\"><img loading=\"lazy\" decoding=\"async\" width=\"1024\" height=\"644\" src=\"https:\/\/www.psytra.fr\/wp-content\/uploads\/2019\/11\/petrazoller-psychologue-tcc-haguenau-1024x644.png\" alt=\"\" class=\"wp-image-540\" srcset=\"https:\/\/www.psytra.fr\/wp-content\/uploads\/2019\/11\/petrazoller-psychologue-tcc-haguenau-1024x644.png 1024w, https:\/\/www.psytra.fr\/wp-content\/uploads\/2019\/11\/petrazoller-psychologue-tcc-haguenau-300x189.png 300w, https:\/\/www.psytra.fr\/wp-content\/uploads\/2019\/11\/petrazoller-psychologue-tcc-haguenau-768x483.png 768w, https:\/\/www.psytra.fr\/wp-content\/uploads\/2019\/11\/petrazoller-psychologue-tcc-haguenau.png 1319w\" sizes=\"auto, (max-width: 1024px) 100vw, 1024px\" \/><\/figure>\n\n\n\n<p> (Source : <a href=\"http:\/\/www.sommeil-mg.net\/\">http:\/\/www.sommeil-mg.net\/<\/a>)<\/p>\n\n\n\n<p>Pour en savoir plus, rendez-vous sur les pages suivantes : <\/p>\n\n\n\n<p><a href=\"https:\/\/www.psytra.fr\/index.php\/psychologie-clinique-et-tcc\/\">https:\/\/www.psytra.fr\/index.php\/psychologie-clinique-et-tcc\/<\/a> <\/p>\n\n\n\n<p><a href=\"https:\/\/www.psytra.fr\/index.php\/comportements-et-cognitions\/\">https:\/\/www.psytra.fr\/index.php\/comportements-et-cognitions\/<\/a><\/p>\n\n\n\n<pre class=\"wp-block-preformatted\">R\u00e9dig\u00e9 par Micka\u00ebl PETRAZOLLER, Psychologue Clinicien, Psychoth\u00e9rapeute, \u00e0 Haguenau.<\/pre>\n","protected":false},"excerpt":{"rendered":"<p>En TCC, on utilise des tests, questionnaires, exercices\u2026 Vous pouvez donc observer votre \u00e9volution tout au long de la th\u00e9rapie. Pour tous les troubles, des centaines d&rsquo;auteurs ont cr\u00e9e de nombreux questionnaires et exercices permettant d&rsquo;aborder le probl\u00e8me et de le quantifier. Ainsi, le patient peut se situer par rapport \u00e0 une norme qui a&#8230; <\/p>\n","protected":false},"author":3,"featured_media":0,"parent":0,"menu_order":0,"comment_status":"closed","ping_status":"closed","template":"","meta":{"footnotes":""},"class_list":["post-355","page","type-page","status-publish","hentry"],"featured_image_urls_v2":{"full":"","thumbnail":"","medium":"","medium_large":"","large":"","1536x1536":"","2048x2048":"","homepage-thumb":""},"post_excerpt_stackable_v2":"<p>En TCC, on utilise des tests, questionnaires, exercices\u2026 Vous pouvez donc observer votre \u00e9volution tout au long de la th\u00e9rapie. Pour tous les troubles, des centaines d&rsquo;auteurs ont cr\u00e9e de nombreux questionnaires et exercices permettant d&rsquo;aborder le probl\u00e8me et de le quantifier. Ainsi, le patient peut se situer par rapport \u00e0 une norme qui a \u00e9t\u00e9 \u00e9tablie par les \u00e9tudes scientifiques. Le th\u00e9rapeute TCC prend soin de proposer les questionnaires aussi souvent que possible, afin d&rsquo;\u00e9valuer l&rsquo;\u00e9volution du patient. Les exercices sont, eux, propos\u00e9s quand le th\u00e9rapeute estime qu&rsquo;ils peuvent apporter quelque chose au patient. Des t\u00e2ches \u00e0 domicile sont\u2026<\/p>\n","category_list_v2":"","author_info_v2":{"name":"M Petrazoller","url":"https:\/\/www.psytra.fr\/index.php\/author\/mpetra\/"},"comments_num_v2":"0 commentaire","yoast_head":"<!-- This site is optimized with the Yoast SEO plugin v26.6 - https:\/\/yoast.com\/wordpress\/plugins\/seo\/ -->\n<title>Des centaines d&#039;outils pour visualiser votre \u00e9volution au quotidien<\/title>\n<meta name=\"description\" content=\"Le th\u00e9rapeute TCC prend soin de proposer les questionnaires aussi souvent que possible, afin d&#039;\u00e9valuer l&#039;\u00e9volution du patient.\" \/>\n<meta name=\"robots\" content=\"index, follow, max-snippet:-1, max-image-preview:large, max-video-preview:-1\" \/>\n<link rel=\"canonical\" href=\"https:\/\/www.psytra.fr\/index.php\/des-centaines-d-outils-disponibles\/\" \/>\n<meta property=\"og:locale\" content=\"fr_FR\" \/>\n<meta property=\"og:type\" content=\"article\" \/>\n<meta property=\"og:title\" content=\"Des centaines d&#039;outils pour visualiser votre \u00e9volution au quotidien\" \/>\n<meta property=\"og:description\" content=\"Le th\u00e9rapeute TCC prend soin de proposer les questionnaires aussi souvent que possible, afin d&#039;\u00e9valuer l&#039;\u00e9volution du patient.\" \/>\n<meta property=\"og:url\" content=\"https:\/\/www.psytra.fr\/index.php\/des-centaines-d-outils-disponibles\/\" \/>\n<meta property=\"og:site_name\" content=\"Micka\u00ebl Petrazoller\" \/>\n<meta property=\"article:modified_time\" content=\"2019-11-03T21:28:47+00:00\" \/>\n<meta property=\"og:image\" content=\"https:\/\/www.psytra.fr\/wp-content\/uploads\/2019\/11\/petrazoller-psychologue-tcc-haguenau.png\" \/>\n\t<meta property=\"og:image:width\" content=\"1319\" \/>\n\t<meta property=\"og:image:height\" content=\"829\" \/>\n\t<meta property=\"og:image:type\" content=\"image\/png\" \/>\n<meta name=\"twitter:card\" content=\"summary_large_image\" \/>\n<meta name=\"twitter:label1\" content=\"Dur\u00e9e de lecture estim\u00e9e\" \/>\n\t<meta name=\"twitter:data1\" content=\"1 minute\" \/>\n<script type=\"application\/ld+json\" class=\"yoast-schema-graph\">{\"@context\":\"https:\/\/schema.org\",\"@graph\":[{\"@type\":\"WebPage\",\"@id\":\"https:\/\/www.psytra.fr\/index.php\/des-centaines-d-outils-disponibles\/\",\"url\":\"https:\/\/www.psytra.fr\/index.php\/des-centaines-d-outils-disponibles\/\",\"name\":\"Des centaines d'outils pour visualiser votre \u00e9volution au quotidien\",\"isPartOf\":{\"@id\":\"https:\/\/www.psytra.fr\/#website\"},\"primaryImageOfPage\":{\"@id\":\"https:\/\/www.psytra.fr\/index.php\/des-centaines-d-outils-disponibles\/#primaryimage\"},\"image\":{\"@id\":\"https:\/\/www.psytra.fr\/index.php\/des-centaines-d-outils-disponibles\/#primaryimage\"},\"thumbnailUrl\":\"https:\/\/www.psytra.fr\/wp-content\/uploads\/2019\/11\/petrazoller-psychologue-tcc-haguenau-1024x644.png\",\"datePublished\":\"2019-09-23T18:57:25+00:00\",\"dateModified\":\"2019-11-03T21:28:47+00:00\",\"description\":\"Le th\u00e9rapeute TCC prend soin de proposer les questionnaires aussi souvent que possible, afin d'\u00e9valuer l'\u00e9volution du patient.\",\"breadcrumb\":{\"@id\":\"https:\/\/www.psytra.fr\/index.php\/des-centaines-d-outils-disponibles\/#breadcrumb\"},\"inLanguage\":\"fr-FR\",\"potentialAction\":[{\"@type\":\"ReadAction\",\"target\":[\"https:\/\/www.psytra.fr\/index.php\/des-centaines-d-outils-disponibles\/\"]}]},{\"@type\":\"ImageObject\",\"inLanguage\":\"fr-FR\",\"@id\":\"https:\/\/www.psytra.fr\/index.php\/des-centaines-d-outils-disponibles\/#primaryimage\",\"url\":\"https:\/\/www.psytra.fr\/wp-content\/uploads\/2019\/11\/petrazoller-psychologue-tcc-haguenau.png\",\"contentUrl\":\"https:\/\/www.psytra.fr\/wp-content\/uploads\/2019\/11\/petrazoller-psychologue-tcc-haguenau.png\",\"width\":1319,\"height\":829},{\"@type\":\"BreadcrumbList\",\"@id\":\"https:\/\/www.psytra.fr\/index.php\/des-centaines-d-outils-disponibles\/#breadcrumb\",\"itemListElement\":[{\"@type\":\"ListItem\",\"position\":1,\"name\":\"Accueil\",\"item\":\"https:\/\/www.psytra.fr\/\"},{\"@type\":\"ListItem\",\"position\":2,\"name\":\"Des centaines d&rsquo;outils disponibles\"}]},{\"@type\":\"WebSite\",\"@id\":\"https:\/\/www.psytra.fr\/#website\",\"url\":\"https:\/\/www.psytra.fr\/\",\"name\":\"Micka\u00ebl Petrazoller\",\"description\":\"Psychologue, Psychoth\u00e9rapeute TCC \u00e0 Haguenau\",\"potentialAction\":[{\"@type\":\"SearchAction\",\"target\":{\"@type\":\"EntryPoint\",\"urlTemplate\":\"https:\/\/www.psytra.fr\/?s={search_term_string}\"},\"query-input\":{\"@type\":\"PropertyValueSpecification\",\"valueRequired\":true,\"valueName\":\"search_term_string\"}}],\"inLanguage\":\"fr-FR\"}]}<\/script>\n<!-- \/ Yoast SEO plugin. -->","yoast_head_json":{"title":"Des centaines d'outils pour visualiser votre \u00e9volution au quotidien","description":"Le th\u00e9rapeute TCC prend soin de proposer les questionnaires aussi souvent que possible, afin d'\u00e9valuer l'\u00e9volution du patient.","robots":{"index":"index","follow":"follow","max-snippet":"max-snippet:-1","max-image-preview":"max-image-preview:large","max-video-preview":"max-video-preview:-1"},"canonical":"https:\/\/www.psytra.fr\/index.php\/des-centaines-d-outils-disponibles\/","og_locale":"fr_FR","og_type":"article","og_title":"Des centaines d'outils pour visualiser votre \u00e9volution au quotidien","og_description":"Le th\u00e9rapeute TCC prend soin de proposer les questionnaires aussi souvent que possible, afin d'\u00e9valuer l'\u00e9volution du patient.","og_url":"https:\/\/www.psytra.fr\/index.php\/des-centaines-d-outils-disponibles\/","og_site_name":"Micka\u00ebl Petrazoller","article_modified_time":"2019-11-03T21:28:47+00:00","og_image":[{"width":1319,"height":829,"url":"https:\/\/www.psytra.fr\/wp-content\/uploads\/2019\/11\/petrazoller-psychologue-tcc-haguenau.png","type":"image\/png"}],"twitter_card":"summary_large_image","twitter_misc":{"Dur\u00e9e de lecture estim\u00e9e":"1 minute"},"schema":{"@context":"https:\/\/schema.org","@graph":[{"@type":"WebPage","@id":"https:\/\/www.psytra.fr\/index.php\/des-centaines-d-outils-disponibles\/","url":"https:\/\/www.psytra.fr\/index.php\/des-centaines-d-outils-disponibles\/","name":"Des centaines d'outils pour visualiser votre \u00e9volution au quotidien","isPartOf":{"@id":"https:\/\/www.psytra.fr\/#website"},"primaryImageOfPage":{"@id":"https:\/\/www.psytra.fr\/index.php\/des-centaines-d-outils-disponibles\/#primaryimage"},"image":{"@id":"https:\/\/www.psytra.fr\/index.php\/des-centaines-d-outils-disponibles\/#primaryimage"},"thumbnailUrl":"https:\/\/www.psytra.fr\/wp-content\/uploads\/2019\/11\/petrazoller-psychologue-tcc-haguenau-1024x644.png","datePublished":"2019-09-23T18:57:25+00:00","dateModified":"2019-11-03T21:28:47+00:00","description":"Le th\u00e9rapeute TCC prend soin de proposer les questionnaires aussi souvent que possible, afin d'\u00e9valuer l'\u00e9volution du patient.","breadcrumb":{"@id":"https:\/\/www.psytra.fr\/index.php\/des-centaines-d-outils-disponibles\/#breadcrumb"},"inLanguage":"fr-FR","potentialAction":[{"@type":"ReadAction","target":["https:\/\/www.psytra.fr\/index.php\/des-centaines-d-outils-disponibles\/"]}]},{"@type":"ImageObject","inLanguage":"fr-FR","@id":"https:\/\/www.psytra.fr\/index.php\/des-centaines-d-outils-disponibles\/#primaryimage","url":"https:\/\/www.psytra.fr\/wp-content\/uploads\/2019\/11\/petrazoller-psychologue-tcc-haguenau.png","contentUrl":"https:\/\/www.psytra.fr\/wp-content\/uploads\/2019\/11\/petrazoller-psychologue-tcc-haguenau.png","width":1319,"height":829},{"@type":"BreadcrumbList","@id":"https:\/\/www.psytra.fr\/index.php\/des-centaines-d-outils-disponibles\/#breadcrumb","itemListElement":[{"@type":"ListItem","position":1,"name":"Accueil","item":"https:\/\/www.psytra.fr\/"},{"@type":"ListItem","position":2,"name":"Des centaines d&rsquo;outils disponibles"}]},{"@type":"WebSite","@id":"https:\/\/www.psytra.fr\/#website","url":"https:\/\/www.psytra.fr\/","name":"Micka\u00ebl Petrazoller","description":"Psychologue, Psychoth\u00e9rapeute TCC \u00e0 Haguenau","potentialAction":[{"@type":"SearchAction","target":{"@type":"EntryPoint","urlTemplate":"https:\/\/www.psytra.fr\/?s={search_term_string}"},"query-input":{"@type":"PropertyValueSpecification","valueRequired":true,"valueName":"search_term_string"}}],"inLanguage":"fr-FR"}]}},"jetpack_sharing_enabled":true,"_links":{"self":[{"href":"https:\/\/www.psytra.fr\/index.php\/wp-json\/wp\/v2\/pages\/355","targetHints":{"allow":["GET"]}}],"collection":[{"href":"https:\/\/www.psytra.fr\/index.php\/wp-json\/wp\/v2\/pages"}],"about":[{"href":"https:\/\/www.psytra.fr\/index.php\/wp-json\/wp\/v2\/types\/page"}],"author":[{"embeddable":true,"href":"https:\/\/www.psytra.fr\/index.php\/wp-json\/wp\/v2\/users\/3"}],"replies":[{"embeddable":true,"href":"https:\/\/www.psytra.fr\/index.php\/wp-json\/wp\/v2\/comments?post=355"}],"version-history":[{"count":8,"href":"https:\/\/www.psytra.fr\/index.php\/wp-json\/wp\/v2\/pages\/355\/revisions"}],"predecessor-version":[{"id":542,"href":"https:\/\/www.psytra.fr\/index.php\/wp-json\/wp\/v2\/pages\/355\/revisions\/542"}],"wp:attachment":[{"href":"https:\/\/www.psytra.fr\/index.php\/wp-json\/wp\/v2\/media?parent=355"}],"curies":[{"name":"wp","href":"https:\/\/api.w.org\/{rel}","templated":true}]}}