{"id":604,"date":"2020-01-09T16:44:47","date_gmt":"2020-01-09T15:44:47","guid":{"rendered":"https:\/\/www.psytra.fr\/?page_id=604"},"modified":"2020-01-26T16:09:04","modified_gmt":"2020-01-26T15:09:04","slug":"la-les-depressions","status":"publish","type":"page","link":"https:\/\/www.psytra.fr\/index.php\/la-les-depressions\/","title":{"rendered":"La (les) d\u00e9pressions"},"content":{"rendered":"\n<p> Vous vous sentez abattu ? Vous n\u2019aimez plus les choses comme avant ? Vous ressentez de la fatigue, des douleurs physiques, un trop plein \u00e9motionnel ? <\/p>\n\n\n\n<p><span style=\"color: #ff6900;\" class=\"ugb-highlight\">Acc\u00e8s r\u00e9serv\u00e9 aux patients :<\/span> <a href=\"https:\/\/www.psytra.fr\/index.php\/documents-tcc-de-la-depression\/\" target=\"_blank\" rel=\"noreferrer noopener\" aria-label=\"cliquez-ici. (s\u2019ouvre dans un nouvel onglet)\"><span style=\"color: #0693e3;\" class=\"ugb-highlight\">cliquez-ici.<\/span><\/a><\/p>\n","protected":false},"excerpt":{"rendered":"<p>Vous vous sentez abattu ? Vous n\u2019aimez plus les choses comme avant ? Vous ressentez de la fatigue, des douleurs physiques, un trop plein \u00e9motionnel ? Acc\u00e8s r\u00e9serv\u00e9 aux patients : cliquez-ici.<\/p>\n","protected":false},"author":3,"featured_media":0,"parent":0,"menu_order":0,"comment_status":"closed","ping_status":"closed","template":"","meta":{"footnotes":""},"class_list":["post-604","page","type-page","status-publish","hentry"],"featured_image_urls_v2":{"full":"","thumbnail":"","medium":"","medium_large":"","large":"","1536x1536":"","2048x2048":"","homepage-thumb":""},"post_excerpt_stackable_v2":"<p>Vous vous sentez abattu ? Vous n\u2019aimez plus les choses comme avant ? Vous ressentez de la fatigue, des douleurs physiques, un trop plein \u00e9motionnel ? Acc\u00e8s r\u00e9serv\u00e9 aux patients : cliquez-ici.<\/p>\n","category_list_v2":"","author_info_v2":{"name":"M Petrazoller","url":"https:\/\/www.psytra.fr\/index.php\/author\/mpetra\/"},"comments_num_v2":"0 commentaire","yoast_head":"<!-- This site is optimized with the Yoast SEO plugin v26.6 - https:\/\/yoast.com\/wordpress\/plugins\/seo\/ -->\n<title>La (les) d\u00e9pressions - Micka\u00ebl Petrazoller<\/title>\n<meta name=\"robots\" content=\"index, follow, max-snippet:-1, max-image-preview:large, max-video-preview:-1\" \/>\n<link rel=\"canonical\" href=\"https:\/\/www.psytra.fr\/index.php\/la-les-depressions\/\" \/>\n<meta property=\"og:locale\" content=\"fr_FR\" \/>\n<meta property=\"og:type\" content=\"article\" \/>\n<meta property=\"og:title\" content=\"La (les) d\u00e9pressions - Micka\u00ebl Petrazoller\" \/>\n<meta property=\"og:description\" content=\"Vous vous sentez abattu ? Vous n\u2019aimez plus les choses comme avant ? Vous ressentez de la fatigue, des douleurs physiques, un trop plein \u00e9motionnel ? Acc\u00e8s r\u00e9serv\u00e9 aux patients : cliquez-ici.\" \/>\n<meta property=\"og:url\" content=\"https:\/\/www.psytra.fr\/index.php\/la-les-depressions\/\" \/>\n<meta property=\"og:site_name\" content=\"Micka\u00ebl Petrazoller\" \/>\n<meta property=\"article:modified_time\" content=\"2020-01-26T15:09:04+00:00\" \/>\n<meta name=\"twitter:card\" content=\"summary_large_image\" \/>\n<script type=\"application\/ld+json\" class=\"yoast-schema-graph\">{\"@context\":\"https:\/\/schema.org\",\"@graph\":[{\"@type\":\"WebPage\",\"@id\":\"https:\/\/www.psytra.fr\/index.php\/la-les-depressions\/\",\"url\":\"https:\/\/www.psytra.fr\/index.php\/la-les-depressions\/\",\"name\":\"La (les) d\u00e9pressions - Micka\u00ebl Petrazoller\",\"isPartOf\":{\"@id\":\"https:\/\/www.psytra.fr\/#website\"},\"datePublished\":\"2020-01-09T15:44:47+00:00\",\"dateModified\":\"2020-01-26T15:09:04+00:00\",\"breadcrumb\":{\"@id\":\"https:\/\/www.psytra.fr\/index.php\/la-les-depressions\/#breadcrumb\"},\"inLanguage\":\"fr-FR\",\"potentialAction\":[{\"@type\":\"ReadAction\",\"target\":[\"https:\/\/www.psytra.fr\/index.php\/la-les-depressions\/\"]}]},{\"@type\":\"BreadcrumbList\",\"@id\":\"https:\/\/www.psytra.fr\/index.php\/la-les-depressions\/#breadcrumb\",\"itemListElement\":[{\"@type\":\"ListItem\",\"position\":1,\"name\":\"Accueil\",\"item\":\"https:\/\/www.psytra.fr\/\"},{\"@type\":\"ListItem\",\"position\":2,\"name\":\"La (les) d\u00e9pressions\"}]},{\"@type\":\"WebSite\",\"@id\":\"https:\/\/www.psytra.fr\/#website\",\"url\":\"https:\/\/www.psytra.fr\/\",\"name\":\"Micka\u00ebl Petrazoller\",\"description\":\"Psychologue, Psychoth\u00e9rapeute TCC \u00e0 Haguenau\",\"potentialAction\":[{\"@type\":\"SearchAction\",\"target\":{\"@type\":\"EntryPoint\",\"urlTemplate\":\"https:\/\/www.psytra.fr\/?s={search_term_string}\"},\"query-input\":{\"@type\":\"PropertyValueSpecification\",\"valueRequired\":true,\"valueName\":\"search_term_string\"}}],\"inLanguage\":\"fr-FR\"}]}<\/script>\n<!-- \/ Yoast SEO plugin. -->","yoast_head_json":{"title":"La (les) d\u00e9pressions - Micka\u00ebl Petrazoller","robots":{"index":"index","follow":"follow","max-snippet":"max-snippet:-1","max-image-preview":"max-image-preview:large","max-video-preview":"max-video-preview:-1"},"canonical":"https:\/\/www.psytra.fr\/index.php\/la-les-depressions\/","og_locale":"fr_FR","og_type":"article","og_title":"La (les) d\u00e9pressions - Micka\u00ebl Petrazoller","og_description":"Vous vous sentez abattu ? Vous n\u2019aimez plus les choses comme avant ? Vous ressentez de la fatigue, des douleurs physiques, un trop plein \u00e9motionnel ? Acc\u00e8s r\u00e9serv\u00e9 aux patients : cliquez-ici.","og_url":"https:\/\/www.psytra.fr\/index.php\/la-les-depressions\/","og_site_name":"Micka\u00ebl Petrazoller","article_modified_time":"2020-01-26T15:09:04+00:00","twitter_card":"summary_large_image","schema":{"@context":"https:\/\/schema.org","@graph":[{"@type":"WebPage","@id":"https:\/\/www.psytra.fr\/index.php\/la-les-depressions\/","url":"https:\/\/www.psytra.fr\/index.php\/la-les-depressions\/","name":"La (les) d\u00e9pressions - Micka\u00ebl Petrazoller","isPartOf":{"@id":"https:\/\/www.psytra.fr\/#website"},"datePublished":"2020-01-09T15:44:47+00:00","dateModified":"2020-01-26T15:09:04+00:00","breadcrumb":{"@id":"https:\/\/www.psytra.fr\/index.php\/la-les-depressions\/#breadcrumb"},"inLanguage":"fr-FR","potentialAction":[{"@type":"ReadAction","target":["https:\/\/www.psytra.fr\/index.php\/la-les-depressions\/"]}]},{"@type":"BreadcrumbList","@id":"https:\/\/www.psytra.fr\/index.php\/la-les-depressions\/#breadcrumb","itemListElement":[{"@type":"ListItem","position":1,"name":"Accueil","item":"https:\/\/www.psytra.fr\/"},{"@type":"ListItem","position":2,"name":"La (les) d\u00e9pressions"}]},{"@type":"WebSite","@id":"https:\/\/www.psytra.fr\/#website","url":"https:\/\/www.psytra.fr\/","name":"Micka\u00ebl Petrazoller","description":"Psychologue, Psychoth\u00e9rapeute TCC \u00e0 Haguenau","potentialAction":[{"@type":"SearchAction","target":{"@type":"EntryPoint","urlTemplate":"https:\/\/www.psytra.fr\/?s={search_term_string}"},"query-input":{"@type":"PropertyValueSpecification","valueRequired":true,"valueName":"search_term_string"}}],"inLanguage":"fr-FR"}]}},"jetpack_sharing_enabled":true,"_links":{"self":[{"href":"https:\/\/www.psytra.fr\/index.php\/wp-json\/wp\/v2\/pages\/604","targetHints":{"allow":["GET"]}}],"collection":[{"href":"https:\/\/www.psytra.fr\/index.php\/wp-json\/wp\/v2\/pages"}],"about":[{"href":"https:\/\/www.psytra.fr\/index.php\/wp-json\/wp\/v2\/types\/page"}],"author":[{"embeddable":true,"href":"https:\/\/www.psytra.fr\/index.php\/wp-json\/wp\/v2\/users\/3"}],"replies":[{"embeddable":true,"href":"https:\/\/www.psytra.fr\/index.php\/wp-json\/wp\/v2\/comments?post=604"}],"version-history":[{"count":3,"href":"https:\/\/www.psytra.fr\/index.php\/wp-json\/wp\/v2\/pages\/604\/revisions"}],"predecessor-version":[{"id":691,"href":"https:\/\/www.psytra.fr\/index.php\/wp-json\/wp\/v2\/pages\/604\/revisions\/691"}],"wp:attachment":[{"href":"https:\/\/www.psytra.fr\/index.php\/wp-json\/wp\/v2\/media?parent=604"}],"curies":[{"name":"wp","href":"https:\/\/api.w.org\/{rel}","templated":true}]}}