{"id":608,"date":"2020-01-09T16:47:00","date_gmt":"2020-01-09T15:47:00","guid":{"rendered":"https:\/\/www.psytra.fr\/?page_id=608"},"modified":"2020-01-11T16:57:36","modified_gmt":"2020-01-11T15:57:36","slug":"les-phobies","status":"publish","type":"page","link":"https:\/\/www.psytra.fr\/index.php\/les-phobies\/","title":{"rendered":"Les phobies"},"content":{"rendered":"\n<p>Peur des insectes, de l\u2019ascenseur ou de l&rsquo;avion ? Vous ne sortez plus par peur de voir appara\u00eetre une panique intense ? Vous \u00eates paralys\u00e9 \u00e0 l\u2019id\u00e9e de discuter avec un inconnu ? <\/p>\n","protected":false},"excerpt":{"rendered":"<p>Peur des insectes, de l\u2019ascenseur ou de l&rsquo;avion ? Vous ne sortez plus par peur de voir appara\u00eetre une panique intense ? Vous \u00eates paralys\u00e9 \u00e0 l\u2019id\u00e9e de discuter avec un inconnu ?<\/p>\n","protected":false},"author":3,"featured_media":0,"parent":0,"menu_order":0,"comment_status":"closed","ping_status":"closed","template":"","meta":{"footnotes":""},"class_list":["post-608","page","type-page","status-publish","hentry"],"featured_image_urls_v2":{"full":"","thumbnail":"","medium":"","medium_large":"","large":"","1536x1536":"","2048x2048":"","homepage-thumb":""},"post_excerpt_stackable_v2":"<p>Peur des insectes, de l\u2019ascenseur ou de l&rsquo;avion ? Vous ne sortez plus par peur de voir appara\u00eetre une panique intense ? Vous \u00eates paralys\u00e9 \u00e0 l\u2019id\u00e9e de discuter avec un inconnu ?<\/p>\n","category_list_v2":"","author_info_v2":{"name":"M Petrazoller","url":"https:\/\/www.psytra.fr\/index.php\/author\/mpetra\/"},"comments_num_v2":"0 commentaire","yoast_head":"<!-- This site is optimized with the Yoast SEO plugin v26.6 - https:\/\/yoast.com\/wordpress\/plugins\/seo\/ -->\n<title>Les phobies - Micka\u00ebl Petrazoller<\/title>\n<meta name=\"robots\" content=\"index, follow, max-snippet:-1, max-image-preview:large, max-video-preview:-1\" \/>\n<link rel=\"canonical\" href=\"https:\/\/www.psytra.fr\/index.php\/les-phobies\/\" \/>\n<meta property=\"og:locale\" content=\"fr_FR\" \/>\n<meta property=\"og:type\" content=\"article\" \/>\n<meta property=\"og:title\" content=\"Les phobies - Micka\u00ebl Petrazoller\" \/>\n<meta property=\"og:description\" content=\"Peur des insectes, de l\u2019ascenseur ou de l&rsquo;avion ? Vous ne sortez plus par peur de voir appara\u00eetre une panique intense ? Vous \u00eates paralys\u00e9 \u00e0 l\u2019id\u00e9e de discuter avec un inconnu ?\" \/>\n<meta property=\"og:url\" content=\"https:\/\/www.psytra.fr\/index.php\/les-phobies\/\" \/>\n<meta property=\"og:site_name\" content=\"Micka\u00ebl Petrazoller\" \/>\n<meta property=\"article:modified_time\" content=\"2020-01-11T15:57:36+00:00\" \/>\n<meta name=\"twitter:card\" content=\"summary_large_image\" \/>\n<script type=\"application\/ld+json\" class=\"yoast-schema-graph\">{\"@context\":\"https:\/\/schema.org\",\"@graph\":[{\"@type\":\"WebPage\",\"@id\":\"https:\/\/www.psytra.fr\/index.php\/les-phobies\/\",\"url\":\"https:\/\/www.psytra.fr\/index.php\/les-phobies\/\",\"name\":\"Les phobies - Micka\u00ebl Petrazoller\",\"isPartOf\":{\"@id\":\"https:\/\/www.psytra.fr\/#website\"},\"datePublished\":\"2020-01-09T15:47:00+00:00\",\"dateModified\":\"2020-01-11T15:57:36+00:00\",\"breadcrumb\":{\"@id\":\"https:\/\/www.psytra.fr\/index.php\/les-phobies\/#breadcrumb\"},\"inLanguage\":\"fr-FR\",\"potentialAction\":[{\"@type\":\"ReadAction\",\"target\":[\"https:\/\/www.psytra.fr\/index.php\/les-phobies\/\"]}]},{\"@type\":\"BreadcrumbList\",\"@id\":\"https:\/\/www.psytra.fr\/index.php\/les-phobies\/#breadcrumb\",\"itemListElement\":[{\"@type\":\"ListItem\",\"position\":1,\"name\":\"Accueil\",\"item\":\"https:\/\/www.psytra.fr\/\"},{\"@type\":\"ListItem\",\"position\":2,\"name\":\"Les phobies\"}]},{\"@type\":\"WebSite\",\"@id\":\"https:\/\/www.psytra.fr\/#website\",\"url\":\"https:\/\/www.psytra.fr\/\",\"name\":\"Micka\u00ebl Petrazoller\",\"description\":\"Psychologue, Psychoth\u00e9rapeute TCC \u00e0 Haguenau\",\"potentialAction\":[{\"@type\":\"SearchAction\",\"target\":{\"@type\":\"EntryPoint\",\"urlTemplate\":\"https:\/\/www.psytra.fr\/?s={search_term_string}\"},\"query-input\":{\"@type\":\"PropertyValueSpecification\",\"valueRequired\":true,\"valueName\":\"search_term_string\"}}],\"inLanguage\":\"fr-FR\"}]}<\/script>\n<!-- \/ Yoast SEO plugin. -->","yoast_head_json":{"title":"Les phobies - Micka\u00ebl Petrazoller","robots":{"index":"index","follow":"follow","max-snippet":"max-snippet:-1","max-image-preview":"max-image-preview:large","max-video-preview":"max-video-preview:-1"},"canonical":"https:\/\/www.psytra.fr\/index.php\/les-phobies\/","og_locale":"fr_FR","og_type":"article","og_title":"Les phobies - Micka\u00ebl Petrazoller","og_description":"Peur des insectes, de l\u2019ascenseur ou de l&rsquo;avion ? Vous ne sortez plus par peur de voir appara\u00eetre une panique intense ? Vous \u00eates paralys\u00e9 \u00e0 l\u2019id\u00e9e de discuter avec un inconnu ?","og_url":"https:\/\/www.psytra.fr\/index.php\/les-phobies\/","og_site_name":"Micka\u00ebl Petrazoller","article_modified_time":"2020-01-11T15:57:36+00:00","twitter_card":"summary_large_image","schema":{"@context":"https:\/\/schema.org","@graph":[{"@type":"WebPage","@id":"https:\/\/www.psytra.fr\/index.php\/les-phobies\/","url":"https:\/\/www.psytra.fr\/index.php\/les-phobies\/","name":"Les phobies - Micka\u00ebl Petrazoller","isPartOf":{"@id":"https:\/\/www.psytra.fr\/#website"},"datePublished":"2020-01-09T15:47:00+00:00","dateModified":"2020-01-11T15:57:36+00:00","breadcrumb":{"@id":"https:\/\/www.psytra.fr\/index.php\/les-phobies\/#breadcrumb"},"inLanguage":"fr-FR","potentialAction":[{"@type":"ReadAction","target":["https:\/\/www.psytra.fr\/index.php\/les-phobies\/"]}]},{"@type":"BreadcrumbList","@id":"https:\/\/www.psytra.fr\/index.php\/les-phobies\/#breadcrumb","itemListElement":[{"@type":"ListItem","position":1,"name":"Accueil","item":"https:\/\/www.psytra.fr\/"},{"@type":"ListItem","position":2,"name":"Les phobies"}]},{"@type":"WebSite","@id":"https:\/\/www.psytra.fr\/#website","url":"https:\/\/www.psytra.fr\/","name":"Micka\u00ebl Petrazoller","description":"Psychologue, Psychoth\u00e9rapeute TCC \u00e0 Haguenau","potentialAction":[{"@type":"SearchAction","target":{"@type":"EntryPoint","urlTemplate":"https:\/\/www.psytra.fr\/?s={search_term_string}"},"query-input":{"@type":"PropertyValueSpecification","valueRequired":true,"valueName":"search_term_string"}}],"inLanguage":"fr-FR"}]}},"jetpack_sharing_enabled":true,"_links":{"self":[{"href":"https:\/\/www.psytra.fr\/index.php\/wp-json\/wp\/v2\/pages\/608","targetHints":{"allow":["GET"]}}],"collection":[{"href":"https:\/\/www.psytra.fr\/index.php\/wp-json\/wp\/v2\/pages"}],"about":[{"href":"https:\/\/www.psytra.fr\/index.php\/wp-json\/wp\/v2\/types\/page"}],"author":[{"embeddable":true,"href":"https:\/\/www.psytra.fr\/index.php\/wp-json\/wp\/v2\/users\/3"}],"replies":[{"embeddable":true,"href":"https:\/\/www.psytra.fr\/index.php\/wp-json\/wp\/v2\/comments?post=608"}],"version-history":[{"count":2,"href":"https:\/\/www.psytra.fr\/index.php\/wp-json\/wp\/v2\/pages\/608\/revisions"}],"predecessor-version":[{"id":643,"href":"https:\/\/www.psytra.fr\/index.php\/wp-json\/wp\/v2\/pages\/608\/revisions\/643"}],"wp:attachment":[{"href":"https:\/\/www.psytra.fr\/index.php\/wp-json\/wp\/v2\/media?parent=608"}],"curies":[{"name":"wp","href":"https:\/\/api.w.org\/{rel}","templated":true}]}}