{"id":614,"date":"2020-01-09T16:50:51","date_gmt":"2020-01-09T15:50:51","guid":{"rendered":"https:\/\/www.psytra.fr\/?page_id=614"},"modified":"2020-01-11T16:55:55","modified_gmt":"2020-01-11T15:55:55","slug":"le-trouble-anxieux-generalise-tag","status":"publish","type":"page","link":"https:\/\/www.psytra.fr\/index.php\/le-trouble-anxieux-generalise-tag\/","title":{"rendered":"Le Trouble Anxieux G\u00e9n\u00e9ralis\u00e9 (TAG)"},"content":{"rendered":"\n<p> Vous ressentez souvent une peur \u00e0 propos de divers sujets ? Vous n&rsquo;\u00eates jamais serein(e) ? Vous pensez qu&rsquo;il faut se m\u00e9fier de tout pour ne pas \u00eatre surpris par une mauvaise nouvelle ? <\/p>\n","protected":false},"excerpt":{"rendered":"<p>Vous ressentez souvent une peur \u00e0 propos de divers sujets ? Vous n&rsquo;\u00eates jamais serein(e) ? Vous pensez qu&rsquo;il faut se m\u00e9fier de tout pour ne pas \u00eatre surpris par une mauvaise nouvelle ?<\/p>\n","protected":false},"author":3,"featured_media":0,"parent":0,"menu_order":0,"comment_status":"closed","ping_status":"closed","template":"","meta":{"footnotes":""},"class_list":["post-614","page","type-page","status-publish","hentry"],"featured_image_urls_v2":{"full":"","thumbnail":"","medium":"","medium_large":"","large":"","1536x1536":"","2048x2048":"","homepage-thumb":""},"post_excerpt_stackable_v2":"<p>Vous ressentez souvent une peur \u00e0 propos de divers sujets ? Vous n&rsquo;\u00eates jamais serein(e) ? Vous pensez qu&rsquo;il faut se m\u00e9fier de tout pour ne pas \u00eatre surpris par une mauvaise nouvelle ?<\/p>\n","category_list_v2":"","author_info_v2":{"name":"M Petrazoller","url":"https:\/\/www.psytra.fr\/index.php\/author\/mpetra\/"},"comments_num_v2":"0 commentaire","yoast_head":"<!-- This site is optimized with the Yoast SEO plugin v26.6 - https:\/\/yoast.com\/wordpress\/plugins\/seo\/ -->\n<title>Le Trouble Anxieux G\u00e9n\u00e9ralis\u00e9 (TAG) - Micka\u00ebl Petrazoller<\/title>\n<meta name=\"robots\" content=\"index, follow, max-snippet:-1, max-image-preview:large, max-video-preview:-1\" \/>\n<link rel=\"canonical\" href=\"https:\/\/www.psytra.fr\/index.php\/le-trouble-anxieux-generalise-tag\/\" \/>\n<meta property=\"og:locale\" content=\"fr_FR\" \/>\n<meta property=\"og:type\" content=\"article\" \/>\n<meta property=\"og:title\" content=\"Le Trouble Anxieux G\u00e9n\u00e9ralis\u00e9 (TAG) - Micka\u00ebl Petrazoller\" \/>\n<meta property=\"og:description\" content=\"Vous ressentez souvent une peur \u00e0 propos de divers sujets ? Vous n&rsquo;\u00eates jamais serein(e) ? Vous pensez qu&rsquo;il faut se m\u00e9fier de tout pour ne pas \u00eatre surpris par une mauvaise nouvelle ?\" \/>\n<meta property=\"og:url\" content=\"https:\/\/www.psytra.fr\/index.php\/le-trouble-anxieux-generalise-tag\/\" \/>\n<meta property=\"og:site_name\" content=\"Micka\u00ebl Petrazoller\" \/>\n<meta property=\"article:modified_time\" content=\"2020-01-11T15:55:55+00:00\" \/>\n<meta name=\"twitter:card\" content=\"summary_large_image\" \/>\n<script type=\"application\/ld+json\" class=\"yoast-schema-graph\">{\"@context\":\"https:\/\/schema.org\",\"@graph\":[{\"@type\":\"WebPage\",\"@id\":\"https:\/\/www.psytra.fr\/index.php\/le-trouble-anxieux-generalise-tag\/\",\"url\":\"https:\/\/www.psytra.fr\/index.php\/le-trouble-anxieux-generalise-tag\/\",\"name\":\"Le Trouble Anxieux G\u00e9n\u00e9ralis\u00e9 (TAG) - Micka\u00ebl Petrazoller\",\"isPartOf\":{\"@id\":\"https:\/\/www.psytra.fr\/#website\"},\"datePublished\":\"2020-01-09T15:50:51+00:00\",\"dateModified\":\"2020-01-11T15:55:55+00:00\",\"breadcrumb\":{\"@id\":\"https:\/\/www.psytra.fr\/index.php\/le-trouble-anxieux-generalise-tag\/#breadcrumb\"},\"inLanguage\":\"fr-FR\",\"potentialAction\":[{\"@type\":\"ReadAction\",\"target\":[\"https:\/\/www.psytra.fr\/index.php\/le-trouble-anxieux-generalise-tag\/\"]}]},{\"@type\":\"BreadcrumbList\",\"@id\":\"https:\/\/www.psytra.fr\/index.php\/le-trouble-anxieux-generalise-tag\/#breadcrumb\",\"itemListElement\":[{\"@type\":\"ListItem\",\"position\":1,\"name\":\"Accueil\",\"item\":\"https:\/\/www.psytra.fr\/\"},{\"@type\":\"ListItem\",\"position\":2,\"name\":\"Le Trouble Anxieux G\u00e9n\u00e9ralis\u00e9 (TAG)\"}]},{\"@type\":\"WebSite\",\"@id\":\"https:\/\/www.psytra.fr\/#website\",\"url\":\"https:\/\/www.psytra.fr\/\",\"name\":\"Micka\u00ebl Petrazoller\",\"description\":\"Psychologue, Psychoth\u00e9rapeute TCC \u00e0 Haguenau\",\"potentialAction\":[{\"@type\":\"SearchAction\",\"target\":{\"@type\":\"EntryPoint\",\"urlTemplate\":\"https:\/\/www.psytra.fr\/?s={search_term_string}\"},\"query-input\":{\"@type\":\"PropertyValueSpecification\",\"valueRequired\":true,\"valueName\":\"search_term_string\"}}],\"inLanguage\":\"fr-FR\"}]}<\/script>\n<!-- \/ Yoast SEO plugin. -->","yoast_head_json":{"title":"Le Trouble Anxieux G\u00e9n\u00e9ralis\u00e9 (TAG) - Micka\u00ebl Petrazoller","robots":{"index":"index","follow":"follow","max-snippet":"max-snippet:-1","max-image-preview":"max-image-preview:large","max-video-preview":"max-video-preview:-1"},"canonical":"https:\/\/www.psytra.fr\/index.php\/le-trouble-anxieux-generalise-tag\/","og_locale":"fr_FR","og_type":"article","og_title":"Le Trouble Anxieux G\u00e9n\u00e9ralis\u00e9 (TAG) - Micka\u00ebl Petrazoller","og_description":"Vous ressentez souvent une peur \u00e0 propos de divers sujets ? Vous n&rsquo;\u00eates jamais serein(e) ? Vous pensez qu&rsquo;il faut se m\u00e9fier de tout pour ne pas \u00eatre surpris par une mauvaise nouvelle ?","og_url":"https:\/\/www.psytra.fr\/index.php\/le-trouble-anxieux-generalise-tag\/","og_site_name":"Micka\u00ebl Petrazoller","article_modified_time":"2020-01-11T15:55:55+00:00","twitter_card":"summary_large_image","schema":{"@context":"https:\/\/schema.org","@graph":[{"@type":"WebPage","@id":"https:\/\/www.psytra.fr\/index.php\/le-trouble-anxieux-generalise-tag\/","url":"https:\/\/www.psytra.fr\/index.php\/le-trouble-anxieux-generalise-tag\/","name":"Le Trouble Anxieux G\u00e9n\u00e9ralis\u00e9 (TAG) - Micka\u00ebl Petrazoller","isPartOf":{"@id":"https:\/\/www.psytra.fr\/#website"},"datePublished":"2020-01-09T15:50:51+00:00","dateModified":"2020-01-11T15:55:55+00:00","breadcrumb":{"@id":"https:\/\/www.psytra.fr\/index.php\/le-trouble-anxieux-generalise-tag\/#breadcrumb"},"inLanguage":"fr-FR","potentialAction":[{"@type":"ReadAction","target":["https:\/\/www.psytra.fr\/index.php\/le-trouble-anxieux-generalise-tag\/"]}]},{"@type":"BreadcrumbList","@id":"https:\/\/www.psytra.fr\/index.php\/le-trouble-anxieux-generalise-tag\/#breadcrumb","itemListElement":[{"@type":"ListItem","position":1,"name":"Accueil","item":"https:\/\/www.psytra.fr\/"},{"@type":"ListItem","position":2,"name":"Le Trouble Anxieux G\u00e9n\u00e9ralis\u00e9 (TAG)"}]},{"@type":"WebSite","@id":"https:\/\/www.psytra.fr\/#website","url":"https:\/\/www.psytra.fr\/","name":"Micka\u00ebl Petrazoller","description":"Psychologue, Psychoth\u00e9rapeute TCC \u00e0 Haguenau","potentialAction":[{"@type":"SearchAction","target":{"@type":"EntryPoint","urlTemplate":"https:\/\/www.psytra.fr\/?s={search_term_string}"},"query-input":{"@type":"PropertyValueSpecification","valueRequired":true,"valueName":"search_term_string"}}],"inLanguage":"fr-FR"}]}},"jetpack_sharing_enabled":true,"_links":{"self":[{"href":"https:\/\/www.psytra.fr\/index.php\/wp-json\/wp\/v2\/pages\/614","targetHints":{"allow":["GET"]}}],"collection":[{"href":"https:\/\/www.psytra.fr\/index.php\/wp-json\/wp\/v2\/pages"}],"about":[{"href":"https:\/\/www.psytra.fr\/index.php\/wp-json\/wp\/v2\/types\/page"}],"author":[{"embeddable":true,"href":"https:\/\/www.psytra.fr\/index.php\/wp-json\/wp\/v2\/users\/3"}],"replies":[{"embeddable":true,"href":"https:\/\/www.psytra.fr\/index.php\/wp-json\/wp\/v2\/comments?post=614"}],"version-history":[{"count":2,"href":"https:\/\/www.psytra.fr\/index.php\/wp-json\/wp\/v2\/pages\/614\/revisions"}],"predecessor-version":[{"id":640,"href":"https:\/\/www.psytra.fr\/index.php\/wp-json\/wp\/v2\/pages\/614\/revisions\/640"}],"wp:attachment":[{"href":"https:\/\/www.psytra.fr\/index.php\/wp-json\/wp\/v2\/media?parent=614"}],"curies":[{"name":"wp","href":"https:\/\/api.w.org\/{rel}","templated":true}]}}