{"id":679,"date":"2020-01-25T15:28:38","date_gmt":"2020-01-25T14:28:38","guid":{"rendered":"https:\/\/www.psytra.fr\/?page_id=679"},"modified":"2020-01-25T15:28:39","modified_gmt":"2020-01-25T14:28:39","slug":"la-fibromyalgie","status":"publish","type":"page","link":"https:\/\/www.psytra.fr\/index.php\/la-fibromyalgie\/","title":{"rendered":"La fibromyalgie"},"content":{"rendered":"\n<p>Si vous avez envie d&rsquo;en apprendre plus sur ce trouble. Il existe plusieurs dizaines de techniques pour mieux vivre avec.<\/p>\n","protected":false},"excerpt":{"rendered":"<p>Si vous avez envie d&rsquo;en apprendre plus sur ce trouble. Il existe plusieurs dizaines de techniques pour mieux vivre avec.<\/p>\n","protected":false},"author":3,"featured_media":0,"parent":0,"menu_order":0,"comment_status":"closed","ping_status":"closed","template":"","meta":{"footnotes":""},"class_list":["post-679","page","type-page","status-publish","hentry"],"featured_image_urls_v2":{"full":"","thumbnail":"","medium":"","medium_large":"","large":"","1536x1536":"","2048x2048":"","homepage-thumb":""},"post_excerpt_stackable_v2":"<p>Si vous avez envie d&rsquo;en apprendre plus sur ce trouble. Il existe plusieurs dizaines de techniques pour mieux vivre avec.<\/p>\n","category_list_v2":"","author_info_v2":{"name":"M Petrazoller","url":"https:\/\/www.psytra.fr\/index.php\/author\/mpetra\/"},"comments_num_v2":"0 commentaire","yoast_head":"<!-- This site is optimized with the Yoast SEO plugin v26.6 - https:\/\/yoast.com\/wordpress\/plugins\/seo\/ -->\n<title>La fibromyalgie - Micka\u00ebl Petrazoller<\/title>\n<meta name=\"robots\" content=\"index, follow, max-snippet:-1, max-image-preview:large, max-video-preview:-1\" \/>\n<link rel=\"canonical\" href=\"https:\/\/www.psytra.fr\/index.php\/la-fibromyalgie\/\" \/>\n<meta property=\"og:locale\" content=\"fr_FR\" \/>\n<meta property=\"og:type\" content=\"article\" \/>\n<meta property=\"og:title\" content=\"La fibromyalgie - Micka\u00ebl Petrazoller\" \/>\n<meta property=\"og:description\" content=\"Si vous avez envie d&rsquo;en apprendre plus sur ce trouble. Il existe plusieurs dizaines de techniques pour mieux vivre avec.\" \/>\n<meta property=\"og:url\" content=\"https:\/\/www.psytra.fr\/index.php\/la-fibromyalgie\/\" \/>\n<meta property=\"og:site_name\" content=\"Micka\u00ebl Petrazoller\" \/>\n<meta property=\"article:modified_time\" content=\"2020-01-25T14:28:39+00:00\" \/>\n<meta name=\"twitter:card\" content=\"summary_large_image\" \/>\n<script type=\"application\/ld+json\" class=\"yoast-schema-graph\">{\"@context\":\"https:\/\/schema.org\",\"@graph\":[{\"@type\":\"WebPage\",\"@id\":\"https:\/\/www.psytra.fr\/index.php\/la-fibromyalgie\/\",\"url\":\"https:\/\/www.psytra.fr\/index.php\/la-fibromyalgie\/\",\"name\":\"La fibromyalgie - Micka\u00ebl Petrazoller\",\"isPartOf\":{\"@id\":\"https:\/\/www.psytra.fr\/#website\"},\"datePublished\":\"2020-01-25T14:28:38+00:00\",\"dateModified\":\"2020-01-25T14:28:39+00:00\",\"breadcrumb\":{\"@id\":\"https:\/\/www.psytra.fr\/index.php\/la-fibromyalgie\/#breadcrumb\"},\"inLanguage\":\"fr-FR\",\"potentialAction\":[{\"@type\":\"ReadAction\",\"target\":[\"https:\/\/www.psytra.fr\/index.php\/la-fibromyalgie\/\"]}]},{\"@type\":\"BreadcrumbList\",\"@id\":\"https:\/\/www.psytra.fr\/index.php\/la-fibromyalgie\/#breadcrumb\",\"itemListElement\":[{\"@type\":\"ListItem\",\"position\":1,\"name\":\"Accueil\",\"item\":\"https:\/\/www.psytra.fr\/\"},{\"@type\":\"ListItem\",\"position\":2,\"name\":\"La fibromyalgie\"}]},{\"@type\":\"WebSite\",\"@id\":\"https:\/\/www.psytra.fr\/#website\",\"url\":\"https:\/\/www.psytra.fr\/\",\"name\":\"Micka\u00ebl Petrazoller\",\"description\":\"Psychologue, Psychoth\u00e9rapeute TCC \u00e0 Haguenau\",\"potentialAction\":[{\"@type\":\"SearchAction\",\"target\":{\"@type\":\"EntryPoint\",\"urlTemplate\":\"https:\/\/www.psytra.fr\/?s={search_term_string}\"},\"query-input\":{\"@type\":\"PropertyValueSpecification\",\"valueRequired\":true,\"valueName\":\"search_term_string\"}}],\"inLanguage\":\"fr-FR\"}]}<\/script>\n<!-- \/ Yoast SEO plugin. -->","yoast_head_json":{"title":"La fibromyalgie - Micka\u00ebl Petrazoller","robots":{"index":"index","follow":"follow","max-snippet":"max-snippet:-1","max-image-preview":"max-image-preview:large","max-video-preview":"max-video-preview:-1"},"canonical":"https:\/\/www.psytra.fr\/index.php\/la-fibromyalgie\/","og_locale":"fr_FR","og_type":"article","og_title":"La fibromyalgie - Micka\u00ebl Petrazoller","og_description":"Si vous avez envie d&rsquo;en apprendre plus sur ce trouble. Il existe plusieurs dizaines de techniques pour mieux vivre avec.","og_url":"https:\/\/www.psytra.fr\/index.php\/la-fibromyalgie\/","og_site_name":"Micka\u00ebl Petrazoller","article_modified_time":"2020-01-25T14:28:39+00:00","twitter_card":"summary_large_image","schema":{"@context":"https:\/\/schema.org","@graph":[{"@type":"WebPage","@id":"https:\/\/www.psytra.fr\/index.php\/la-fibromyalgie\/","url":"https:\/\/www.psytra.fr\/index.php\/la-fibromyalgie\/","name":"La fibromyalgie - Micka\u00ebl Petrazoller","isPartOf":{"@id":"https:\/\/www.psytra.fr\/#website"},"datePublished":"2020-01-25T14:28:38+00:00","dateModified":"2020-01-25T14:28:39+00:00","breadcrumb":{"@id":"https:\/\/www.psytra.fr\/index.php\/la-fibromyalgie\/#breadcrumb"},"inLanguage":"fr-FR","potentialAction":[{"@type":"ReadAction","target":["https:\/\/www.psytra.fr\/index.php\/la-fibromyalgie\/"]}]},{"@type":"BreadcrumbList","@id":"https:\/\/www.psytra.fr\/index.php\/la-fibromyalgie\/#breadcrumb","itemListElement":[{"@type":"ListItem","position":1,"name":"Accueil","item":"https:\/\/www.psytra.fr\/"},{"@type":"ListItem","position":2,"name":"La fibromyalgie"}]},{"@type":"WebSite","@id":"https:\/\/www.psytra.fr\/#website","url":"https:\/\/www.psytra.fr\/","name":"Micka\u00ebl Petrazoller","description":"Psychologue, Psychoth\u00e9rapeute TCC \u00e0 Haguenau","potentialAction":[{"@type":"SearchAction","target":{"@type":"EntryPoint","urlTemplate":"https:\/\/www.psytra.fr\/?s={search_term_string}"},"query-input":{"@type":"PropertyValueSpecification","valueRequired":true,"valueName":"search_term_string"}}],"inLanguage":"fr-FR"}]}},"jetpack_sharing_enabled":true,"_links":{"self":[{"href":"https:\/\/www.psytra.fr\/index.php\/wp-json\/wp\/v2\/pages\/679","targetHints":{"allow":["GET"]}}],"collection":[{"href":"https:\/\/www.psytra.fr\/index.php\/wp-json\/wp\/v2\/pages"}],"about":[{"href":"https:\/\/www.psytra.fr\/index.php\/wp-json\/wp\/v2\/types\/page"}],"author":[{"embeddable":true,"href":"https:\/\/www.psytra.fr\/index.php\/wp-json\/wp\/v2\/users\/3"}],"replies":[{"embeddable":true,"href":"https:\/\/www.psytra.fr\/index.php\/wp-json\/wp\/v2\/comments?post=679"}],"version-history":[{"count":1,"href":"https:\/\/www.psytra.fr\/index.php\/wp-json\/wp\/v2\/pages\/679\/revisions"}],"predecessor-version":[{"id":680,"href":"https:\/\/www.psytra.fr\/index.php\/wp-json\/wp\/v2\/pages\/679\/revisions\/680"}],"wp:attachment":[{"href":"https:\/\/www.psytra.fr\/index.php\/wp-json\/wp\/v2\/media?parent=679"}],"curies":[{"name":"wp","href":"https:\/\/api.w.org\/{rel}","templated":true}]}}