{"id":737,"date":"2020-01-30T12:37:27","date_gmt":"2020-01-30T11:37:27","guid":{"rendered":"https:\/\/www.psytra.fr\/?page_id=737"},"modified":"2020-03-11T17:12:25","modified_gmt":"2020-03-11T16:12:25","slug":"partenaires-liens-utiles","status":"publish","type":"page","link":"https:\/\/www.psytra.fr\/index.php\/partenaires-liens-utiles\/","title":{"rendered":"Partenaires et liens utiles"},"content":{"rendered":"\n<p>Afin de vous aider au mieux \u00e0 trouver les r\u00e9ponses \u00e0 vos questions dans des domaines divers, je vous propose ces quelques partenaires et liens utiles. Test\u00e9s et approuv\u00e9s, vous pouvez les contacter les yeux ferm\u00e9s !<\/p>\n\n\n\n<h2 class=\"wp-block-heading\"><em><span style=\"color: #ff6900;\" class=\"ugb-highlight\">&#8211; Sant\u00e9 &amp; Bien-\u00eatre &#8211;<\/span><\/em><\/h2>\n\n\n\n<p> &#8212;&#8212;&#8212;&#8212;&#8212;&#8212;&#8212;&#8212;&#8212;&#8212;&#8212;&#8212;&#8212;&#8212;&#8212;&#8212;&#8212;&#8212;- <\/p>\n\n\n\n<h4 class=\"wp-block-heading\"><strong>Centre du sommeil RESPIRE<\/strong> <img loading=\"lazy\" decoding=\"async\" width=\"100\" height=\"53\" class=\"wp-image-590\" style=\"width: 100px;\" src=\"https:\/\/www.psytra.fr\/wp-content\/uploads\/2020\/01\/footer_logo-1.png\" alt=\"\" srcset=\"https:\/\/www.psytra.fr\/wp-content\/uploads\/2020\/01\/footer_logo-1.png 539w, https:\/\/www.psytra.fr\/wp-content\/uploads\/2020\/01\/footer_logo-1-300x158.png 300w\" sizes=\"auto, (max-width: 100px) 100vw, 100px\" \/><\/h4>\n\n\n\n<p>Des difficult\u00e9s de sommeil devenant de plus en plus envahissantes ? La premi\u00e8re \u00e9tape est de chercher d&rsquo;\u00e9ventuelles causes m\u00e9dicales \u00e0 \u00e9liminer avant de s&rsquo;inqui\u00e9ter de son \u00e9tat psychologique. Le meilleur endroit pour cela ? <a href=\"https:\/\/centre-sommeil-respire.fr\/\" target=\"_blank\" rel=\"noreferrer noopener\" aria-label=\"C'est ici ! (s\u2019ouvre dans un nouvel onglet)\">C&rsquo;est ici !<\/a><\/p>\n\n\n\n<h4 class=\"wp-block-heading\"><strong>Programme Floril\u00e8ge<\/strong> <span style=\"color: #fb9a9a;\" class=\"ugb-highlight\"> <\/span><span style=\"color: #eeeeee;\" class=\"ugb-highlight\">.<\/span><span style=\"color: #262525;\" class=\"ugb-highlight\"> <\/span><img loading=\"lazy\" decoding=\"async\" width=\"100\" height=\"42\" class=\"wp-image-626\" style=\"width: 100px;\" src=\"https:\/\/www.psytra.fr\/wp-content\/uploads\/2020\/01\/MPetrazoller-psychologue-haguenau-saverne-e1580381794737.png\" alt=\"\"><\/h4>\n\n\n\n<p>Situ\u00e9 au sein du centre du sommeil Respire, le programme Floril\u00e8ge vous permettra d&rsquo;\u00eatre suivi sur le plan sportif, di\u00e9t\u00e9tique et vous pourrez apprendre beaucoup de choses en suivant les ateliers d\u00e9di\u00e9s aux pathologies dont vous souffrez (aussi bien psychologiques que physiques). Une \u00e9quipe compos\u00e9e d&rsquo;une infirmi\u00e8re, d&rsquo;\u00e9ducateurs m\u00e9dico-sportifs, d&rsquo;une di\u00e9t\u00e9ticienne et d&rsquo;autres encore ! Pour plus d&rsquo;informations, <a href=\"https:\/\/123florilege.fr\/\">c&rsquo;est par l\u00e0.<\/a> <\/p>\n\n\n\n<h4 class=\"wp-block-heading\"><strong>Lola Gervasi<\/strong>, Psychologue \u00e0 Colmar (1h30 de Haguenau) <img loading=\"lazy\" decoding=\"async\" width=\"120\" height=\"120\" class=\"wp-image-782\" style=\"width: 120px;\" src=\"https:\/\/www.psytra.fr\/wp-content\/uploads\/2020\/03\/petrazoller-psychologue-haguenau.jpg\" alt=\"\" srcset=\"https:\/\/www.psytra.fr\/wp-content\/uploads\/2020\/03\/petrazoller-psychologue-haguenau.jpg 960w, https:\/\/www.psytra.fr\/wp-content\/uploads\/2020\/03\/petrazoller-psychologue-haguenau-300x300.jpg 300w, https:\/\/www.psytra.fr\/wp-content\/uploads\/2020\/03\/petrazoller-psychologue-haguenau-150x150.jpg 150w, https:\/\/www.psytra.fr\/wp-content\/uploads\/2020\/03\/petrazoller-psychologue-haguenau-768x768.jpg 768w\" sizes=\"auto, (max-width: 120px) 100vw, 120px\" \/><\/h4>\n\n\n\n<p>Haguenau est trop loin de votre domicile ? Je vous propose de contacter Madame Gervasi, Psychologue Clinicienne et Psychoth\u00e9rapeute sp\u00e9cialis\u00e9e en Th\u00e9rapie Comportementale et Cognitive dans la r\u00e9gion de Colmar (68). Elle vous proposera un accompagnement qui vous satisfera sans aucun doute. Faites un tour sur page <a rel=\"noreferrer noopener\" aria-label=\"\ufffc (s\u2019ouvre dans un nouvel onglet)\" href=\"https:\/\/www.facebook.com\/Lola-Gervasi-Psychologue-clinicienne-%C3%A0-Colmar-106610490945090\/\" target=\"_blank\"><img loading=\"lazy\" decoding=\"async\" width=\"30\" height=\"30\" class=\"wp-image-484\" style=\"width: 30px;\" src=\"https:\/\/www.psytra.fr\/wp-content\/uploads\/2015\/09\/psychologue-haguenau-psychotherapeute.png\" alt=\"\" srcset=\"https:\/\/www.psytra.fr\/wp-content\/uploads\/2015\/09\/psychologue-haguenau-psychotherapeute.png 480w, https:\/\/www.psytra.fr\/wp-content\/uploads\/2015\/09\/psychologue-haguenau-psychotherapeute-150x150.png 150w, https:\/\/www.psytra.fr\/wp-content\/uploads\/2015\/09\/psychologue-haguenau-psychotherapeute-300x300.png 300w\" sizes=\"auto, (max-width: 30px) 100vw, 30px\" \/><\/a> pour plus d&rsquo;informations.<\/p>\n\n\n\n<h4 class=\"wp-block-heading\"><strong>Anne Goepper<\/strong>, Psychologue \u00e0 Marlenheim (50min de Haguenau) <img loading=\"lazy\" decoding=\"async\" width=\"100\" height=\"100\" class=\"wp-image-787\" style=\"width: 100px;\" src=\"https:\/\/www.psytra.fr\/wp-content\/uploads\/2020\/03\/petrazoller-psychologue-haguenau-saverne.png\" alt=\"\" srcset=\"https:\/\/www.psytra.fr\/wp-content\/uploads\/2020\/03\/petrazoller-psychologue-haguenau-saverne.png 960w, https:\/\/www.psytra.fr\/wp-content\/uploads\/2020\/03\/petrazoller-psychologue-haguenau-saverne-300x300.png 300w, https:\/\/www.psytra.fr\/wp-content\/uploads\/2020\/03\/petrazoller-psychologue-haguenau-saverne-150x150.png 150w, https:\/\/www.psytra.fr\/wp-content\/uploads\/2020\/03\/petrazoller-psychologue-haguenau-saverne-768x768.png 768w\" sizes=\"auto, (max-width: 100px) 100vw, 100px\" \/><\/h4>\n\n\n\n<p>Si vous habitez dans la r\u00e9gion de Wasselonne, Haguenau est peut-\u00eatre trop loin pour vous. Dans ce cas, je vous conseille de contacter Madame Goepper, Psychologue Clinicienne et Psychoth\u00e9rapeute \u00e0 Marlenheim (67). Elle se fera un plaisir de vous accompagner. Voil\u00e0 sa page <a rel=\"noreferrer noopener\" aria-label=\"\ufffc (s\u2019ouvre dans un nouvel onglet)\" href=\"https:\/\/www.facebook.com\/AnneGOEPPER.Psychologue.Psychotherapeute.TCC\/\" target=\"_blank\"><img loading=\"lazy\" decoding=\"async\" width=\"30\" height=\"30\" class=\"wp-image-484\" style=\"width: 30px;\" src=\"https:\/\/www.psytra.fr\/wp-content\/uploads\/2015\/09\/psychologue-haguenau-psychotherapeute.png\" alt=\"\" srcset=\"https:\/\/www.psytra.fr\/wp-content\/uploads\/2015\/09\/psychologue-haguenau-psychotherapeute.png 480w, https:\/\/www.psytra.fr\/wp-content\/uploads\/2015\/09\/psychologue-haguenau-psychotherapeute-150x150.png 150w, https:\/\/www.psytra.fr\/wp-content\/uploads\/2015\/09\/psychologue-haguenau-psychotherapeute-300x300.png 300w\" sizes=\"auto, (max-width: 30px) 100vw, 30px\" \/><\/a> pour plus d&rsquo;informations.<\/p>\n\n\n\n<p><span style=\"color: #eeeeee;\" class=\"ugb-highlight\">.<\/span><\/p>\n\n\n\n<h4 class=\"wp-block-heading\"> <strong>Fr\u00e9d\u00e9ric Roth<\/strong>, Educateur APAS<\/h4>\n\n\n\n<p>Besoin de quelqu&rsquo;un pour d\u00e9marrer ou reprendre une activit\u00e9 sportive adapt\u00e9e \u00e0 vos besoins ? Contactez <strong>Fr\u00e9d\u00e9ric Roth<\/strong>, Educateur APAS (Activit\u00e9 Physique Adapt\u00e9e et Sant\u00e9). Il saura vous accompagner avec respect et bienveillance. Contact par mail : <strong>roth.frederic0104@gmail.com<\/strong> ou t\u00e9l\u00e9phone : <strong>06.47.94.84.47<\/strong>. (S\u00e9ances sur RDV du lundi au samedi). <a rel=\"noreferrer noopener\" href=\"https:\/\/www.facebook.com\/RothEducateurAPAS\/\" target=\"_blank\">Cliquez ici pour acc\u00e9der \u00e0 sa page<\/a> <img loading=\"lazy\" decoding=\"async\" width=\"30\" height=\"30\" class=\"wp-image-484\" style=\"width: 30px;\" src=\"https:\/\/www.psytra.fr\/wp-content\/uploads\/2015\/09\/psychologue-haguenau-psychotherapeute.png\" alt=\"\" srcset=\"https:\/\/www.psytra.fr\/wp-content\/uploads\/2015\/09\/psychologue-haguenau-psychotherapeute.png 480w, https:\/\/www.psytra.fr\/wp-content\/uploads\/2015\/09\/psychologue-haguenau-psychotherapeute-150x150.png 150w, https:\/\/www.psytra.fr\/wp-content\/uploads\/2015\/09\/psychologue-haguenau-psychotherapeute-300x300.png 300w\" sizes=\"auto, (max-width: 30px) 100vw, 30px\" \/><\/p>\n\n\n\n<h4 class=\"wp-block-heading\"><strong>Karat\u00e9 Club<\/strong> : BUDOKAN 67 La Wantzenau \/ Strasbourg<\/h4>\n\n\n\n<p> Le Karat\u00e9 permet de d\u00e9velopper beaucoup de comp\u00e9tences et sera un fid\u00e8le alli\u00e9 pour combattre les difficult\u00e9s de la vie. Se ma\u00eetriser, exploiter son potentiel, augmenter son estime de soi&#8230; Ce sport vous aidera \u00e0 explorer plus en profondeur tout ce que nous travaillons ensemble vous et moi. Le Psychologue vous le recommande sans h\u00e9siter. <a rel=\"noreferrer noopener\" href=\"https:\/\/budokan67.fr\/\" target=\"_blank\">C&rsquo;est par ici.<\/a> <\/p>\n\n\n\n<p> &#8212;&#8212;&#8212;&#8212;&#8212;&#8212;&#8212;&#8212;&#8212;&#8212;&#8212;&#8212;&#8212;&#8212;&#8212;&#8212;&#8212;&#8212;- <\/p>\n\n\n\n<h2 class=\"wp-block-heading\"><span style=\"color: #ff6900;\" class=\"ugb-highlight\"><em>&#8211; Autres liens utiles<\/em> &#8211;<\/span><\/h2>\n\n\n\n<p>&#8212;&#8212;&#8212;&#8212;&#8212;&#8212;&#8212;&#8212;&#8212;&#8212;&#8212;&#8212;&#8212;&#8212;&#8212;&#8212;&#8212;&#8212;-<\/p>\n\n\n\n<h4 class=\"wp-block-heading\">Immobilier : Laetitia Bur vous accompagne &#8211; Zone de Ohlungen <img loading=\"lazy\" decoding=\"async\" width=\"100\" height=\"71\" class=\"wp-image-750\" style=\"width: 100px;\" src=\"https:\/\/www.psytra.fr\/wp-content\/uploads\/2020\/02\/mpetrazoller-psychologue-haguenau.jpg\" alt=\"\" srcset=\"https:\/\/www.psytra.fr\/wp-content\/uploads\/2020\/02\/mpetrazoller-psychologue-haguenau.jpg 1920w, https:\/\/www.psytra.fr\/wp-content\/uploads\/2020\/02\/mpetrazoller-psychologue-haguenau-300x212.jpg 300w, https:\/\/www.psytra.fr\/wp-content\/uploads\/2020\/02\/mpetrazoller-psychologue-haguenau-1024x724.jpg 1024w, https:\/\/www.psytra.fr\/wp-content\/uploads\/2020\/02\/mpetrazoller-psychologue-haguenau-768x543.jpg 768w, https:\/\/www.psytra.fr\/wp-content\/uploads\/2020\/02\/mpetrazoller-psychologue-haguenau-1536x1086.jpg 1536w\" sizes=\"auto, (max-width: 100px) 100vw, 100px\" \/><\/h4>\n\n\n\n<p>Besoin de quelqu&rsquo;un pour vous aider \u00e0 trouver des solutions immobili\u00e8res ? Contactez Madame Bur qui se fera un plaisir de vous accompagner. Vos croyances sur le sujet de l&rsquo;immobilier voleront en \u00e9clat \u00e0 ses c\u00f4t\u00e9s. Vous pensez que c&rsquo;est un m\u00e9tier de profiteurs ? Que les solutions sont toujours plus avantageuses pour l&rsquo;agent qui vous accompagne que pour vous ? Avec Madame Bur, vous trouverez quelqu&rsquo;un qui pensera \u00e0 vous avant tout. Humaine et qualifi\u00e9e, elle regroupe toutes les qualit\u00e9s appr\u00e9ci\u00e9es mais trop souvent oubli\u00e9es. Faites-moi confiance, vous ne le regretterez pas !<br>Site internet : <a rel=\"noreferrer noopener\" aria-label=\"cliquez-ici. (s\u2019ouvre dans un nouvel onglet)\" href=\"https:\/\/www.lesportecles.com\/agents\/984-laetitia-bur-67590-ohlungen-france\" target=\"_blank\">cliquez-ici.<\/a><br>T\u00e9l :  06.75.16.38.20 &#8211; Mail :  <a href=\"mailto:laetitia.bur@immobilier.email\">laetitia.bur@immobilier.email<\/a> <\/p>\n\n\n\n<p> &#8212;&#8212;&#8212;&#8212;&#8212;&#8212;&#8212;&#8212;&#8212;&#8212;&#8212;&#8212;&#8212;&#8212;&#8212;&#8212;&#8212;&#8212;- <\/p>\n\n\n\n<h4 class=\"wp-block-heading\">Des solutions pour vos pannes<img loading=\"lazy\" decoding=\"async\" width=\"80\" height=\"80\" class=\"wp-image-757\" style=\"width: 80px;\" src=\"https:\/\/www.psytra.fr\/wp-content\/uploads\/2020\/02\/MPetrazoller-psychologue-haguenau-.png\" alt=\"\" srcset=\"https:\/\/www.psytra.fr\/wp-content\/uploads\/2020\/02\/MPetrazoller-psychologue-haguenau-.png 178w, https:\/\/www.psytra.fr\/wp-content\/uploads\/2020\/02\/MPetrazoller-psychologue-haguenau--150x150.png 150w\" sizes=\"auto, (max-width: 80px) 100vw, 80px\" \/><\/h4>\n\n\n\n<div class=\"wp-block-ugb-card ugb-card ugb-52f6a57 ugb-card--v2 ugb-card--design-plain ugb-card--columns-1 ugb-main-block\" id=\"\"><style>.ugb-52f6a57 .ugb-card__title,.ugb-52f6a57 .ugb-card__subtitle,.ugb-52f6a57 .ugb-card__description,.ugb-52f6a57 .ugb-button-container{text-align:left}.ugb-52f6a57 .ugb-card__image{border-radius:12px !important}.ugb-52f6a57 .ugb-card__item1 .ugb-card__image{background-image:url(https:\/\/www.psytra.fr\/wp-content\/uploads\/2015\/09\/dpannelec_ohlungen_depannage_electrique_petrazoller.jpg)}.ugb-52f6a57 .ugb-button{background-color:#fcb900;border-radius:4px !important}.ugb-52f6a57 .ugb-button .ugb-button--inner,.ugb-52f6a57 .ugb-button svg{color:#ffffff}.ugb-52f6a57 .ugb-button:before{border-radius:4px !important}.ugb-52f6a57 .ugb-inner-block{text-align:left}<\/style><div class=\"ugb-inner-block\"><div class=\"ugb-block-content\"><div class=\"ugb-card__item ugb-card__item1\"><div class=\"ugb-card__image ugb--shadow-3\"><\/div><div class=\"ugb-card__content\"><h4 class=\"ugb-card__title\"> <strong>D&rsquo;Pannelec<\/strong> : Des solutions pour vos pannes <\/h4><p class=\"ugb-card__description\">D&rsquo;PANNELEC a \u00e9t\u00e9 cr\u00e9e en 2008 afin de r\u00e9pondre rapidement aux demandes d\u2019interventions et de d\u00e9pannages industriels des entreprises<br> du secteur Nord du Bas-Rhin. Sont propos\u00e9s \u00e9galement des r\u00e9visions machines, c\u00e2blages de coffrets industriels, contrats de maintenance.<br> D&rsquo;PANNELEC propose \u00e9galement la distribution &#8211; vente au niveau national des produits <a rel=\"noreferrer noopener\" aria-label=\" (s\u2019ouvre dans un nouvel onglet)\" href=\"http:\/\/www.dpannelec.fr\/Pages\/Produits_Pixsys.html\" target=\"_blank\">Pixsys<\/a> et <a rel=\"noreferrer noopener\" aria-label=\" (s\u2019ouvre dans un nouvel onglet)\" href=\"http:\/\/www.dpannelec.fr\/Pages\/BMCM_DPANNELEC.html\" target=\"_blank\">BMCM<\/a>.<\/p><div class=\"ugb-button-container\"><a class=\"ugb-button ugb-button--size-normal\" href=\"http:\/\/www.dpannelec.fr\/Pages\/accueil_DPANNELEC.html\" target=\"_blank\" rel=\"noopener noreferrer\"><span class=\"ugb-button--inner\">Savoir plus<\/span><\/a><\/div><\/div><\/div><\/div><\/div><\/div>\n\n\n\n<p> &#8212;&#8212;&#8212;&#8212;&#8212;&#8212;&#8212;&#8212;&#8212;&#8212;&#8212;&#8212;&#8212;&#8212;&#8212;&#8212;&#8212;&#8212;- <\/p>\n\n\n\n<pre class=\"wp-block-preformatted\">Partenaires et liens utiles - R\u00e9dig\u00e9 par Micka\u00ebl PETRAZOLLER, Psychologue Clinicien, Psychoth\u00e9rapeute, \u00e0 Haguenau.<\/pre>\n\n\n\n<p><a rel=\"noreferrer noopener\" aria-label=\"Mon cabinet \u00e0 Haguenau (s\u2019ouvre dans un nouvel onglet)\" href=\"https:\/\/www.psytra.fr\/index.php\/2020\/01\/05\/mickael-petrazoller-psychologue-haguenau-2\/\" target=\"_blank\">Mon cabinet \u00e0 Haguenau<\/a><\/p>\n","protected":false},"excerpt":{"rendered":"<p>Afin de vous aider au mieux \u00e0 trouver les r\u00e9ponses \u00e0 vos questions dans des domaines divers, je vous propose ces quelques partenaires et liens utiles. Test\u00e9s et approuv\u00e9s, vous pouvez les contacter les yeux ferm\u00e9s ! &#8211; Sant\u00e9 &amp; Bien-\u00eatre &#8211; &#8212;&#8212;&#8212;&#8212;&#8212;&#8212;&#8212;&#8212;&#8212;&#8212;&#8212;&#8212;&#8212;&#8212;&#8212;&#8212;&#8212;&#8212;- Centre du sommeil RESPIRE Des difficult\u00e9s de sommeil devenant de plus en&#8230; <\/p>\n","protected":false},"author":3,"featured_media":0,"parent":0,"menu_order":0,"comment_status":"closed","ping_status":"closed","template":"","meta":{"footnotes":""},"class_list":["post-737","page","type-page","status-publish","hentry"],"featured_image_urls_v2":{"full":"","thumbnail":"","medium":"","medium_large":"","large":"","1536x1536":"","2048x2048":"","homepage-thumb":""},"post_excerpt_stackable_v2":"<p>Afin de vous aider au mieux \u00e0 trouver les r\u00e9ponses \u00e0 vos questions dans des domaines divers, je vous propose ces quelques partenaires et liens utiles. Test\u00e9s et approuv\u00e9s, vous pouvez les contacter les yeux ferm\u00e9s ! &#8211; Sant\u00e9 &amp; Bien-\u00eatre &#8211; &#8212;&#8212;&#8212;&#8212;&#8212;&#8212;&#8212;&#8212;&#8212;&#8212;&#8212;&#8212;&#8212;&#8212;&#8212;&#8212;&#8212;&#8212;- Centre du sommeil RESPIRE Des difficult\u00e9s de sommeil devenant de plus en plus envahissantes ? La premi\u00e8re \u00e9tape est de chercher d&rsquo;\u00e9ventuelles causes m\u00e9dicales \u00e0 \u00e9liminer avant de s&rsquo;inqui\u00e9ter de son \u00e9tat psychologique. Le meilleur endroit pour cela ? C&rsquo;est ici ! Programme Floril\u00e8ge . Situ\u00e9 au sein du centre du sommeil Respire, le programme Floril\u00e8ge vous\u2026<\/p>\n","category_list_v2":"","author_info_v2":{"name":"M Petrazoller","url":"https:\/\/www.psytra.fr\/index.php\/author\/mpetra\/"},"comments_num_v2":"0 commentaire","yoast_head":"<!-- This site is optimized with the Yoast SEO plugin v26.6 - https:\/\/yoast.com\/wordpress\/plugins\/seo\/ -->\n<title>Partenaires et liens utiles - Micka\u00ebl Petrazoller - Psychologue \u00e0 Haguenau<\/title>\n<meta name=\"description\" content=\"Partenaires et liens utiles afin de vous aider au mieux \u00e0 trouver les r\u00e9ponses \u00e0 vos questions dans des domaines divers. Test\u00e9s et approuv\u00e9s !\" \/>\n<meta name=\"robots\" content=\"index, follow, max-snippet:-1, max-image-preview:large, max-video-preview:-1\" \/>\n<link rel=\"canonical\" href=\"https:\/\/www.psytra.fr\/index.php\/partenaires-liens-utiles\/\" \/>\n<meta property=\"og:locale\" content=\"fr_FR\" \/>\n<meta property=\"og:type\" content=\"article\" \/>\n<meta property=\"og:title\" content=\"Partenaires et liens utiles - Micka\u00ebl Petrazoller - Psychologue \u00e0 Haguenau\" \/>\n<meta property=\"og:description\" content=\"Partenaires et liens utiles afin de vous aider au mieux \u00e0 trouver les r\u00e9ponses \u00e0 vos questions dans des domaines divers. Test\u00e9s et approuv\u00e9s !\" \/>\n<meta property=\"og:url\" content=\"https:\/\/www.psytra.fr\/index.php\/partenaires-liens-utiles\/\" \/>\n<meta property=\"og:site_name\" content=\"Micka\u00ebl Petrazoller\" \/>\n<meta property=\"article:modified_time\" content=\"2020-03-11T16:12:25+00:00\" \/>\n<meta property=\"og:image\" content=\"https:\/\/www.psytra.fr\/wp-content\/uploads\/2020\/01\/footer_logo-1.png\" \/>\n\t<meta property=\"og:image:width\" content=\"539\" \/>\n\t<meta property=\"og:image:height\" content=\"283\" \/>\n\t<meta property=\"og:image:type\" content=\"image\/png\" \/>\n<meta name=\"twitter:card\" content=\"summary_large_image\" \/>\n<meta name=\"twitter:label1\" content=\"Dur\u00e9e de lecture estim\u00e9e\" \/>\n\t<meta name=\"twitter:data1\" content=\"3 minutes\" \/>\n<script type=\"application\/ld+json\" class=\"yoast-schema-graph\">{\"@context\":\"https:\/\/schema.org\",\"@graph\":[{\"@type\":\"WebPage\",\"@id\":\"https:\/\/www.psytra.fr\/index.php\/partenaires-liens-utiles\/\",\"url\":\"https:\/\/www.psytra.fr\/index.php\/partenaires-liens-utiles\/\",\"name\":\"Partenaires et liens utiles - Micka\u00ebl Petrazoller - Psychologue \u00e0 Haguenau\",\"isPartOf\":{\"@id\":\"https:\/\/www.psytra.fr\/#website\"},\"primaryImageOfPage\":{\"@id\":\"https:\/\/www.psytra.fr\/index.php\/partenaires-liens-utiles\/#primaryimage\"},\"image\":{\"@id\":\"https:\/\/www.psytra.fr\/index.php\/partenaires-liens-utiles\/#primaryimage\"},\"thumbnailUrl\":\"https:\/\/www.psytra.fr\/wp-content\/uploads\/2020\/01\/footer_logo-1.png\",\"datePublished\":\"2020-01-30T11:37:27+00:00\",\"dateModified\":\"2020-03-11T16:12:25+00:00\",\"description\":\"Partenaires et liens utiles afin de vous aider au mieux \u00e0 trouver les r\u00e9ponses \u00e0 vos questions dans des domaines divers. Test\u00e9s et approuv\u00e9s !\",\"breadcrumb\":{\"@id\":\"https:\/\/www.psytra.fr\/index.php\/partenaires-liens-utiles\/#breadcrumb\"},\"inLanguage\":\"fr-FR\",\"potentialAction\":[{\"@type\":\"ReadAction\",\"target\":[\"https:\/\/www.psytra.fr\/index.php\/partenaires-liens-utiles\/\"]}]},{\"@type\":\"ImageObject\",\"inLanguage\":\"fr-FR\",\"@id\":\"https:\/\/www.psytra.fr\/index.php\/partenaires-liens-utiles\/#primaryimage\",\"url\":\"https:\/\/www.psytra.fr\/wp-content\/uploads\/2020\/01\/footer_logo-1.png\",\"contentUrl\":\"https:\/\/www.psytra.fr\/wp-content\/uploads\/2020\/01\/footer_logo-1.png\",\"width\":539,\"height\":283},{\"@type\":\"BreadcrumbList\",\"@id\":\"https:\/\/www.psytra.fr\/index.php\/partenaires-liens-utiles\/#breadcrumb\",\"itemListElement\":[{\"@type\":\"ListItem\",\"position\":1,\"name\":\"Accueil\",\"item\":\"https:\/\/www.psytra.fr\/\"},{\"@type\":\"ListItem\",\"position\":2,\"name\":\"Partenaires et liens utiles\"}]},{\"@type\":\"WebSite\",\"@id\":\"https:\/\/www.psytra.fr\/#website\",\"url\":\"https:\/\/www.psytra.fr\/\",\"name\":\"Micka\u00ebl Petrazoller\",\"description\":\"Psychologue, Psychoth\u00e9rapeute TCC \u00e0 Haguenau\",\"potentialAction\":[{\"@type\":\"SearchAction\",\"target\":{\"@type\":\"EntryPoint\",\"urlTemplate\":\"https:\/\/www.psytra.fr\/?s={search_term_string}\"},\"query-input\":{\"@type\":\"PropertyValueSpecification\",\"valueRequired\":true,\"valueName\":\"search_term_string\"}}],\"inLanguage\":\"fr-FR\"}]}<\/script>\n<!-- \/ Yoast SEO plugin. -->","yoast_head_json":{"title":"Partenaires et liens utiles - Micka\u00ebl Petrazoller - Psychologue \u00e0 Haguenau","description":"Partenaires et liens utiles afin de vous aider au mieux \u00e0 trouver les r\u00e9ponses \u00e0 vos questions dans des domaines divers. Test\u00e9s et approuv\u00e9s !","robots":{"index":"index","follow":"follow","max-snippet":"max-snippet:-1","max-image-preview":"max-image-preview:large","max-video-preview":"max-video-preview:-1"},"canonical":"https:\/\/www.psytra.fr\/index.php\/partenaires-liens-utiles\/","og_locale":"fr_FR","og_type":"article","og_title":"Partenaires et liens utiles - Micka\u00ebl Petrazoller - Psychologue \u00e0 Haguenau","og_description":"Partenaires et liens utiles afin de vous aider au mieux \u00e0 trouver les r\u00e9ponses \u00e0 vos questions dans des domaines divers. Test\u00e9s et approuv\u00e9s !","og_url":"https:\/\/www.psytra.fr\/index.php\/partenaires-liens-utiles\/","og_site_name":"Micka\u00ebl Petrazoller","article_modified_time":"2020-03-11T16:12:25+00:00","og_image":[{"width":539,"height":283,"url":"https:\/\/www.psytra.fr\/wp-content\/uploads\/2020\/01\/footer_logo-1.png","type":"image\/png"}],"twitter_card":"summary_large_image","twitter_misc":{"Dur\u00e9e de lecture estim\u00e9e":"3 minutes"},"schema":{"@context":"https:\/\/schema.org","@graph":[{"@type":"WebPage","@id":"https:\/\/www.psytra.fr\/index.php\/partenaires-liens-utiles\/","url":"https:\/\/www.psytra.fr\/index.php\/partenaires-liens-utiles\/","name":"Partenaires et liens utiles - Micka\u00ebl Petrazoller - Psychologue \u00e0 Haguenau","isPartOf":{"@id":"https:\/\/www.psytra.fr\/#website"},"primaryImageOfPage":{"@id":"https:\/\/www.psytra.fr\/index.php\/partenaires-liens-utiles\/#primaryimage"},"image":{"@id":"https:\/\/www.psytra.fr\/index.php\/partenaires-liens-utiles\/#primaryimage"},"thumbnailUrl":"https:\/\/www.psytra.fr\/wp-content\/uploads\/2020\/01\/footer_logo-1.png","datePublished":"2020-01-30T11:37:27+00:00","dateModified":"2020-03-11T16:12:25+00:00","description":"Partenaires et liens utiles afin de vous aider au mieux \u00e0 trouver les r\u00e9ponses \u00e0 vos questions dans des domaines divers. Test\u00e9s et approuv\u00e9s !","breadcrumb":{"@id":"https:\/\/www.psytra.fr\/index.php\/partenaires-liens-utiles\/#breadcrumb"},"inLanguage":"fr-FR","potentialAction":[{"@type":"ReadAction","target":["https:\/\/www.psytra.fr\/index.php\/partenaires-liens-utiles\/"]}]},{"@type":"ImageObject","inLanguage":"fr-FR","@id":"https:\/\/www.psytra.fr\/index.php\/partenaires-liens-utiles\/#primaryimage","url":"https:\/\/www.psytra.fr\/wp-content\/uploads\/2020\/01\/footer_logo-1.png","contentUrl":"https:\/\/www.psytra.fr\/wp-content\/uploads\/2020\/01\/footer_logo-1.png","width":539,"height":283},{"@type":"BreadcrumbList","@id":"https:\/\/www.psytra.fr\/index.php\/partenaires-liens-utiles\/#breadcrumb","itemListElement":[{"@type":"ListItem","position":1,"name":"Accueil","item":"https:\/\/www.psytra.fr\/"},{"@type":"ListItem","position":2,"name":"Partenaires et liens utiles"}]},{"@type":"WebSite","@id":"https:\/\/www.psytra.fr\/#website","url":"https:\/\/www.psytra.fr\/","name":"Micka\u00ebl Petrazoller","description":"Psychologue, Psychoth\u00e9rapeute TCC \u00e0 Haguenau","potentialAction":[{"@type":"SearchAction","target":{"@type":"EntryPoint","urlTemplate":"https:\/\/www.psytra.fr\/?s={search_term_string}"},"query-input":{"@type":"PropertyValueSpecification","valueRequired":true,"valueName":"search_term_string"}}],"inLanguage":"fr-FR"}]}},"jetpack_sharing_enabled":true,"_links":{"self":[{"href":"https:\/\/www.psytra.fr\/index.php\/wp-json\/wp\/v2\/pages\/737","targetHints":{"allow":["GET"]}}],"collection":[{"href":"https:\/\/www.psytra.fr\/index.php\/wp-json\/wp\/v2\/pages"}],"about":[{"href":"https:\/\/www.psytra.fr\/index.php\/wp-json\/wp\/v2\/types\/page"}],"author":[{"embeddable":true,"href":"https:\/\/www.psytra.fr\/index.php\/wp-json\/wp\/v2\/users\/3"}],"replies":[{"embeddable":true,"href":"https:\/\/www.psytra.fr\/index.php\/wp-json\/wp\/v2\/comments?post=737"}],"version-history":[{"count":24,"href":"https:\/\/www.psytra.fr\/index.php\/wp-json\/wp\/v2\/pages\/737\/revisions"}],"predecessor-version":[{"id":791,"href":"https:\/\/www.psytra.fr\/index.php\/wp-json\/wp\/v2\/pages\/737\/revisions\/791"}],"wp:attachment":[{"href":"https:\/\/www.psytra.fr\/index.php\/wp-json\/wp\/v2\/media?parent=737"}],"curies":[{"name":"wp","href":"https:\/\/api.w.org\/{rel}","templated":true}]}}