{"id":792,"date":"2020-03-13T16:17:50","date_gmt":"2020-03-13T15:17:50","guid":{"rendered":"https:\/\/www.psytra.fr\/?page_id=792"},"modified":"2022-12-17T19:15:46","modified_gmt":"2022-12-17T18:15:46","slug":"informations-pratiques","status":"publish","type":"page","link":"https:\/\/www.psytra.fr\/index.php\/informations-pratiques\/","title":{"rendered":"Informations pratiques :"},"content":{"rendered":"\n<p>Psychologue conventionn\u00e9 Assurance Maladie, dans le cadre du dispositif MonPsy. Remboursement de la prise en charge dans la limite de 8 s\u00e9ances par an, sur pr\u00e9sentation d&rsquo;une ordonnance ou courrier d&rsquo;adressage r\u00e9dig\u00e9(e) par votre m\u00e9decin g\u00e9n\u00e9raliste. Retrouvez-moi sur l&rsquo;annuaire MonParcoursPsy en cliquant sur le lien ci-dessous :<br><br><br><\/p>\n\n\n<div class=\"wp-block-image\">\n<figure class=\"alignleft size-full is-resized\"><a href=\"https:\/\/monparcourspsy.sante.gouv.fr\/annuaire\" target=\"_blank\" rel=\"noreferrer noopener\"><img loading=\"lazy\" decoding=\"async\" src=\"https:\/\/www.psytra.fr\/wp-content\/uploads\/2022\/12\/MonPsy.jpg\" alt=\"\" class=\"wp-image-947\" width=\"290\" height=\"78\" srcset=\"https:\/\/www.psytra.fr\/wp-content\/uploads\/2022\/12\/MonPsy.jpg 245w, https:\/\/www.psytra.fr\/wp-content\/uploads\/2022\/12\/MonPsy-240x66.jpg 240w\" sizes=\"auto, (max-width: 290px) 100vw, 290px\" \/><\/a><\/figure>\n<\/div>\n\n\n<p><br><br><br><br><br><\/p>\n\n\n\n<p><\/p>\n\n\n\n<hr class=\"wp-block-separator has-alpha-channel-opacity\"\/>\n\n\n\n<h4 class=\"wp-block-heading\"><br>Premier entretien et prise en charge possibles pour toute personne \u00e0 partir de 18 ans (pour les enfants et adolescents, me contacter pour d&rsquo;autres coordonn\u00e9es de Psychologues ou Psychiatres sp\u00e9cialis\u00e9s). <\/h4>\n\n\n\n<hr class=\"wp-block-separator has-alpha-channel-opacity\"\/>\n\n\n\n<h2 class=\"wp-block-heading\"><br>Retrouvez-moi et prenez rendez-vous directement sur :<\/h2>\n\n\n\n<p><span style=\"color: #fcb900;\" class=\"ugb-highlight\">.<\/span><\/p>\n\n\n<div class=\"wp-block-image\">\n<figure class=\"alignleft size-large is-resized\"><a href=\"https:\/\/www.doctolib.fr\/psychologue\/batzendorf\/mickael-petrazoller\" target=\"_blank\" rel=\"noreferrer noopener\"><img loading=\"lazy\" decoding=\"async\" src=\"https:\/\/www.psytra.fr\/wp-content\/uploads\/2020\/03\/MPetrazoller-psychologue-haguenau-saverne-1-1024x345.png\" alt=\"\" class=\"wp-image-768\" width=\"393\" height=\"132\" srcset=\"https:\/\/www.psytra.fr\/wp-content\/uploads\/2020\/03\/MPetrazoller-psychologue-haguenau-saverne-1-1024x345.png 1024w, https:\/\/www.psytra.fr\/wp-content\/uploads\/2020\/03\/MPetrazoller-psychologue-haguenau-saverne-1-300x101.png 300w, https:\/\/www.psytra.fr\/wp-content\/uploads\/2020\/03\/MPetrazoller-psychologue-haguenau-saverne-1-768x259.png 768w, https:\/\/www.psytra.fr\/wp-content\/uploads\/2020\/03\/MPetrazoller-psychologue-haguenau-saverne-1-1536x518.png 1536w, https:\/\/www.psytra.fr\/wp-content\/uploads\/2020\/03\/MPetrazoller-psychologue-haguenau-saverne-1.png 1949w\" sizes=\"auto, (max-width: 393px) 100vw, 393px\" \/><\/a><\/figure>\n<\/div>\n\n\n<p><span style=\"color: #fcb900;\" class=\"ugb-highlight\">.<\/span><\/p>\n\n\n\n<p><span style=\"color: #fcb900;\" class=\"ugb-highlight\">.<\/span><\/p>\n\n\n\n<p><\/p>\n\n\n\n<p><span style=\"color: #fcb900;\" class=\"ugb-highlight\">.<\/span><\/p>\n\n\n\n<h3 class=\"wp-block-heading\">Vous pouvez \u00e9galement faire un tour sur cette page :<\/h3>\n\n\n\n<p><span style=\"color: #fcb900;\" class=\"ugb-highlight\">.<\/span><\/p>\n\n\n<div class=\"wp-block-image\">\n<figure class=\"alignleft size-large is-resized\"><a href=\"https:\/\/www.psytra.fr\/index.php\/partenaires-liens-utiles\/\" target=\"_blank\" rel=\"noreferrer noopener\"><img loading=\"lazy\" decoding=\"async\" src=\"https:\/\/www.psytra.fr\/wp-content\/uploads\/2020\/01\/psychologue-haguenau-petrazoller.jpg\" alt=\"\" class=\"wp-image-734\" width=\"367\" height=\"196\" srcset=\"https:\/\/www.psytra.fr\/wp-content\/uploads\/2020\/01\/psychologue-haguenau-petrazoller.jpg 469w, https:\/\/www.psytra.fr\/wp-content\/uploads\/2020\/01\/psychologue-haguenau-petrazoller-300x161.jpg 300w\" sizes=\"auto, (max-width: 367px) 100vw, 367px\" \/><\/a><\/figure>\n<\/div>\n\n\n<p><span style=\"color: #fcb900;\" class=\"ugb-highlight\">.<\/span><\/p>\n","protected":false},"excerpt":{"rendered":"<p>Psychologue conventionn\u00e9 Assurance Maladie, dans le cadre du dispositif MonPsy. Remboursement de la prise en charge dans la limite de 8 s\u00e9ances par an, sur pr\u00e9sentation d&rsquo;une ordonnance ou courrier d&rsquo;adressage r\u00e9dig\u00e9(e) par votre m\u00e9decin g\u00e9n\u00e9raliste. Retrouvez-moi sur l&rsquo;annuaire MonParcoursPsy en cliquant sur le lien ci-dessous : Premier entretien et prise en charge possibles pour&#8230; <\/p>\n","protected":false},"author":3,"featured_media":0,"parent":0,"menu_order":0,"comment_status":"closed","ping_status":"closed","template":"","meta":{"footnotes":""},"class_list":["post-792","page","type-page","status-publish","hentry"],"featured_image_urls_v2":{"full":"","thumbnail":"","medium":"","medium_large":"","large":"","1536x1536":"","2048x2048":"","homepage-thumb":""},"post_excerpt_stackable_v2":"<p>Psychologue conventionn\u00e9 Assurance Maladie, dans le cadre du dispositif MonPsy. Remboursement de la prise en charge dans la limite de 8 s\u00e9ances par an, sur pr\u00e9sentation d&rsquo;une ordonnance ou courrier d&rsquo;adressage r\u00e9dig\u00e9(e) par votre m\u00e9decin g\u00e9n\u00e9raliste. Retrouvez-moi sur l&rsquo;annuaire MonParcoursPsy en cliquant sur le lien ci-dessous : Premier entretien et prise en charge possibles pour toute personne \u00e0 partir de 18 ans (pour les enfants et adolescents, me contacter pour d&rsquo;autres coordonn\u00e9es de Psychologues ou Psychiatres sp\u00e9cialis\u00e9s). Retrouvez-moi et prenez rendez-vous directement sur : . . . . Vous pouvez \u00e9galement faire un tour sur cette page : . .<\/p>\n","category_list_v2":"","author_info_v2":{"name":"M Petrazoller","url":"https:\/\/www.psytra.fr\/index.php\/author\/mpetra\/"},"comments_num_v2":"0 commentaire","yoast_head":"<!-- This site is optimized with the Yoast SEO plugin v26.6 - https:\/\/yoast.com\/wordpress\/plugins\/seo\/ -->\n<title>Informations pratiques : Micka\u00ebl Petrazoller - Psychologue sp\u00e9cialis\u00e9 TCC<\/title>\n<meta name=\"description\" content=\"Prise en charge de toute personne \u00e0 partir de 14 ans. Retrouvez-moi et prenez rendez-vous directement sur Doctolib. Informations pratiques du cabinet.\" \/>\n<meta name=\"robots\" content=\"index, follow, max-snippet:-1, max-image-preview:large, max-video-preview:-1\" \/>\n<link rel=\"canonical\" href=\"https:\/\/www.psytra.fr\/index.php\/informations-pratiques\/\" \/>\n<meta property=\"og:locale\" content=\"fr_FR\" \/>\n<meta property=\"og:type\" content=\"article\" \/>\n<meta property=\"og:title\" content=\"Informations pratiques : Micka\u00ebl Petrazoller - Psychologue sp\u00e9cialis\u00e9 TCC\" \/>\n<meta property=\"og:description\" content=\"Prise en charge de toute personne \u00e0 partir de 14 ans. Retrouvez-moi et prenez rendez-vous directement sur Doctolib. Informations pratiques du cabinet.\" \/>\n<meta property=\"og:url\" content=\"https:\/\/www.psytra.fr\/index.php\/informations-pratiques\/\" \/>\n<meta property=\"og:site_name\" content=\"Micka\u00ebl Petrazoller\" \/>\n<meta property=\"article:modified_time\" content=\"2022-12-17T18:15:46+00:00\" \/>\n<meta property=\"og:image\" content=\"https:\/\/www.psytra.fr\/wp-content\/uploads\/2022\/12\/MonPsy.jpg\" \/>\n<meta name=\"twitter:card\" content=\"summary_large_image\" \/>\n<meta name=\"twitter:label1\" content=\"Dur\u00e9e de lecture estim\u00e9e\" \/>\n\t<meta name=\"twitter:data1\" content=\"2 minutes\" \/>\n<script type=\"application\/ld+json\" class=\"yoast-schema-graph\">{\"@context\":\"https:\/\/schema.org\",\"@graph\":[{\"@type\":\"WebPage\",\"@id\":\"https:\/\/www.psytra.fr\/index.php\/informations-pratiques\/\",\"url\":\"https:\/\/www.psytra.fr\/index.php\/informations-pratiques\/\",\"name\":\"Informations pratiques : Micka\u00ebl Petrazoller - Psychologue sp\u00e9cialis\u00e9 TCC\",\"isPartOf\":{\"@id\":\"https:\/\/www.psytra.fr\/#website\"},\"primaryImageOfPage\":{\"@id\":\"https:\/\/www.psytra.fr\/index.php\/informations-pratiques\/#primaryimage\"},\"image\":{\"@id\":\"https:\/\/www.psytra.fr\/index.php\/informations-pratiques\/#primaryimage\"},\"thumbnailUrl\":\"https:\/\/www.psytra.fr\/wp-content\/uploads\/2022\/12\/MonPsy.jpg\",\"datePublished\":\"2020-03-13T15:17:50+00:00\",\"dateModified\":\"2022-12-17T18:15:46+00:00\",\"description\":\"Prise en charge de toute personne \u00e0 partir de 14 ans. Retrouvez-moi et prenez rendez-vous directement sur Doctolib. Informations pratiques du cabinet.\",\"breadcrumb\":{\"@id\":\"https:\/\/www.psytra.fr\/index.php\/informations-pratiques\/#breadcrumb\"},\"inLanguage\":\"fr-FR\",\"potentialAction\":[{\"@type\":\"ReadAction\",\"target\":[\"https:\/\/www.psytra.fr\/index.php\/informations-pratiques\/\"]}]},{\"@type\":\"ImageObject\",\"inLanguage\":\"fr-FR\",\"@id\":\"https:\/\/www.psytra.fr\/index.php\/informations-pratiques\/#primaryimage\",\"url\":\"https:\/\/www.psytra.fr\/wp-content\/uploads\/2022\/12\/MonPsy.jpg\",\"contentUrl\":\"https:\/\/www.psytra.fr\/wp-content\/uploads\/2022\/12\/MonPsy.jpg\",\"width\":245,\"height\":66},{\"@type\":\"BreadcrumbList\",\"@id\":\"https:\/\/www.psytra.fr\/index.php\/informations-pratiques\/#breadcrumb\",\"itemListElement\":[{\"@type\":\"ListItem\",\"position\":1,\"name\":\"Accueil\",\"item\":\"https:\/\/www.psytra.fr\/\"},{\"@type\":\"ListItem\",\"position\":2,\"name\":\"Informations pratiques :\"}]},{\"@type\":\"WebSite\",\"@id\":\"https:\/\/www.psytra.fr\/#website\",\"url\":\"https:\/\/www.psytra.fr\/\",\"name\":\"Micka\u00ebl Petrazoller\",\"description\":\"Psychologue, Psychoth\u00e9rapeute TCC \u00e0 Haguenau\",\"potentialAction\":[{\"@type\":\"SearchAction\",\"target\":{\"@type\":\"EntryPoint\",\"urlTemplate\":\"https:\/\/www.psytra.fr\/?s={search_term_string}\"},\"query-input\":{\"@type\":\"PropertyValueSpecification\",\"valueRequired\":true,\"valueName\":\"search_term_string\"}}],\"inLanguage\":\"fr-FR\"}]}<\/script>\n<!-- \/ Yoast SEO plugin. -->","yoast_head_json":{"title":"Informations pratiques : Micka\u00ebl Petrazoller - Psychologue sp\u00e9cialis\u00e9 TCC","description":"Prise en charge de toute personne \u00e0 partir de 14 ans. Retrouvez-moi et prenez rendez-vous directement sur Doctolib. Informations pratiques du cabinet.","robots":{"index":"index","follow":"follow","max-snippet":"max-snippet:-1","max-image-preview":"max-image-preview:large","max-video-preview":"max-video-preview:-1"},"canonical":"https:\/\/www.psytra.fr\/index.php\/informations-pratiques\/","og_locale":"fr_FR","og_type":"article","og_title":"Informations pratiques : Micka\u00ebl Petrazoller - Psychologue sp\u00e9cialis\u00e9 TCC","og_description":"Prise en charge de toute personne \u00e0 partir de 14 ans. Retrouvez-moi et prenez rendez-vous directement sur Doctolib. Informations pratiques du cabinet.","og_url":"https:\/\/www.psytra.fr\/index.php\/informations-pratiques\/","og_site_name":"Micka\u00ebl Petrazoller","article_modified_time":"2022-12-17T18:15:46+00:00","og_image":[{"url":"https:\/\/www.psytra.fr\/wp-content\/uploads\/2022\/12\/MonPsy.jpg","type":"","width":"","height":""}],"twitter_card":"summary_large_image","twitter_misc":{"Dur\u00e9e de lecture estim\u00e9e":"2 minutes"},"schema":{"@context":"https:\/\/schema.org","@graph":[{"@type":"WebPage","@id":"https:\/\/www.psytra.fr\/index.php\/informations-pratiques\/","url":"https:\/\/www.psytra.fr\/index.php\/informations-pratiques\/","name":"Informations pratiques : Micka\u00ebl Petrazoller - Psychologue sp\u00e9cialis\u00e9 TCC","isPartOf":{"@id":"https:\/\/www.psytra.fr\/#website"},"primaryImageOfPage":{"@id":"https:\/\/www.psytra.fr\/index.php\/informations-pratiques\/#primaryimage"},"image":{"@id":"https:\/\/www.psytra.fr\/index.php\/informations-pratiques\/#primaryimage"},"thumbnailUrl":"https:\/\/www.psytra.fr\/wp-content\/uploads\/2022\/12\/MonPsy.jpg","datePublished":"2020-03-13T15:17:50+00:00","dateModified":"2022-12-17T18:15:46+00:00","description":"Prise en charge de toute personne \u00e0 partir de 14 ans. Retrouvez-moi et prenez rendez-vous directement sur Doctolib. Informations pratiques du cabinet.","breadcrumb":{"@id":"https:\/\/www.psytra.fr\/index.php\/informations-pratiques\/#breadcrumb"},"inLanguage":"fr-FR","potentialAction":[{"@type":"ReadAction","target":["https:\/\/www.psytra.fr\/index.php\/informations-pratiques\/"]}]},{"@type":"ImageObject","inLanguage":"fr-FR","@id":"https:\/\/www.psytra.fr\/index.php\/informations-pratiques\/#primaryimage","url":"https:\/\/www.psytra.fr\/wp-content\/uploads\/2022\/12\/MonPsy.jpg","contentUrl":"https:\/\/www.psytra.fr\/wp-content\/uploads\/2022\/12\/MonPsy.jpg","width":245,"height":66},{"@type":"BreadcrumbList","@id":"https:\/\/www.psytra.fr\/index.php\/informations-pratiques\/#breadcrumb","itemListElement":[{"@type":"ListItem","position":1,"name":"Accueil","item":"https:\/\/www.psytra.fr\/"},{"@type":"ListItem","position":2,"name":"Informations pratiques :"}]},{"@type":"WebSite","@id":"https:\/\/www.psytra.fr\/#website","url":"https:\/\/www.psytra.fr\/","name":"Micka\u00ebl Petrazoller","description":"Psychologue, Psychoth\u00e9rapeute TCC \u00e0 Haguenau","potentialAction":[{"@type":"SearchAction","target":{"@type":"EntryPoint","urlTemplate":"https:\/\/www.psytra.fr\/?s={search_term_string}"},"query-input":{"@type":"PropertyValueSpecification","valueRequired":true,"valueName":"search_term_string"}}],"inLanguage":"fr-FR"}]}},"jetpack_sharing_enabled":true,"_links":{"self":[{"href":"https:\/\/www.psytra.fr\/index.php\/wp-json\/wp\/v2\/pages\/792","targetHints":{"allow":["GET"]}}],"collection":[{"href":"https:\/\/www.psytra.fr\/index.php\/wp-json\/wp\/v2\/pages"}],"about":[{"href":"https:\/\/www.psytra.fr\/index.php\/wp-json\/wp\/v2\/types\/page"}],"author":[{"embeddable":true,"href":"https:\/\/www.psytra.fr\/index.php\/wp-json\/wp\/v2\/users\/3"}],"replies":[{"embeddable":true,"href":"https:\/\/www.psytra.fr\/index.php\/wp-json\/wp\/v2\/comments?post=792"}],"version-history":[{"count":64,"href":"https:\/\/www.psytra.fr\/index.php\/wp-json\/wp\/v2\/pages\/792\/revisions"}],"predecessor-version":[{"id":965,"href":"https:\/\/www.psytra.fr\/index.php\/wp-json\/wp\/v2\/pages\/792\/revisions\/965"}],"wp:attachment":[{"href":"https:\/\/www.psytra.fr\/index.php\/wp-json\/wp\/v2\/media?parent=792"}],"curies":[{"name":"wp","href":"https:\/\/api.w.org\/{rel}","templated":true}]}}