{"id":876,"date":"2022-12-17T16:23:54","date_gmt":"2022-12-17T15:23:54","guid":{"rendered":"https:\/\/www.psytra.fr\/?page_id=876"},"modified":"2024-07-30T15:43:01","modified_gmt":"2024-07-30T13:43:01","slug":"psychologue-haguenau-mickael-petrazoller","status":"publish","type":"page","link":"https:\/\/www.psytra.fr\/index.php\/psychologue-haguenau-mickael-petrazoller\/","title":{"rendered":"Tarifs &#8211; Psychologue Haguenau M. PETRAZOLLER"},"content":{"rendered":"\n<p>Tarification officielle appliqu\u00e9e toute l&rsquo;ann\u00e9e. Plus d&rsquo;informations sur demande par mail.<\/p>\n\n\n\n<p>Prise de rendez-vous sur Doctolib : <a href=\"https:\/\/www.doctolib.fr\/psychologue\/batzendorf\/mickael-petrazoller\" target=\"_blank\" rel=\"noreferrer noopener\">Cliquez ici.<\/a><\/p>\n\n\n\n<div class=\"wp-block-columns alignwide is-layout-flex wp-container-core-columns-is-layout-9d6595d7 wp-block-columns-is-layout-flex\">\n<div class=\"wp-block-column has-text-color has-background has-link-color wp-elements-b91b2c58bbc2c6c31f5bc16b7b56b936 is-layout-flow wp-block-column-is-layout-flow\" style=\"color:#000000;background-color:#ffa500;padding-top:2em;padding-right:2em;padding-bottom:2em;padding-left:2em\">\n<h2 class=\"wp-block-heading has-text-align-center has-medium-font-size\" id=\"single\"><strong>Consultations libres<\/strong><\/h2>\n\n\n\n<p class=\"has-text-align-center\" style=\"font-size:16px;line-height:1.5\">Sans ordonnance ni courrier d&rsquo;adressage<\/p>\n\n\n\n<hr class=\"wp-block-separator has-text-color has-css-opacity has-background is-style-wide\" style=\"background-color:#000000;color:#000000\"\/>\n\n\n\n<p><\/p>\n\n\n\n<ul class=\"wp-block-list\" style=\"font-size:16px\">\n<li>Consultations de 30 minutes.<\/li>\n\n\n\n<li>Pas de prise en charge par l&rsquo;Assurance Maladie.<\/li>\n\n\n\n<li>Prise en charge totale ou partielle possible par votre compl\u00e9mentaire sant\u00e9, si votre contrat le permet. <\/li>\n<\/ul>\n\n\n\n<hr class=\"wp-block-separator has-text-color has-css-opacity has-background is-style-wide\" style=\"background-color:#000000;color:#000000\"\/>\n\n\n\n<p><\/p>\n\n\n\n<div class=\"wp-block-buttons alignfull is-horizontal is-content-justification-center is-layout-flex wp-container-core-buttons-is-layout-499968f5 wp-block-buttons-is-layout-flex\">\n<div class=\"wp-block-button has-custom-width wp-block-button__width-100 has-custom-font-size\" style=\"font-size:16px\"><a class=\"wp-block-button__link has-white-color has-text-color has-background wp-element-button\" style=\"border-radius:40px;background-color:#000000\">30 min : 35\u20ac<\/a><\/div>\n<\/div>\n<\/div>\n\n\n\n<div class=\"wp-block-column has-text-color has-background has-link-color wp-elements-3aabc1559a38719fddf4410264976e59 is-layout-flow wp-block-column-is-layout-flow\" style=\"color:#000000;background-color:#8ec100;padding-top:2em;padding-right:2em;padding-bottom:2em;padding-left:2em\">\n<h2 class=\"wp-block-heading has-text-align-center has-medium-font-size\" id=\"family\"><strong>Consultations remboursables<\/strong><\/h2>\n\n\n\n<p class=\"has-text-align-center\" style=\"font-size:16px;line-height:1.5\">Ordonnance ou courrier d&rsquo;adressage (facultatif)<\/p>\n\n\n\n<hr class=\"wp-block-separator has-css-opacity is-style-wide\"\/>\n\n\n\n<p><\/p>\n\n\n\n<ul class=\"wp-block-list\" style=\"font-size:16px\">\n<li>Consultations de 45 minutes.<\/li>\n\n\n\n<li>Prise en charge par l&rsquo;Assurance Maladie dans le cadre du dispositif MonParcoursPsy.<\/li>\n\n\n\n<li>Remise de feuilles de soin, dans la limite d&rsquo;une s\u00e9ance d&rsquo;\u00e9valuation et 11 s\u00e9ances de suivi.<\/li>\n<\/ul>\n\n\n\n<hr class=\"wp-block-separator has-css-opacity is-style-wide\"\/>\n\n\n\n<p><\/p>\n\n\n\n<div class=\"wp-block-buttons alignfull is-horizontal is-content-justification-center is-layout-flex wp-container-core-buttons-is-layout-499968f5 wp-block-buttons-is-layout-flex\">\n<div class=\"wp-block-button has-custom-font-size is-style-fill\" style=\"font-size:16px\"><a class=\"wp-block-button__link has-white-color has-text-color has-background wp-element-button\" style=\"border-radius:40px;background-color:#000000\">45 min : 50\u20ac<\/a><\/div>\n<\/div>\n<\/div>\n\n\n\n<div class=\"wp-block-column is-vertically-aligned-top has-text-color has-background has-link-color wp-elements-936e54838cb2b213f807d711c1f990da is-layout-flow wp-block-column-is-layout-flow\" style=\"color:#000000;background-color:#ffa500;padding-top:2em;padding-right:2em;padding-bottom:2em;padding-left:2em\">\n<h2 class=\"wp-block-heading has-text-align-center has-medium-font-size\" id=\"patron\"><strong>Consultations affili\u00e9es Floril\u00e8ge<\/strong><\/h2>\n\n\n\n<p class=\"has-text-align-center\" style=\"font-size:16px\">En \u00e9tant membre de l&rsquo;association, sans ordonnance ni courrier d&rsquo;adressage.<\/p>\n\n\n\n<hr class=\"wp-block-separator has-alpha-channel-opacity is-style-default\"\/>\n\n\n\n<p><\/p>\n\n\n\n<ul class=\"wp-block-list\" style=\"font-size:16px\">\n<li>Consultations de 30 minutes.<\/li>\n\n\n\n<li>Pas de prise en charge par l&rsquo;Assurance Maladie.<\/li>\n\n\n\n<li>Prise en charge totale ou partielle possible par votre compl\u00e9mentaire sant\u00e9, si votre contrat le permet.<\/li>\n<\/ul>\n\n\n\n<hr class=\"wp-block-separator has-css-opacity is-style-wide\"\/>\n\n\n\n<p><\/p>\n\n\n\n<div class=\"wp-block-buttons alignfull is-horizontal is-content-justification-center is-layout-flex wp-container-core-buttons-is-layout-499968f5 wp-block-buttons-is-layout-flex\">\n<div class=\"wp-block-button has-custom-width wp-block-button__width-100 has-custom-font-size\" style=\"font-size:16px\"><a class=\"wp-block-button__link has-white-color has-text-color has-background wp-element-button\" style=\"border-radius:40px;background-color:#000000\">30 min : 30\u20ac<\/a><\/div>\n<\/div>\n<\/div>\n<\/div>\n","protected":false},"excerpt":{"rendered":"<p>Tarification officielle appliqu\u00e9e toute l&rsquo;ann\u00e9e. Plus d&rsquo;informations sur demande par mail. Prise de rendez-vous sur Doctolib : Cliquez ici. Consultations libres Sans ordonnance ni courrier d&rsquo;adressage Consultations remboursables Ordonnance ou courrier d&rsquo;adressage (facultatif) Consultations affili\u00e9es Floril\u00e8ge En \u00e9tant membre de l&rsquo;association, sans ordonnance ni courrier d&rsquo;adressage.<\/p>\n","protected":false},"author":3,"featured_media":0,"parent":0,"menu_order":0,"comment_status":"closed","ping_status":"closed","template":"","meta":{"footnotes":""},"class_list":["post-876","page","type-page","status-publish","hentry"],"featured_image_urls_v2":{"full":"","thumbnail":"","medium":"","medium_large":"","large":"","1536x1536":"","2048x2048":"","homepage-thumb":""},"post_excerpt_stackable_v2":"<p>Tarification officielle appliqu\u00e9e toute l&rsquo;ann\u00e9e. Plus d&rsquo;informations sur demande par mail. Prise de rendez-vous sur Doctolib : Cliquez ici. Consultations libres Sans ordonnance ni courrier d&rsquo;adressage Consultations de 30 minutes. Pas de prise en charge par l&rsquo;Assurance Maladie. Prise en charge totale ou partielle possible par votre compl\u00e9mentaire sant\u00e9, si votre contrat le permet. 30 min : 35\u20ac Consultations remboursables Ordonnance ou courrier d&rsquo;adressage (facultatif) Consultations de 45 minutes. Prise en charge par l&rsquo;Assurance Maladie dans le cadre du dispositif MonParcoursPsy. Remise de feuilles de soin, dans la limite d&rsquo;une s\u00e9ance d&rsquo;\u00e9valuation et 11 s\u00e9ances de suivi. 45 min :\u2026<\/p>\n","category_list_v2":"","author_info_v2":{"name":"M Petrazoller","url":"https:\/\/www.psytra.fr\/index.php\/author\/mpetra\/"},"comments_num_v2":"0 commentaire","yoast_head":"<!-- This site is optimized with the Yoast SEO plugin v26.6 - https:\/\/yoast.com\/wordpress\/plugins\/seo\/ -->\n<title>Tarification - M.Petrazoller - Psychologue Haguenau<\/title>\n<meta name=\"description\" content=\"Tarification officielle appliqu\u00e9e. S\u00e9ances remboursables sous conditions par l&#039;Assurance Maladie dans le cadre du dispositif MonPsy.\" \/>\n<meta name=\"robots\" content=\"index, follow, max-snippet:-1, max-image-preview:large, max-video-preview:-1\" \/>\n<link rel=\"canonical\" href=\"https:\/\/www.psytra.fr\/index.php\/psychologue-haguenau-mickael-petrazoller\/\" \/>\n<meta property=\"og:locale\" content=\"fr_FR\" \/>\n<meta property=\"og:type\" content=\"article\" \/>\n<meta property=\"og:title\" content=\"Tarification - M.Petrazoller - Psychologue Haguenau\" \/>\n<meta property=\"og:description\" content=\"Tarification officielle appliqu\u00e9e. S\u00e9ances remboursables sous conditions par l&#039;Assurance Maladie dans le cadre du dispositif MonPsy.\" \/>\n<meta property=\"og:url\" content=\"https:\/\/www.psytra.fr\/index.php\/psychologue-haguenau-mickael-petrazoller\/\" \/>\n<meta property=\"og:site_name\" content=\"Micka\u00ebl Petrazoller\" \/>\n<meta property=\"article:modified_time\" content=\"2024-07-30T13:43:01+00:00\" \/>\n<meta name=\"twitter:card\" content=\"summary_large_image\" \/>\n<meta name=\"twitter:label1\" content=\"Dur\u00e9e de lecture estim\u00e9e\" \/>\n\t<meta name=\"twitter:data1\" content=\"1 minute\" \/>\n<script type=\"application\/ld+json\" class=\"yoast-schema-graph\">{\"@context\":\"https:\/\/schema.org\",\"@graph\":[{\"@type\":\"WebPage\",\"@id\":\"https:\/\/www.psytra.fr\/index.php\/psychologue-haguenau-mickael-petrazoller\/\",\"url\":\"https:\/\/www.psytra.fr\/index.php\/psychologue-haguenau-mickael-petrazoller\/\",\"name\":\"Tarification - M.Petrazoller - Psychologue Haguenau\",\"isPartOf\":{\"@id\":\"https:\/\/www.psytra.fr\/#website\"},\"datePublished\":\"2022-12-17T15:23:54+00:00\",\"dateModified\":\"2024-07-30T13:43:01+00:00\",\"description\":\"Tarification officielle appliqu\u00e9e. S\u00e9ances remboursables sous conditions par l'Assurance Maladie dans le cadre du dispositif MonPsy.\",\"breadcrumb\":{\"@id\":\"https:\/\/www.psytra.fr\/index.php\/psychologue-haguenau-mickael-petrazoller\/#breadcrumb\"},\"inLanguage\":\"fr-FR\",\"potentialAction\":[{\"@type\":\"ReadAction\",\"target\":[\"https:\/\/www.psytra.fr\/index.php\/psychologue-haguenau-mickael-petrazoller\/\"]}]},{\"@type\":\"BreadcrumbList\",\"@id\":\"https:\/\/www.psytra.fr\/index.php\/psychologue-haguenau-mickael-petrazoller\/#breadcrumb\",\"itemListElement\":[{\"@type\":\"ListItem\",\"position\":1,\"name\":\"Accueil\",\"item\":\"https:\/\/www.psytra.fr\/\"},{\"@type\":\"ListItem\",\"position\":2,\"name\":\"Tarifs &#8211; Psychologue Haguenau M. PETRAZOLLER\"}]},{\"@type\":\"WebSite\",\"@id\":\"https:\/\/www.psytra.fr\/#website\",\"url\":\"https:\/\/www.psytra.fr\/\",\"name\":\"Micka\u00ebl Petrazoller\",\"description\":\"Psychologue, Psychoth\u00e9rapeute TCC \u00e0 Haguenau\",\"potentialAction\":[{\"@type\":\"SearchAction\",\"target\":{\"@type\":\"EntryPoint\",\"urlTemplate\":\"https:\/\/www.psytra.fr\/?s={search_term_string}\"},\"query-input\":{\"@type\":\"PropertyValueSpecification\",\"valueRequired\":true,\"valueName\":\"search_term_string\"}}],\"inLanguage\":\"fr-FR\"}]}<\/script>\n<!-- \/ Yoast SEO plugin. -->","yoast_head_json":{"title":"Tarification - M.Petrazoller - Psychologue Haguenau","description":"Tarification officielle appliqu\u00e9e. S\u00e9ances remboursables sous conditions par l'Assurance Maladie dans le cadre du dispositif MonPsy.","robots":{"index":"index","follow":"follow","max-snippet":"max-snippet:-1","max-image-preview":"max-image-preview:large","max-video-preview":"max-video-preview:-1"},"canonical":"https:\/\/www.psytra.fr\/index.php\/psychologue-haguenau-mickael-petrazoller\/","og_locale":"fr_FR","og_type":"article","og_title":"Tarification - M.Petrazoller - Psychologue Haguenau","og_description":"Tarification officielle appliqu\u00e9e. S\u00e9ances remboursables sous conditions par l'Assurance Maladie dans le cadre du dispositif MonPsy.","og_url":"https:\/\/www.psytra.fr\/index.php\/psychologue-haguenau-mickael-petrazoller\/","og_site_name":"Micka\u00ebl Petrazoller","article_modified_time":"2024-07-30T13:43:01+00:00","twitter_card":"summary_large_image","twitter_misc":{"Dur\u00e9e de lecture estim\u00e9e":"1 minute"},"schema":{"@context":"https:\/\/schema.org","@graph":[{"@type":"WebPage","@id":"https:\/\/www.psytra.fr\/index.php\/psychologue-haguenau-mickael-petrazoller\/","url":"https:\/\/www.psytra.fr\/index.php\/psychologue-haguenau-mickael-petrazoller\/","name":"Tarification - M.Petrazoller - Psychologue Haguenau","isPartOf":{"@id":"https:\/\/www.psytra.fr\/#website"},"datePublished":"2022-12-17T15:23:54+00:00","dateModified":"2024-07-30T13:43:01+00:00","description":"Tarification officielle appliqu\u00e9e. S\u00e9ances remboursables sous conditions par l'Assurance Maladie dans le cadre du dispositif MonPsy.","breadcrumb":{"@id":"https:\/\/www.psytra.fr\/index.php\/psychologue-haguenau-mickael-petrazoller\/#breadcrumb"},"inLanguage":"fr-FR","potentialAction":[{"@type":"ReadAction","target":["https:\/\/www.psytra.fr\/index.php\/psychologue-haguenau-mickael-petrazoller\/"]}]},{"@type":"BreadcrumbList","@id":"https:\/\/www.psytra.fr\/index.php\/psychologue-haguenau-mickael-petrazoller\/#breadcrumb","itemListElement":[{"@type":"ListItem","position":1,"name":"Accueil","item":"https:\/\/www.psytra.fr\/"},{"@type":"ListItem","position":2,"name":"Tarifs &#8211; Psychologue Haguenau M. PETRAZOLLER"}]},{"@type":"WebSite","@id":"https:\/\/www.psytra.fr\/#website","url":"https:\/\/www.psytra.fr\/","name":"Micka\u00ebl Petrazoller","description":"Psychologue, Psychoth\u00e9rapeute TCC \u00e0 Haguenau","potentialAction":[{"@type":"SearchAction","target":{"@type":"EntryPoint","urlTemplate":"https:\/\/www.psytra.fr\/?s={search_term_string}"},"query-input":{"@type":"PropertyValueSpecification","valueRequired":true,"valueName":"search_term_string"}}],"inLanguage":"fr-FR"}]}},"jetpack_sharing_enabled":true,"_links":{"self":[{"href":"https:\/\/www.psytra.fr\/index.php\/wp-json\/wp\/v2\/pages\/876","targetHints":{"allow":["GET"]}}],"collection":[{"href":"https:\/\/www.psytra.fr\/index.php\/wp-json\/wp\/v2\/pages"}],"about":[{"href":"https:\/\/www.psytra.fr\/index.php\/wp-json\/wp\/v2\/types\/page"}],"author":[{"embeddable":true,"href":"https:\/\/www.psytra.fr\/index.php\/wp-json\/wp\/v2\/users\/3"}],"replies":[{"embeddable":true,"href":"https:\/\/www.psytra.fr\/index.php\/wp-json\/wp\/v2\/comments?post=876"}],"version-history":[{"count":50,"href":"https:\/\/www.psytra.fr\/index.php\/wp-json\/wp\/v2\/pages\/876\/revisions"}],"predecessor-version":[{"id":1819,"href":"https:\/\/www.psytra.fr\/index.php\/wp-json\/wp\/v2\/pages\/876\/revisions\/1819"}],"wp:attachment":[{"href":"https:\/\/www.psytra.fr\/index.php\/wp-json\/wp\/v2\/media?parent=876"}],"curies":[{"name":"wp","href":"https:\/\/api.w.org\/{rel}","templated":true}]}}